{"id":2,"date":"2015-02-09T22:33:19","date_gmt":"2015-02-09T22:33:19","guid":{"rendered":"https:\/\/bohena.se\/bastu\/?page_id=2"},"modified":"2020-10-04T09:26:26","modified_gmt":"2020-10-04T09:26:26","slug":"hem","status":"publish","type":"page","link":"https:\/\/bohena.se\/bastu\/","title":{"rendered":"Hem"},"content":{"rendered":"\t\t<div data-elementor-type=\"wp-page\" data-elementor-id=\"2\" class=\"elementor elementor-2\">\n\t\t\t\t\t\t<section class=\"elementor-section elementor-top-section elementor-element elementor-element-33293ac8 elementor-section-boxed elementor-section-height-default elementor-section-height-default\" data-id=\"33293ac8\" data-element_type=\"section\" data-e-type=\"section\">\n\t\t\t\t\t\t<div class=\"elementor-container elementor-column-gap-default\">\n\t\t\t\t\t<div class=\"elementor-column elementor-col-100 elementor-top-column elementor-element elementor-element-1335b18d\" data-id=\"1335b18d\" data-element_type=\"column\" data-e-type=\"column\">\n\t\t\t<div class=\"elementor-widget-wrap elementor-element-populated\">\n\t\t\t\t\t\t<div class=\"elementor-element elementor-element-213c4c58 elementor-widget elementor-widget-text-editor\" data-id=\"213c4c58\" data-element_type=\"widget\" data-e-type=\"widget\" data-widget_type=\"text-editor.default\">\n\t\t\t\t<div class=\"elementor-widget-container\">\n\t\t\t\t\t\t\t\t\t<div id=\"wb_Text1\">&nbsp;<\/div>\n<a href=\"https:\/\/i0.wp.com\/bohena.se\/bastu\/wp-content\/uploads\/2015\/02\/Alfred3.jpg?ssl=1\"><img fetchpriority=\"high\" decoding=\"async\" data-attachment-id=\"6\" data-permalink=\"https:\/\/bohena.se\/bastu\/hem\/attachment\/alfred3\/\" data-orig-file=\"https:\/\/i0.wp.com\/bohena.se\/bastu\/wp-content\/uploads\/2015\/02\/Alfred3.jpg?fit=1197%2C807&amp;ssl=1\" data-orig-size=\"1197,807\" data-comments-opened=\"1\" data-image-meta=\"{&quot;aperture&quot;:&quot;0&quot;,&quot;credit&quot;:&quot;&quot;,&quot;camera&quot;:&quot;&quot;,&quot;caption&quot;:&quot;&quot;,&quot;created_timestamp&quot;:&quot;0&quot;,&quot;copyright&quot;:&quot;&quot;,&quot;focal_length&quot;:&quot;0&quot;,&quot;iso&quot;:&quot;0&quot;,&quot;shutter_speed&quot;:&quot;0&quot;,&quot;title&quot;:&quot;&quot;,&quot;orientation&quot;:&quot;0&quot;}\" data-image-title=\"Alfred3\" data-image-description=\"\" data-image-caption=\"\" data-medium-file=\"https:\/\/i0.wp.com\/bohena.se\/bastu\/wp-content\/uploads\/2015\/02\/Alfred3.jpg?fit=300%2C202&amp;ssl=1\" data-large-file=\"https:\/\/i0.wp.com\/bohena.se\/bastu\/wp-content\/uploads\/2015\/02\/Alfred3.jpg?fit=1024%2C690&amp;ssl=1\" data-recalc-dims=\"1\" class=\"aligncenter wp-image-6 size-full\" src=\"https:\/\/i0.wp.com\/bohena.se\/bastu\/wp-content\/uploads\/2015\/02\/Alfred3.jpg?resize=1106%2C746&#038;ssl=1\" alt=\"Rundabasrtun\" width=\"1106\" height=\"746\" srcset=\"https:\/\/i0.wp.com\/bohena.se\/bastu\/wp-content\/uploads\/2015\/02\/Alfred3.jpg?w=1197&amp;ssl=1 1197w, https:\/\/i0.wp.com\/bohena.se\/bastu\/wp-content\/uploads\/2015\/02\/Alfred3.jpg?resize=300%2C202&amp;ssl=1 300w, https:\/\/i0.wp.com\/bohena.se\/bastu\/wp-content\/uploads\/2015\/02\/Alfred3.jpg?resize=1024%2C690&amp;ssl=1 1024w, https:\/\/i0.wp.com\/bohena.se\/bastu\/wp-content\/uploads\/2015\/02\/Alfred3.jpg?resize=600%2C405&amp;ssl=1 600w\" sizes=\"(max-width: 1106px) 100vw, 1106px\" \/><\/a>\n<div id=\"google_translate_element\">&nbsp;<\/div>\n<script type=\"text\/javascript\"><br \/>\nfunction googleTranslateElementInit() {<br \/>\n  new google.translate.TranslateElement({pageLanguage: 'sv', layout: google.translate.TranslateElement.FloatPosition.TOP_LEFT}, 'google_translate_element');<br \/>\n}<br \/>\n<\/script><script type=\"text\/javascript\" src=\"\/\/translate.google.com\/translate_a\/element.js?cb=googleTranslateElementInit\"><\/script>\n<h1 style=\"text-align: center;\"><strong>V\u00e4lkommen att utforska marknadens sk\u00f6naste bastu<\/strong><\/h1>\n<div>Bastun levereras i byggsats med alla delar f\u00e4rdigbyggda, det enda som beh\u00f6vs vid monteringen \u00e4r, skruvdragare hammare och vattenpass, ingen yrkeskunskap beh\u00f6vs, l\u00e4ttf\u00f6ljda instruktioner i form av bildspel medf\u00f6ljer.<\/div>\n<div>&nbsp;<\/div>\n<div>Leveranstiden \u00e4r ca 3 veckor eller enligt \u00f6verenskommelse.<\/div>\n<div>&nbsp;<\/div>\n<div>Bastutunnan kan ocks\u00e5 med f\u00f6rdel monteras p\u00e5 en flotte s\u00e5 man f\u00e5r en flytbastu och o\u00f6vertr\u00e4ffad n\u00e4rhet till sj\u00f6n. <a href=\"http:\/\/www.arbetsflotte.se\/prislista\/\" target=\"_blank\" rel=\"noopener noreferrer\">Se prislista f\u00f6r flottar h\u00e4r<\/a>&nbsp;och <a href=\"https:\/\/bohena.se\/bastu\/prislista\/\">prislista f\u00f6r bastun h\u00e4r<\/a><\/div>\n<div>&nbsp;<\/div>\n<div>Inget avlopp beh\u00f6vs f\u00f6r utomhusbruk, genom det v\u00e4l utt\u00e4nkta och testade trallgolvet utan botten under f\u00e5r man avrinning och ventilation. Inget vatten samlas s\u00e5 bastun har alltid ett fr\u00e4scht klimat och ingen d\u00e5lig lukt eller m\u00f6gel bildas.<\/div>\n<div>\n<h3 style=\"text-align: center;\"><a href=\"https:\/\/bohena.se\/bastu\/golvsystem\/\"><span style=\"color: #ff0000;\">L\u00e4s mer h\u00e4r om vad som kan h\u00e4nda med en bastu med panel runt om<\/span><\/a><\/h3>\n<\/div>\n<div>\n\nByggmaterialet som anv\u00e4nds \u00e4r specialhyvlad och spontad gran av h\u00f6gsta kvalit\u00e9 fr\u00e5n norra Finland. Leveranstiden \u00e4r ca 3 veckor eller enligt \u00f6verenskommelse. Bastutunnan kan ocks\u00e5 med f\u00f6rdel monteras p\u00e5 en flotte s\u00e5 man f\u00e5r en flytbastu och o\u00f6vertr\u00e4ffad n\u00e4rhet till sj\u00f6n. Inget avlopp beh\u00f6vs f\u00f6r utomhusbruk, genom det v\u00e4l utt\u00e4nkta och testade trallgolvet utan botten under f\u00e5r man avrinning och ventilation. Inget vatten samlas s\u00e5 bastun har alltid ett fr\u00e4scht klimat och ingen d\u00e5lig lukt eller m\u00f6gel bildas. Kaminen kommer fr\u00e5n Harvia. Skorstenen har 10 \u00e5rs garanti, \u00e4r rostfri och brandisolerad med en 22 liters vattenv\u00e4rme (tillbeh\u00f6r) som tar tillvara p\u00e5 spillv\u00e4rmen. Skorstenen g\u00e5r inne i bastun, d\u00e4rf\u00f6r har vi en energieffektivare bastu som kan h\u00e5lla v\u00e4rmen i timmar efter att man slutat elda, bastun torkar d\u00e5 och \u00e4ven det bidrar till det goda klimatet.&nbsp;\n\nMontering tar ca 8 timmar och d\u00e5 \u00e4r bastun klar f\u00f6r anv\u00e4ndning. Alla delar \u00e4r f\u00e4rdigbyggda block fr\u00e5n fabriken. D\u00f6rrar och f\u00f6nster \u00e4r f\u00e4rdigmonterade och inglasade i fabriken. Bastupanelen \u00e4r f\u00e4rdigkapad och paketerad. Underh\u00e5llsfri takpapper \u201dshingel\u201d medf\u00f6ljer med tillh\u00f6rande spik. Nytt f\u00f6r i \u00e5r \u00e4r att vi kan leverera f\u00e4rdigbyggd bastu och bastu med helglas i bakv\u00e4ggen.&nbsp;\n\n<\/div>\n<div>OBS! Rundabastun kan \u00e4ven anv\u00e4ndas som \u00f6vernattningsstuga.<\/div>\n<div>&nbsp;<\/div>\n<div><img decoding=\"async\" data-attachment-id=\"131\" data-permalink=\"https:\/\/bohena.se\/bastu\/hem\/attachment\/img_5348-001\/\" data-orig-file=\"https:\/\/i0.wp.com\/bohena.se\/bastu\/wp-content\/uploads\/IMG_5348-001.jpg?fit=960%2C720&amp;ssl=1\" data-orig-size=\"960,720\" data-comments-opened=\"1\" data-image-meta=\"{&quot;aperture&quot;:&quot;0&quot;,&quot;credit&quot;:&quot;&quot;,&quot;camera&quot;:&quot;&quot;,&quot;caption&quot;:&quot;&quot;,&quot;created_timestamp&quot;:&quot;0&quot;,&quot;copyright&quot;:&quot;&quot;,&quot;focal_length&quot;:&quot;0&quot;,&quot;iso&quot;:&quot;0&quot;,&quot;shutter_speed&quot;:&quot;0&quot;,&quot;title&quot;:&quot;&quot;,&quot;orientation&quot;:&quot;0&quot;}\" data-image-title=\"IMG_5348-001\" data-image-description=\"\" data-image-caption=\"\" data-medium-file=\"https:\/\/i0.wp.com\/bohena.se\/bastu\/wp-content\/uploads\/IMG_5348-001.jpg?fit=300%2C225&amp;ssl=1\" data-large-file=\"https:\/\/i0.wp.com\/bohena.se\/bastu\/wp-content\/uploads\/IMG_5348-001.jpg?fit=960%2C720&amp;ssl=1\" data-recalc-dims=\"1\" class=\"alignnone size-full wp-image-131\" src=\"https:\/\/i0.wp.com\/bohena.se\/bastu\/wp-content\/uploads\/IMG_5348-001.jpg?resize=960%2C720&#038;ssl=1\" alt=\"\" width=\"960\" height=\"720\" srcset=\"https:\/\/i0.wp.com\/bohena.se\/bastu\/wp-content\/uploads\/IMG_5348-001.jpg?w=960&amp;ssl=1 960w, https:\/\/i0.wp.com\/bohena.se\/bastu\/wp-content\/uploads\/IMG_5348-001.jpg?resize=300%2C225&amp;ssl=1 300w, https:\/\/i0.wp.com\/bohena.se\/bastu\/wp-content\/uploads\/IMG_5348-001.jpg?resize=768%2C576&amp;ssl=1 768w, https:\/\/i0.wp.com\/bohena.se\/bastu\/wp-content\/uploads\/IMG_5348-001.jpg?resize=800%2C600&amp;ssl=1 800w\" sizes=\"(max-width: 960px) 100vw, 960px\" \/><\/div>\n<div>&nbsp;<\/div>\n<div style=\"text-align: center;\">o<\/div>\t\t\t\t\t\t\t\t<\/div>\n\t\t\t\t<\/div>\n\t\t\t\t\t<\/div>\n\t\t<\/div>\n\t\t\t\t\t<\/div>\n\t\t<\/section>\n\t\t\t\t<\/div>\n\t\t","protected":false},"excerpt":{"rendered":"<p>&nbsp; &nbsp; V\u00e4lkommen att utforska marknadens sk\u00f6naste bastu Bastun levereras i byggsats med alla delar f\u00e4rdigbyggda, det enda som beh\u00f6vs vid monteringen \u00e4r, skruvdragare hammare och vattenpass, ingen yrkeskunskap beh\u00f6vs, l\u00e4ttf\u00f6ljda instruktioner i form av bildspel medf\u00f6ljer. &nbsp; Leveranstiden \u00e4r ca 3 veckor eller enligt \u00f6verenskommelse. &nbsp; Bastutunnan kan ocks\u00e5 med f\u00f6rdel monteras p\u00e5 en [&hellip;]<\/p>\n","protected":false},"author":1,"featured_media":0,"parent":0,"menu_order":0,"comment_status":"closed","ping_status":"closed","template":"","meta":{"ngg_post_thumbnail":0,"footnotes":""},"class_list":["post-2","page","type-page","status-publish","hentry"],"yoast_head":"<!-- This site is optimized with the Yoast SEO Premium plugin v23.6 (Yoast SEO v26.8) - https:\/\/yoast.com\/product\/yoast-seo-premium-wordpress\/ -->\n<title>Hem - Bastutunnan<\/title>\n<meta name=\"description\" content=\"Bastun levereras i byggsats med alla delar f\u00e4rdigbyggda, det enda som beh\u00f6vs vid monteringen \u00e4r, skruvdragare hammare och vattenpass.\" \/>\n<meta name=\"robots\" content=\"index, follow, max-snippet:-1, max-image-preview:large, max-video-preview:-1\" \/>\n<link rel=\"canonical\" href=\"https:\/\/bohena.se\/bastu\/\" \/>\n<meta property=\"og:locale\" content=\"sv_SE\" \/>\n<meta property=\"og:type\" content=\"article\" \/>\n<meta property=\"og:title\" content=\"Hem\" \/>\n<meta property=\"og:description\" content=\"&nbsp; &nbsp; V\u00e4lkommen att utforska marknadens sk\u00f6naste bastu Bastun levereras i byggsats med alla delar f\u00e4rdigbyggda, det enda som beh\u00f6vs vid\" \/>\n<meta property=\"og:url\" content=\"https:\/\/bohena.se\/bastu\/\" \/>\n<meta property=\"og:site_name\" content=\"Bastutunnan\" \/>\n<meta property=\"article:publisher\" content=\"https:\/\/www.facebook.com\/bastutunnan\/\" \/>\n<meta property=\"article:modified_time\" content=\"2020-10-04T09:26:26+00:00\" \/>\n<meta property=\"og:image\" content=\"https:\/\/bohena.se\/bastu\/wp-content\/uploads\/2015\/02\/Alfred3.jpg\" \/>\n<meta name=\"twitter:card\" content=\"summary_large_image\" \/>\n<meta name=\"twitter:label1\" content=\"Ber\u00e4knad l\u00e4stid\" \/>\n\t<meta name=\"twitter:data1\" content=\"2 minuter\" \/>\n<script type=\"application\/ld+json\" class=\"yoast-schema-graph\">{\"@context\":\"https:\/\/schema.org\",\"@graph\":[{\"@type\":\"WebPage\",\"@id\":\"https:\/\/bohena.se\/bastu\/\",\"url\":\"https:\/\/bohena.se\/bastu\/\",\"name\":\"Hem - Bastutunnan\",\"isPartOf\":{\"@id\":\"https:\/\/bohena.se\/bastu\/#website\"},\"primaryImageOfPage\":{\"@id\":\"https:\/\/bohena.se\/bastu\/#primaryimage\"},\"image\":{\"@id\":\"https:\/\/bohena.se\/bastu\/#primaryimage\"},\"thumbnailUrl\":\"https:\/\/bohena.se\/bastu\/wp-content\/uploads\/2015\/02\/Alfred3.jpg\",\"datePublished\":\"2015-02-09T22:33:19+00:00\",\"dateModified\":\"2020-10-04T09:26:26+00:00\",\"description\":\"Bastun levereras i byggsats med alla delar f\u00e4rdigbyggda, det enda som beh\u00f6vs vid monteringen \u00e4r, skruvdragare hammare och vattenpass.\",\"breadcrumb\":{\"@id\":\"https:\/\/bohena.se\/bastu\/#breadcrumb\"},\"inLanguage\":\"sv-SE\",\"potentialAction\":[{\"@type\":\"ReadAction\",\"target\":[\"https:\/\/bohena.se\/bastu\/\"]}]},{\"@type\":\"ImageObject\",\"inLanguage\":\"sv-SE\",\"@id\":\"https:\/\/bohena.se\/bastu\/#primaryimage\",\"url\":\"https:\/\/i0.wp.com\/bohena.se\/bastu\/wp-content\/uploads\/2015\/02\/Alfred3.jpg?fit=1197%2C807&ssl=1\",\"contentUrl\":\"https:\/\/i0.wp.com\/bohena.se\/bastu\/wp-content\/uploads\/2015\/02\/Alfred3.jpg?fit=1197%2C807&ssl=1\",\"width\":1197,\"height\":807,\"caption\":\"Rundabasrtun\"},{\"@type\":\"BreadcrumbList\",\"@id\":\"https:\/\/bohena.se\/bastu\/#breadcrumb\",\"itemListElement\":[{\"@type\":\"ListItem\",\"position\":1,\"name\":\"Home\",\"item\":\"https:\/\/bohena.se\/bastu\/\"},{\"@type\":\"ListItem\",\"position\":2,\"name\":\"Hem\"}]},{\"@type\":\"WebSite\",\"@id\":\"https:\/\/bohena.se\/bastu\/#website\",\"url\":\"https:\/\/bohena.se\/bastu\/\",\"name\":\"Bastutunnan\",\"description\":\"Marknadens sk\u00f6naste bastu\",\"publisher\":{\"@id\":\"https:\/\/bohena.se\/bastu\/#organization\"},\"potentialAction\":[{\"@type\":\"SearchAction\",\"target\":{\"@type\":\"EntryPoint\",\"urlTemplate\":\"https:\/\/bohena.se\/bastu\/?s={search_term_string}\"},\"query-input\":{\"@type\":\"PropertyValueSpecification\",\"valueRequired\":true,\"valueName\":\"search_term_string\"}}],\"inLanguage\":\"sv-SE\"},{\"@type\":\"Organization\",\"@id\":\"https:\/\/bohena.se\/bastu\/#organization\",\"name\":\"Bohena AB\",\"url\":\"https:\/\/bohena.se\/bastu\/\",\"logo\":{\"@type\":\"ImageObject\",\"inLanguage\":\"sv-SE\",\"@id\":\"https:\/\/bohena.se\/bastu\/#\/schema\/logo\/image\/\",\"url\":\"https:\/\/i1.wp.com\/bohena.se\/bastu\/wp-content\/uploads\/Bohena_s21.jpg?fit=741%2C86&ssl=1\",\"contentUrl\":\"https:\/\/i1.wp.com\/bohena.se\/bastu\/wp-content\/uploads\/Bohena_s21.jpg?fit=741%2C86&ssl=1\",\"width\":741,\"height\":86,\"caption\":\"Bohena AB\"},\"image\":{\"@id\":\"https:\/\/bohena.se\/bastu\/#\/schema\/logo\/image\/\"},\"sameAs\":[\"https:\/\/www.facebook.com\/bastutunnan\/\",\"https:\/\/www.youtube.com\/channel\/UC8C4nMoD2GBxcCJCIXo9EWA?view_as=subscriber\"]}]}<\/script>\n<!-- \/ Yoast SEO Premium plugin. -->","yoast_head_json":{"title":"Hem - Bastutunnan","description":"Bastun levereras i byggsats med alla delar f\u00e4rdigbyggda, det enda som beh\u00f6vs vid monteringen \u00e4r, skruvdragare hammare och vattenpass.","robots":{"index":"index","follow":"follow","max-snippet":"max-snippet:-1","max-image-preview":"max-image-preview:large","max-video-preview":"max-video-preview:-1"},"canonical":"https:\/\/bohena.se\/bastu\/","og_locale":"sv_SE","og_type":"article","og_title":"Hem","og_description":"&nbsp; &nbsp; V\u00e4lkommen att utforska marknadens sk\u00f6naste bastu Bastun levereras i byggsats med alla delar f\u00e4rdigbyggda, det enda som beh\u00f6vs vid","og_url":"https:\/\/bohena.se\/bastu\/","og_site_name":"Bastutunnan","article_publisher":"https:\/\/www.facebook.com\/bastutunnan\/","article_modified_time":"2020-10-04T09:26:26+00:00","og_image":[{"url":"https:\/\/bohena.se\/bastu\/wp-content\/uploads\/2015\/02\/Alfred3.jpg","type":"","width":"","height":""}],"twitter_card":"summary_large_image","twitter_misc":{"Ber\u00e4knad l\u00e4stid":"2 minuter"},"schema":{"@context":"https:\/\/schema.org","@graph":[{"@type":"WebPage","@id":"https:\/\/bohena.se\/bastu\/","url":"https:\/\/bohena.se\/bastu\/","name":"Hem - Bastutunnan","isPartOf":{"@id":"https:\/\/bohena.se\/bastu\/#website"},"primaryImageOfPage":{"@id":"https:\/\/bohena.se\/bastu\/#primaryimage"},"image":{"@id":"https:\/\/bohena.se\/bastu\/#primaryimage"},"thumbnailUrl":"https:\/\/bohena.se\/bastu\/wp-content\/uploads\/2015\/02\/Alfred3.jpg","datePublished":"2015-02-09T22:33:19+00:00","dateModified":"2020-10-04T09:26:26+00:00","description":"Bastun levereras i byggsats med alla delar f\u00e4rdigbyggda, det enda som beh\u00f6vs vid monteringen \u00e4r, skruvdragare hammare och vattenpass.","breadcrumb":{"@id":"https:\/\/bohena.se\/bastu\/#breadcrumb"},"inLanguage":"sv-SE","potentialAction":[{"@type":"ReadAction","target":["https:\/\/bohena.se\/bastu\/"]}]},{"@type":"ImageObject","inLanguage":"sv-SE","@id":"https:\/\/bohena.se\/bastu\/#primaryimage","url":"https:\/\/i0.wp.com\/bohena.se\/bastu\/wp-content\/uploads\/2015\/02\/Alfred3.jpg?fit=1197%2C807&ssl=1","contentUrl":"https:\/\/i0.wp.com\/bohena.se\/bastu\/wp-content\/uploads\/2015\/02\/Alfred3.jpg?fit=1197%2C807&ssl=1","width":1197,"height":807,"caption":"Rundabasrtun"},{"@type":"BreadcrumbList","@id":"https:\/\/bohena.se\/bastu\/#breadcrumb","itemListElement":[{"@type":"ListItem","position":1,"name":"Home","item":"https:\/\/bohena.se\/bastu\/"},{"@type":"ListItem","position":2,"name":"Hem"}]},{"@type":"WebSite","@id":"https:\/\/bohena.se\/bastu\/#website","url":"https:\/\/bohena.se\/bastu\/","name":"Bastutunnan","description":"Marknadens sk\u00f6naste bastu","publisher":{"@id":"https:\/\/bohena.se\/bastu\/#organization"},"potentialAction":[{"@type":"SearchAction","target":{"@type":"EntryPoint","urlTemplate":"https:\/\/bohena.se\/bastu\/?s={search_term_string}"},"query-input":{"@type":"PropertyValueSpecification","valueRequired":true,"valueName":"search_term_string"}}],"inLanguage":"sv-SE"},{"@type":"Organization","@id":"https:\/\/bohena.se\/bastu\/#organization","name":"Bohena AB","url":"https:\/\/bohena.se\/bastu\/","logo":{"@type":"ImageObject","inLanguage":"sv-SE","@id":"https:\/\/bohena.se\/bastu\/#\/schema\/logo\/image\/","url":"https:\/\/i1.wp.com\/bohena.se\/bastu\/wp-content\/uploads\/Bohena_s21.jpg?fit=741%2C86&ssl=1","contentUrl":"https:\/\/i1.wp.com\/bohena.se\/bastu\/wp-content\/uploads\/Bohena_s21.jpg?fit=741%2C86&ssl=1","width":741,"height":86,"caption":"Bohena AB"},"image":{"@id":"https:\/\/bohena.se\/bastu\/#\/schema\/logo\/image\/"},"sameAs":["https:\/\/www.facebook.com\/bastutunnan\/","https:\/\/www.youtube.com\/channel\/UC8C4nMoD2GBxcCJCIXo9EWA?view_as=subscriber"]}]}},"jetpack_shortlink":"https:\/\/wp.me\/P5JvRJ-2","jetpack_likes_enabled":true,"jetpack_sharing_enabled":true,"_links":{"self":[{"href":"https:\/\/bohena.se\/bastu\/wp-json\/wp\/v2\/pages\/2","targetHints":{"allow":["GET"]}}],"collection":[{"href":"https:\/\/bohena.se\/bastu\/wp-json\/wp\/v2\/pages"}],"about":[{"href":"https:\/\/bohena.se\/bastu\/wp-json\/wp\/v2\/types\/page"}],"author":[{"embeddable":true,"href":"https:\/\/bohena.se\/bastu\/wp-json\/wp\/v2\/users\/1"}],"replies":[{"embeddable":true,"href":"https:\/\/bohena.se\/bastu\/wp-json\/wp\/v2\/comments?post=2"}],"version-history":[{"count":31,"href":"https:\/\/bohena.se\/bastu\/wp-json\/wp\/v2\/pages\/2\/revisions"}],"predecessor-version":[{"id":773,"href":"https:\/\/bohena.se\/bastu\/wp-json\/wp\/v2\/pages\/2\/revisions\/773"}],"wp:attachment":[{"href":"https:\/\/bohena.se\/bastu\/wp-json\/wp\/v2\/media?parent=2"}],"curies":[{"name":"wp","href":"https:\/\/api.w.org\/{rel}","templated":true}]}}