{"id":257,"date":"2018-10-05T14:27:56","date_gmt":"2018-10-05T14:27:56","guid":{"rendered":"https:\/\/bohena.se\/bastu\/?page_id=257"},"modified":"2018-10-05T14:27:56","modified_gmt":"2018-10-05T14:27:56","slug":"golvsystem","status":"publish","type":"page","link":"https:\/\/bohena.se\/bastu\/golvsystem\/","title":{"rendered":"Golvsystem"},"content":{"rendered":"<p><img data-recalc-dims=\"1\" fetchpriority=\"high\" decoding=\"async\" class=\"alignnone wp-image-643\" src=\"https:\/\/i0.wp.com\/bastutunnan.se\/wordpress\/wp-content\/uploads\/2018\/08\/IMG_4465-003-001.jpg?resize=1024%2C785\" alt=\"\" width=\"1024\" height=\"785\"><\/p>\n<h3 style=\"text-align: center;\"><strong>Samma golvsystem i v\u00e5r bastu nedan som i den \u00f6ver 60 \u00e5r gamla bastun ovan<\/strong><\/h3>\n<p><img data-recalc-dims=\"1\" decoding=\"async\" class=\"alignnone size-large wp-image-649\" src=\"https:\/\/i0.wp.com\/bastutunnan.se\/wordpress\/wp-content\/uploads\/2018\/09\/bastu1-1024x1024.png?resize=1024%2C1024\" alt=\"\" width=\"1024\" height=\"1024\"><\/p>\n<p>Samma trallgolvsystem utan underliggande panel som \u00e4r testad \u00f6ver 60 \u00e5r.&nbsp; Ingen m\u00f6gel \/svamp f\u00f6rekommer och bidrar det till god ventilation som noggrant uppm\u00e4tt och testad, dessutom f\u00e5r man mycket bra syre intag och bra varmluftcirkulation vid bastubad.<\/p>\n<p>Vi har importerat kunskapen hur man bygger fr\u00e5n bastulandet Finland med det \u00f6ppna golvsystemet. Vi b\u00f6rjade tillverka bastutunnor f\u00f6r \u00f6ver 20 \u00e5r sedan och vi \u00e4r den f\u00f6rsta tillverkaren av bastutunnor vilket var en helt ny produkt i Sverige d\u00e5 vi lanserade Alfreds Design original bastutunna.<\/p>\n<p>S\u00e5h\u00e4r kan det se ut under trallen i en bastutunna utan \u00f6ppet golv.<\/p>\n<div id=\"attachment_648\" style=\"width: 1034px\" class=\"wp-caption alignnone\"><img data-recalc-dims=\"1\" decoding=\"async\" aria-describedby=\"caption-attachment-648\" class=\"size-large wp-image-648\" src=\"https:\/\/i0.wp.com\/bastutunnan.se\/wordpress\/wp-content\/uploads\/2018\/09\/ruttetgolv-1024x450.jpg?resize=1024%2C450\" alt=\"\" width=\"1024\" height=\"450\"><p id=\"caption-attachment-648\" class=\"wp-caption-text\">Exempel vad som kan h\u00e4nda n\u00e4r man inte har \u00f6ppet golv i bastun<\/p><\/div>\n<div id=\"attachment_656\" style=\"width: 1034px\" class=\"wp-caption alignnone\"><img data-recalc-dims=\"1\" loading=\"lazy\" decoding=\"async\" aria-describedby=\"caption-attachment-656\" class=\"size-large wp-image-656\" src=\"https:\/\/i0.wp.com\/bastutunnan.se\/wordpress\/wp-content\/uploads\/2018\/09\/felgolv-1024x563.jpg?resize=1024%2C563\" alt=\"\" width=\"1024\" height=\"563\"><p id=\"caption-attachment-656\" class=\"wp-caption-text\">Konkurrents slutna golv<\/p><\/div>\n<p>Under alla dessa \u00e5r har det dykt upp m\u00e5nga olika bastutunna tillverkare.<\/p>\n<p>Vi tycker att det \u00e4r bra med seri\u00f6sa konkurrenter men tyv\u00e4rr har det visat sig&nbsp; att det finns olika tillverkare som inte har n\u00e5gon&nbsp; bastutunna kunskap.&nbsp; De tillverkar t\u00e4ta bastutunnor som man st\u00e4ller p\u00e5 backen. Nedre delen av golvpanelen under trallen torkar aldrig och detta bidrar till m\u00f6gel, svamp och att golvpanelen ruttnar smygande under golvtrallen. Man andas in denna skadliga stillast\u00e5ende luft och det blir ingen syres\u00e4ttning, ingen luftcirkulation i den t\u00e4ta tunnan vilket sannolikt kommer vara bidragande orsak till olika h\u00e4lsoproblem.&nbsp; H\u00e4lsov\u00e5rdsmyndigheten borde helt f\u00f6rbjuda dessa p\u00e5 marknaden d\u00e5 det \u00e4r \u00e4ven mycket allvarligt att kunder blir manipulerande och vilseledda av dessa oseri\u00f6sa tillverkare.<\/p>\n<p>Vi k\u00e4nner oss skyldiga att visa dessa bilder f\u00f6r att varna och visa verkligheten om vad som h\u00e4nder&nbsp;&nbsp; n\u00e4r man bygger bastutunnan p\u00e5 fel s\u00e4tt.&nbsp; Bilderna har vi f\u00e5tt fr\u00e5n mycket missn\u00f6jd kund. Tyv\u00e4rr finns det ett stort antal missn\u00f6jda kunder som har blivit manipulerande och vilseledda att k\u00f6pa dessa h\u00e4lsoskadliga bastutunnor.<\/p>\n<p>Vi s\u00e4ljer \/ tillverkar inte bastutunnor f\u00f6r bara vinstens skull utan vi tar ett stort ansvar och garanterar att v\u00e5ra kunder som har k\u00f6pt \/ k\u00f6per bastutunnan fr\u00e5n oss ocks\u00e5 m\u00e5r bra under och efter bastubad.<\/p>\n","protected":false},"excerpt":{"rendered":"<p>Samma golvsystem i v\u00e5r bastu nedan som i den \u00f6ver 60 \u00e5r gamla bastun ovan Samma trallgolvsystem utan underliggande panel som \u00e4r testad \u00f6ver 60 \u00e5r.&nbsp; Ingen m\u00f6gel \/svamp f\u00f6rekommer och bidrar det till god ventilation som noggrant uppm\u00e4tt och testad, dessutom f\u00e5r man mycket bra syre intag och bra varmluftcirkulation vid bastubad. Vi har [&hellip;]<\/p>\n","protected":false},"author":1,"featured_media":0,"parent":0,"menu_order":0,"comment_status":"closed","ping_status":"closed","template":"","meta":{"ngg_post_thumbnail":0,"footnotes":""},"class_list":["post-257","page","type-page","status-publish","hentry"],"yoast_head":"<!-- This site is optimized with the Yoast SEO Premium plugin v23.6 (Yoast SEO v26.8) - https:\/\/yoast.com\/product\/yoast-seo-premium-wordpress\/ -->\n<title>Golvsystem - Bastutunnan<\/title>\n<meta name=\"robots\" content=\"index, follow, max-snippet:-1, max-image-preview:large, max-video-preview:-1\" \/>\n<link rel=\"canonical\" href=\"https:\/\/bohena.se\/bastu\/golvsystem\/\" \/>\n<meta property=\"og:locale\" content=\"sv_SE\" \/>\n<meta property=\"og:type\" content=\"article\" \/>\n<meta property=\"og:title\" content=\"Golvsystem\" \/>\n<meta property=\"og:description\" content=\"Samma golvsystem i v\u00e5r bastu nedan som i den \u00f6ver 60 \u00e5r gamla bastun ovan Samma trallgolvsystem utan underliggande panel som \u00e4r testad \u00f6ver 60 \u00e5r.&nbsp;\" \/>\n<meta property=\"og:url\" content=\"https:\/\/bohena.se\/bastu\/golvsystem\/\" \/>\n<meta property=\"og:site_name\" content=\"Bastutunnan\" \/>\n<meta property=\"article:publisher\" content=\"https:\/\/www.facebook.com\/bastutunnan\/\" \/>\n<meta property=\"og:image\" content=\"http:\/\/bastutunnan.se\/wordpress\/wp-content\/uploads\/2018\/08\/IMG_4465-003-001.jpg\" \/>\n<meta name=\"twitter:card\" content=\"summary_large_image\" \/>\n<meta name=\"twitter:label1\" content=\"Ber\u00e4knad l\u00e4stid\" \/>\n\t<meta name=\"twitter:data1\" content=\"2 minuter\" \/>\n<script type=\"application\/ld+json\" class=\"yoast-schema-graph\">{\"@context\":\"https:\/\/schema.org\",\"@graph\":[{\"@type\":\"WebPage\",\"@id\":\"https:\/\/bohena.se\/bastu\/golvsystem\/\",\"url\":\"https:\/\/bohena.se\/bastu\/golvsystem\/\",\"name\":\"Golvsystem - Bastutunnan\",\"isPartOf\":{\"@id\":\"https:\/\/bohena.se\/bastu\/#website\"},\"primaryImageOfPage\":{\"@id\":\"https:\/\/bohena.se\/bastu\/golvsystem\/#primaryimage\"},\"image\":{\"@id\":\"https:\/\/bohena.se\/bastu\/golvsystem\/#primaryimage\"},\"thumbnailUrl\":\"http:\/\/bastutunnan.se\/wordpress\/wp-content\/uploads\/2018\/08\/IMG_4465-003-001.jpg\",\"datePublished\":\"2018-10-05T14:27:56+00:00\",\"breadcrumb\":{\"@id\":\"https:\/\/bohena.se\/bastu\/golvsystem\/#breadcrumb\"},\"inLanguage\":\"sv-SE\",\"potentialAction\":[{\"@type\":\"ReadAction\",\"target\":[\"https:\/\/bohena.se\/bastu\/golvsystem\/\"]}]},{\"@type\":\"ImageObject\",\"inLanguage\":\"sv-SE\",\"@id\":\"https:\/\/bohena.se\/bastu\/golvsystem\/#primaryimage\",\"url\":\"http:\/\/bastutunnan.se\/wordpress\/wp-content\/uploads\/2018\/08\/IMG_4465-003-001.jpg\",\"contentUrl\":\"http:\/\/bastutunnan.se\/wordpress\/wp-content\/uploads\/2018\/08\/IMG_4465-003-001.jpg\"},{\"@type\":\"BreadcrumbList\",\"@id\":\"https:\/\/bohena.se\/bastu\/golvsystem\/#breadcrumb\",\"itemListElement\":[{\"@type\":\"ListItem\",\"position\":1,\"name\":\"Home\",\"item\":\"https:\/\/bohena.se\/bastu\/\"},{\"@type\":\"ListItem\",\"position\":2,\"name\":\"Golvsystem\"}]},{\"@type\":\"WebSite\",\"@id\":\"https:\/\/bohena.se\/bastu\/#website\",\"url\":\"https:\/\/bohena.se\/bastu\/\",\"name\":\"Bastutunnan\",\"description\":\"Marknadens sk\u00f6naste bastu\",\"publisher\":{\"@id\":\"https:\/\/bohena.se\/bastu\/#organization\"},\"potentialAction\":[{\"@type\":\"SearchAction\",\"target\":{\"@type\":\"EntryPoint\",\"urlTemplate\":\"https:\/\/bohena.se\/bastu\/?s={search_term_string}\"},\"query-input\":{\"@type\":\"PropertyValueSpecification\",\"valueRequired\":true,\"valueName\":\"search_term_string\"}}],\"inLanguage\":\"sv-SE\"},{\"@type\":\"Organization\",\"@id\":\"https:\/\/bohena.se\/bastu\/#organization\",\"name\":\"Bohena AB\",\"url\":\"https:\/\/bohena.se\/bastu\/\",\"logo\":{\"@type\":\"ImageObject\",\"inLanguage\":\"sv-SE\",\"@id\":\"https:\/\/bohena.se\/bastu\/#\/schema\/logo\/image\/\",\"url\":\"https:\/\/i1.wp.com\/bohena.se\/bastu\/wp-content\/uploads\/Bohena_s21.jpg?fit=741%2C86&ssl=1\",\"contentUrl\":\"https:\/\/i1.wp.com\/bohena.se\/bastu\/wp-content\/uploads\/Bohena_s21.jpg?fit=741%2C86&ssl=1\",\"width\":741,\"height\":86,\"caption\":\"Bohena AB\"},\"image\":{\"@id\":\"https:\/\/bohena.se\/bastu\/#\/schema\/logo\/image\/\"},\"sameAs\":[\"https:\/\/www.facebook.com\/bastutunnan\/\",\"https:\/\/www.youtube.com\/channel\/UC8C4nMoD2GBxcCJCIXo9EWA?view_as=subscriber\"]}]}<\/script>\n<!-- \/ Yoast SEO Premium plugin. -->","yoast_head_json":{"title":"Golvsystem - Bastutunnan","robots":{"index":"index","follow":"follow","max-snippet":"max-snippet:-1","max-image-preview":"max-image-preview:large","max-video-preview":"max-video-preview:-1"},"canonical":"https:\/\/bohena.se\/bastu\/golvsystem\/","og_locale":"sv_SE","og_type":"article","og_title":"Golvsystem","og_description":"Samma golvsystem i v\u00e5r bastu nedan som i den \u00f6ver 60 \u00e5r gamla bastun ovan Samma trallgolvsystem utan underliggande panel som \u00e4r testad \u00f6ver 60 \u00e5r.&nbsp;","og_url":"https:\/\/bohena.se\/bastu\/golvsystem\/","og_site_name":"Bastutunnan","article_publisher":"https:\/\/www.facebook.com\/bastutunnan\/","og_image":[{"url":"http:\/\/bastutunnan.se\/wordpress\/wp-content\/uploads\/2018\/08\/IMG_4465-003-001.jpg","type":"","width":"","height":""}],"twitter_card":"summary_large_image","twitter_misc":{"Ber\u00e4knad l\u00e4stid":"2 minuter"},"schema":{"@context":"https:\/\/schema.org","@graph":[{"@type":"WebPage","@id":"https:\/\/bohena.se\/bastu\/golvsystem\/","url":"https:\/\/bohena.se\/bastu\/golvsystem\/","name":"Golvsystem - Bastutunnan","isPartOf":{"@id":"https:\/\/bohena.se\/bastu\/#website"},"primaryImageOfPage":{"@id":"https:\/\/bohena.se\/bastu\/golvsystem\/#primaryimage"},"image":{"@id":"https:\/\/bohena.se\/bastu\/golvsystem\/#primaryimage"},"thumbnailUrl":"http:\/\/bastutunnan.se\/wordpress\/wp-content\/uploads\/2018\/08\/IMG_4465-003-001.jpg","datePublished":"2018-10-05T14:27:56+00:00","breadcrumb":{"@id":"https:\/\/bohena.se\/bastu\/golvsystem\/#breadcrumb"},"inLanguage":"sv-SE","potentialAction":[{"@type":"ReadAction","target":["https:\/\/bohena.se\/bastu\/golvsystem\/"]}]},{"@type":"ImageObject","inLanguage":"sv-SE","@id":"https:\/\/bohena.se\/bastu\/golvsystem\/#primaryimage","url":"http:\/\/bastutunnan.se\/wordpress\/wp-content\/uploads\/2018\/08\/IMG_4465-003-001.jpg","contentUrl":"http:\/\/bastutunnan.se\/wordpress\/wp-content\/uploads\/2018\/08\/IMG_4465-003-001.jpg"},{"@type":"BreadcrumbList","@id":"https:\/\/bohena.se\/bastu\/golvsystem\/#breadcrumb","itemListElement":[{"@type":"ListItem","position":1,"name":"Home","item":"https:\/\/bohena.se\/bastu\/"},{"@type":"ListItem","position":2,"name":"Golvsystem"}]},{"@type":"WebSite","@id":"https:\/\/bohena.se\/bastu\/#website","url":"https:\/\/bohena.se\/bastu\/","name":"Bastutunnan","description":"Marknadens sk\u00f6naste bastu","publisher":{"@id":"https:\/\/bohena.se\/bastu\/#organization"},"potentialAction":[{"@type":"SearchAction","target":{"@type":"EntryPoint","urlTemplate":"https:\/\/bohena.se\/bastu\/?s={search_term_string}"},"query-input":{"@type":"PropertyValueSpecification","valueRequired":true,"valueName":"search_term_string"}}],"inLanguage":"sv-SE"},{"@type":"Organization","@id":"https:\/\/bohena.se\/bastu\/#organization","name":"Bohena AB","url":"https:\/\/bohena.se\/bastu\/","logo":{"@type":"ImageObject","inLanguage":"sv-SE","@id":"https:\/\/bohena.se\/bastu\/#\/schema\/logo\/image\/","url":"https:\/\/i1.wp.com\/bohena.se\/bastu\/wp-content\/uploads\/Bohena_s21.jpg?fit=741%2C86&ssl=1","contentUrl":"https:\/\/i1.wp.com\/bohena.se\/bastu\/wp-content\/uploads\/Bohena_s21.jpg?fit=741%2C86&ssl=1","width":741,"height":86,"caption":"Bohena AB"},"image":{"@id":"https:\/\/bohena.se\/bastu\/#\/schema\/logo\/image\/"},"sameAs":["https:\/\/www.facebook.com\/bastutunnan\/","https:\/\/www.youtube.com\/channel\/UC8C4nMoD2GBxcCJCIXo9EWA?view_as=subscriber"]}]}},"jetpack_shortlink":"https:\/\/wp.me\/P5JvRJ-49","jetpack_likes_enabled":true,"jetpack_sharing_enabled":true,"_links":{"self":[{"href":"https:\/\/bohena.se\/bastu\/wp-json\/wp\/v2\/pages\/257","targetHints":{"allow":["GET"]}}],"collection":[{"href":"https:\/\/bohena.se\/bastu\/wp-json\/wp\/v2\/pages"}],"about":[{"href":"https:\/\/bohena.se\/bastu\/wp-json\/wp\/v2\/types\/page"}],"author":[{"embeddable":true,"href":"https:\/\/bohena.se\/bastu\/wp-json\/wp\/v2\/users\/1"}],"replies":[{"embeddable":true,"href":"https:\/\/bohena.se\/bastu\/wp-json\/wp\/v2\/comments?post=257"}],"version-history":[{"count":1,"href":"https:\/\/bohena.se\/bastu\/wp-json\/wp\/v2\/pages\/257\/revisions"}],"predecessor-version":[{"id":258,"href":"https:\/\/bohena.se\/bastu\/wp-json\/wp\/v2\/pages\/257\/revisions\/258"}],"wp:attachment":[{"href":"https:\/\/bohena.se\/bastu\/wp-json\/wp\/v2\/media?parent=257"}],"curies":[{"name":"wp","href":"https:\/\/api.w.org\/{rel}","templated":true}]}}