{"id":2358,"date":"2022-12-04T14:06:14","date_gmt":"2022-12-04T13:06:14","guid":{"rendered":"https:\/\/bohena.se\/jarnhasten\/?page_id=2358"},"modified":"2025-01-29T14:14:14","modified_gmt":"2025-01-29T13:14:14","slug":"jamforelse-jarnhasten-modeller","status":"publish","type":"page","link":"https:\/\/bohena.se\/jarnhasten\/jamforelse-jarnhasten-modeller\/","title":{"rendered":"Modeller"},"content":{"rendered":"\t\t<div data-elementor-type=\"wp-page\" data-elementor-id=\"2358\" class=\"elementor elementor-2358\" data-elementor-post-type=\"page\">\n\t\t\t\t\t\t<section class=\"elementor-section elementor-top-section elementor-element elementor-element-a18dcea elementor-section-boxed elementor-section-height-default elementor-section-height-default\" data-id=\"a18dcea\" data-element_type=\"section\" data-e-type=\"section\">\n\t\t\t\t\t\t<div class=\"elementor-container elementor-column-gap-default\">\n\t\t\t\t\t<div class=\"elementor-column elementor-col-100 elementor-top-column elementor-element elementor-element-bf125e3\" data-id=\"bf125e3\" data-element_type=\"column\" data-e-type=\"column\">\n\t\t\t<div class=\"elementor-widget-wrap elementor-element-populated\">\n\t\t\t\t\t\t<div class=\"elementor-element elementor-element-6bb84f1 elementor-widget elementor-widget-heading\" data-id=\"6bb84f1\" data-element_type=\"widget\" data-e-type=\"widget\" data-widget_type=\"heading.default\">\n\t\t\t\t<div class=\"elementor-widget-container\">\n\t\t\t\t\t<h2 class=\"elementor-heading-title elementor-size-default\">J\u00e4mf\u00f6relse J\u00e4rnh\u00e4sten modeller<\/h2>\t\t\t\t<\/div>\n\t\t\t\t<\/div>\n\t\t\t\t<div class=\"elementor-element elementor-element-c2ad778 elementor-widget elementor-widget-text-editor\" data-id=\"c2ad778\" data-element_type=\"widget\" data-e-type=\"widget\" data-widget_type=\"text-editor.default\">\n\t\t\t\t<div class=\"elementor-widget-container\">\n\t\t\t\t\t\t\t\t\t<h6 style=\"text-align: center;\">Tekniskbeskrivning, m\u00e5tt, vikt mm<\/h6>\t\t\t\t\t\t\t\t<\/div>\n\t\t\t\t<\/div>\n\t\t\t\t\t<\/div>\n\t\t<\/div>\n\t\t\t\t\t<\/div>\n\t\t<\/section>\n\t\t\t\t<section class=\"elementor-section elementor-top-section elementor-element elementor-element-437b329 elementor-section-boxed elementor-section-height-default elementor-section-height-default\" data-id=\"437b329\" data-element_type=\"section\" data-e-type=\"section\">\n\t\t\t\t\t\t<div class=\"elementor-container elementor-column-gap-default\">\n\t\t\t\t\t<div class=\"elementor-column elementor-col-100 elementor-top-column elementor-element elementor-element-292a75d\" data-id=\"292a75d\" data-element_type=\"column\" data-e-type=\"column\">\n\t\t\t<div class=\"elementor-widget-wrap elementor-element-populated\">\n\t\t\t\t\t\t<div class=\"elementor-element elementor-element-47fdd50 elementor-widget elementor-widget-image\" data-id=\"47fdd50\" data-element_type=\"widget\" data-e-type=\"widget\" data-widget_type=\"image.default\">\n\t\t\t\t<div class=\"elementor-widget-container\">\n\t\t\t\t\t\t\t\t\t\t\t\t\t\t\t\t<a href=\"https:\/\/i0.wp.com\/bohena.se\/jarnhasten\/wp-content\/uploads\/Jarnhasten-jamforelse-scaled.jpg?ssl=1\" data-elementor-open-lightbox=\"yes\" data-elementor-lightbox-title=\"J\u00e4rnh\u00e4sten-j\u00e4mf\u00f6relse\" data-e-action-hash=\"#elementor-action%3Aaction%3Dlightbox%26settings%3DeyJpZCI6Mjk0MCwidXJsIjoiaHR0cHM6XC9cL2JvaGVuYS5zZVwvamFybmhhc3Rlblwvd3AtY29udGVudFwvdXBsb2Fkc1wvSmFybmhhc3Rlbi1qYW1mb3JlbHNlLXNjYWxlZC5qcGcifQ%3D%3D\">\n\t\t\t\t\t\t\t<img fetchpriority=\"high\" decoding=\"async\" width=\"754\" height=\"1024\" src=\"https:\/\/i0.wp.com\/bohena.se\/jarnhasten\/wp-content\/uploads\/Jarnhasten-jamforelse-scaled.jpg?fit=754%2C1024&amp;ssl=1\" class=\"attachment-large size-large wp-image-2940\" alt=\"\" srcset=\"https:\/\/i0.wp.com\/bohena.se\/jarnhasten\/wp-content\/uploads\/Jarnhasten-jamforelse-scaled.jpg?w=1884&amp;ssl=1 1884w, https:\/\/i0.wp.com\/bohena.se\/jarnhasten\/wp-content\/uploads\/Jarnhasten-jamforelse-scaled.jpg?resize=221%2C300&amp;ssl=1 221w, https:\/\/i0.wp.com\/bohena.se\/jarnhasten\/wp-content\/uploads\/Jarnhasten-jamforelse-scaled.jpg?resize=754%2C1024&amp;ssl=1 754w, https:\/\/i0.wp.com\/bohena.se\/jarnhasten\/wp-content\/uploads\/Jarnhasten-jamforelse-scaled.jpg?resize=768%2C1043&amp;ssl=1 768w, https:\/\/i0.wp.com\/bohena.se\/jarnhasten\/wp-content\/uploads\/Jarnhasten-jamforelse-scaled.jpg?resize=1131%2C1536&amp;ssl=1 1131w, https:\/\/i0.wp.com\/bohena.se\/jarnhasten\/wp-content\/uploads\/Jarnhasten-jamforelse-scaled.jpg?resize=1508%2C2048&amp;ssl=1 1508w\" sizes=\"(max-width: 754px) 100vw, 754px\" \/>\t\t\t\t\t\t\t\t<\/a>\n\t\t\t\t\t\t\t\t\t\t\t\t\t\t\t<\/div>\n\t\t\t\t<\/div>\n\t\t\t\t<section class=\"elementor-section elementor-inner-section elementor-element elementor-element-ca40727 elementor-section-boxed elementor-section-height-default elementor-section-height-default\" data-id=\"ca40727\" data-element_type=\"section\" data-e-type=\"section\">\n\t\t\t\t\t\t<div class=\"elementor-container elementor-column-gap-default\">\n\t\t\t\t\t<div class=\"elementor-column elementor-col-50 elementor-inner-column elementor-element elementor-element-81b5bb2\" data-id=\"81b5bb2\" data-element_type=\"column\" data-e-type=\"column\">\n\t\t\t<div class=\"elementor-widget-wrap elementor-element-populated\">\n\t\t\t\t\t\t<div class=\"elementor-element elementor-element-f21d500 elementor-widget elementor-widget-button\" data-id=\"f21d500\" data-element_type=\"widget\" data-e-type=\"widget\" data-widget_type=\"button.default\">\n\t\t\t\t<div class=\"elementor-widget-container\">\n\t\t\t\t\t\t\t\t\t<div class=\"elementor-button-wrapper\">\n\t\t\t\t\t<a class=\"elementor-button elementor-button-link elementor-size-sm\" href=\"https:\/\/bohena.se\/jarnhasten\/jarnhasten-essence-multimaskinen\/\">\n\t\t\t\t\t\t<span class=\"elementor-button-content-wrapper\">\n\t\t\t\t\t\t\t\t\t<span class=\"elementor-button-text\">L\u00e4s mer om Essence<\/span>\n\t\t\t\t\t<\/span>\n\t\t\t\t\t<\/a>\n\t\t\t\t<\/div>\n\t\t\t\t\t\t\t\t<\/div>\n\t\t\t\t<\/div>\n\t\t\t\t\t<\/div>\n\t\t<\/div>\n\t\t\t\t<div class=\"elementor-column elementor-col-50 elementor-inner-column elementor-element elementor-element-11999df\" data-id=\"11999df\" data-element_type=\"column\" data-e-type=\"column\">\n\t\t\t<div class=\"elementor-widget-wrap elementor-element-populated\">\n\t\t\t\t\t\t<div class=\"elementor-element elementor-element-982bc63 elementor-widget elementor-widget-button\" data-id=\"982bc63\" data-element_type=\"widget\" data-e-type=\"widget\" data-widget_type=\"button.default\">\n\t\t\t\t<div class=\"elementor-widget-container\">\n\t\t\t\t\t\t\t\t\t<div class=\"elementor-button-wrapper\">\n\t\t\t\t\t<a class=\"elementor-button elementor-button-link elementor-size-sm\" href=\"https:\/\/bohena.se\/jarnhasten\/skog\/\">\n\t\t\t\t\t\t<span class=\"elementor-button-content-wrapper\">\n\t\t\t\t\t\t\t\t\t<span class=\"elementor-button-text\">L\u00e4s mer om \u00f6vriga modeller<\/span>\n\t\t\t\t\t<\/span>\n\t\t\t\t\t<\/a>\n\t\t\t\t<\/div>\n\t\t\t\t\t\t\t\t<\/div>\n\t\t\t\t<\/div>\n\t\t\t\t\t<\/div>\n\t\t<\/div>\n\t\t\t\t\t<\/div>\n\t\t<\/section>\n\t\t\t\t\t<\/div>\n\t\t<\/div>\n\t\t\t\t\t<\/div>\n\t\t<\/section>\n\t\t\t\t<section class=\"elementor-section elementor-top-section elementor-element elementor-element-f36de94 elementor-section-boxed elementor-section-height-default elementor-section-height-default\" data-id=\"f36de94\" data-element_type=\"section\" data-e-type=\"section\">\n\t\t\t\t\t\t<div class=\"elementor-container elementor-column-gap-default\">\n\t\t\t\t\t<div class=\"elementor-column elementor-col-100 elementor-top-column elementor-element elementor-element-35437d1\" data-id=\"35437d1\" data-element_type=\"column\" data-e-type=\"column\">\n\t\t\t<div class=\"elementor-widget-wrap\">\n\t\t\t\t\t\t\t<\/div>\n\t\t<\/div>\n\t\t\t\t\t<\/div>\n\t\t<\/section>\n\t\t\t\t<\/div>\n\t\t","protected":false},"excerpt":{"rendered":"<p>J\u00e4mf\u00f6relse J\u00e4rnh\u00e4sten modeller Tekniskbeskrivning, m\u00e5tt, vikt mm L\u00e4s mer om Essence L\u00e4s mer om \u00f6vriga modeller<\/p>\n","protected":false},"author":1,"featured_media":0,"parent":0,"menu_order":0,"comment_status":"closed","ping_status":"closed","template":"","meta":{"footnotes":""},"class_list":["post-2358","page","type-page","status-publish","hentry"],"yoast_head":"<!-- This site is optimized with the Yoast SEO Premium plugin v26.3 (Yoast SEO v27.5) - https:\/\/yoast.com\/product\/yoast-seo-premium-wordpress\/ -->\n<title>Modeller - J\u00c4RNH\u00c4STEN<\/title>\n<meta name=\"description\" content=\"H\u00e4r kan du j\u00e4mf\u00f6ra J\u00e4rnh\u00e4sten modellerna med varandra. Nu \u00e4ven med den nyaste modellen Flex-2 som liksom Essence har hydrauldriven vinsch\" \/>\n<meta name=\"robots\" content=\"index, follow, max-snippet:-1, max-image-preview:large, max-video-preview:-1\" \/>\n<link rel=\"canonical\" href=\"https:\/\/bohena.se\/jarnhasten\/jamforelse-jarnhasten-modeller\/\" \/>\n<meta property=\"og:locale\" content=\"sv_SE\" \/>\n<meta property=\"og:type\" content=\"article\" \/>\n<meta property=\"og:title\" content=\"Modeller\" \/>\n<meta property=\"og:description\" content=\"H\u00e4r kan du j\u00e4mf\u00f6ra J\u00e4rnh\u00e4sten modellerna med varandra. Nu \u00e4ven med den nyaste modellen Flex-2 som liksom Essence har hydrauldriven vinsch\" \/>\n<meta property=\"og:url\" content=\"https:\/\/bohena.se\/jarnhasten\/jamforelse-jarnhasten-modeller\/\" \/>\n<meta property=\"og:site_name\" content=\"J\u00c4RNH\u00c4STEN\" \/>\n<meta property=\"article:publisher\" content=\"https:\/\/www.facebook.com\/jarnhast\/\" \/>\n<meta property=\"article:modified_time\" content=\"2025-01-29T13:14:14+00:00\" \/>\n<meta property=\"og:image\" content=\"https:\/\/bohena.se\/jarnhasten\/wp-content\/uploads\/Jarnhasten-jamforelse-754x1024.jpg\" \/>\n<meta name=\"twitter:card\" content=\"summary_large_image\" \/>\n<meta name=\"twitter:label1\" content=\"Ber\u00e4knad l\u00e4stid\" \/>\n\t<meta name=\"twitter:data1\" content=\"1 minut\" \/>\n<script type=\"application\/ld+json\" class=\"yoast-schema-graph\">{\"@context\":\"https:\\\/\\\/schema.org\",\"@graph\":[{\"@type\":\"WebPage\",\"@id\":\"https:\\\/\\\/bohena.se\\\/jarnhasten\\\/jamforelse-jarnhasten-modeller\\\/\",\"url\":\"https:\\\/\\\/bohena.se\\\/jarnhasten\\\/jamforelse-jarnhasten-modeller\\\/\",\"name\":\"Modeller - J\u00c4RNH\u00c4STEN\",\"isPartOf\":{\"@id\":\"https:\\\/\\\/bohena.se\\\/jarnhasten\\\/#website\"},\"primaryImageOfPage\":{\"@id\":\"https:\\\/\\\/bohena.se\\\/jarnhasten\\\/jamforelse-jarnhasten-modeller\\\/#primaryimage\"},\"image\":{\"@id\":\"https:\\\/\\\/bohena.se\\\/jarnhasten\\\/jamforelse-jarnhasten-modeller\\\/#primaryimage\"},\"thumbnailUrl\":\"https:\\\/\\\/bohena.se\\\/jarnhasten\\\/wp-content\\\/uploads\\\/Jarnhasten-jamforelse-754x1024.jpg\",\"datePublished\":\"2022-12-04T13:06:14+00:00\",\"dateModified\":\"2025-01-29T13:14:14+00:00\",\"description\":\"H\u00e4r kan du j\u00e4mf\u00f6ra J\u00e4rnh\u00e4sten modellerna med varandra. Nu \u00e4ven med den nyaste modellen Flex-2 som liksom Essence har hydrauldriven vinsch\",\"breadcrumb\":{\"@id\":\"https:\\\/\\\/bohena.se\\\/jarnhasten\\\/jamforelse-jarnhasten-modeller\\\/#breadcrumb\"},\"inLanguage\":\"sv-SE\",\"potentialAction\":[{\"@type\":\"ReadAction\",\"target\":[\"https:\\\/\\\/bohena.se\\\/jarnhasten\\\/jamforelse-jarnhasten-modeller\\\/\"]}]},{\"@type\":\"ImageObject\",\"inLanguage\":\"sv-SE\",\"@id\":\"https:\\\/\\\/bohena.se\\\/jarnhasten\\\/jamforelse-jarnhasten-modeller\\\/#primaryimage\",\"url\":\"https:\\\/\\\/i0.wp.com\\\/bohena.se\\\/jarnhasten\\\/wp-content\\\/uploads\\\/Jarnhasten-jamforelse-scaled.jpg?fit=1884%2C2560&ssl=1\",\"contentUrl\":\"https:\\\/\\\/i0.wp.com\\\/bohena.se\\\/jarnhasten\\\/wp-content\\\/uploads\\\/Jarnhasten-jamforelse-scaled.jpg?fit=1884%2C2560&ssl=1\",\"width\":1884,\"height\":2560},{\"@type\":\"BreadcrumbList\",\"@id\":\"https:\\\/\\\/bohena.se\\\/jarnhasten\\\/jamforelse-jarnhasten-modeller\\\/#breadcrumb\",\"itemListElement\":[{\"@type\":\"ListItem\",\"position\":1,\"name\":\"Home\",\"item\":\"https:\\\/\\\/bohena.se\\\/jarnhasten\\\/\"},{\"@type\":\"ListItem\",\"position\":2,\"name\":\"Modeller\"}]},{\"@type\":\"WebSite\",\"@id\":\"https:\\\/\\\/bohena.se\\\/jarnhasten\\\/#website\",\"url\":\"https:\\\/\\\/bohena.se\\\/jarnhasten\\\/\",\"name\":\"J\u00e4rnH\u00e4sten\",\"description\":\"bandtrucken f\u00f6r transport i terr\u00e4ng och p\u00e5 v\u00e4g\",\"publisher\":{\"@id\":\"https:\\\/\\\/bohena.se\\\/jarnhasten\\\/#organization\"},\"potentialAction\":[{\"@type\":\"SearchAction\",\"target\":{\"@type\":\"EntryPoint\",\"urlTemplate\":\"https:\\\/\\\/bohena.se\\\/jarnhasten\\\/?s={search_term_string}\"},\"query-input\":{\"@type\":\"PropertyValueSpecification\",\"valueRequired\":true,\"valueName\":\"search_term_string\"}}],\"inLanguage\":\"sv-SE\"},{\"@type\":\"Organization\",\"@id\":\"https:\\\/\\\/bohena.se\\\/jarnhasten\\\/#organization\",\"name\":\"Bohena AB\",\"url\":\"https:\\\/\\\/bohena.se\\\/jarnhasten\\\/\",\"logo\":{\"@type\":\"ImageObject\",\"inLanguage\":\"sv-SE\",\"@id\":\"https:\\\/\\\/bohena.se\\\/jarnhasten\\\/#\\\/schema\\\/logo\\\/image\\\/\",\"url\":\"https:\\\/\\\/i2.wp.com\\\/bohena.se\\\/jarnhasten\\\/wp-content\\\/uploads\\\/2020\\\/02\\\/Bohena_s21.jpg?fit=741%2C86&ssl=1\",\"contentUrl\":\"https:\\\/\\\/i2.wp.com\\\/bohena.se\\\/jarnhasten\\\/wp-content\\\/uploads\\\/2020\\\/02\\\/Bohena_s21.jpg?fit=741%2C86&ssl=1\",\"width\":741,\"height\":86,\"caption\":\"Bohena AB\"},\"image\":{\"@id\":\"https:\\\/\\\/bohena.se\\\/jarnhasten\\\/#\\\/schema\\\/logo\\\/image\\\/\"},\"sameAs\":[\"https:\\\/\\\/www.facebook.com\\\/jarnhast\\\/\",\"https:\\\/\\\/www.youtube.com\\\/channel\\\/UC8C4nMoD2GBxcCJCIXo9EWA\"]}]}<\/script>\n<!-- \/ Yoast SEO Premium plugin. -->","yoast_head_json":{"title":"Modeller - J\u00c4RNH\u00c4STEN","description":"H\u00e4r kan du j\u00e4mf\u00f6ra J\u00e4rnh\u00e4sten modellerna med varandra. Nu \u00e4ven med den nyaste modellen Flex-2 som liksom Essence har hydrauldriven vinsch","robots":{"index":"index","follow":"follow","max-snippet":"max-snippet:-1","max-image-preview":"max-image-preview:large","max-video-preview":"max-video-preview:-1"},"canonical":"https:\/\/bohena.se\/jarnhasten\/jamforelse-jarnhasten-modeller\/","og_locale":"sv_SE","og_type":"article","og_title":"Modeller","og_description":"H\u00e4r kan du j\u00e4mf\u00f6ra J\u00e4rnh\u00e4sten modellerna med varandra. Nu \u00e4ven med den nyaste modellen Flex-2 som liksom Essence har hydrauldriven vinsch","og_url":"https:\/\/bohena.se\/jarnhasten\/jamforelse-jarnhasten-modeller\/","og_site_name":"J\u00c4RNH\u00c4STEN","article_publisher":"https:\/\/www.facebook.com\/jarnhast\/","article_modified_time":"2025-01-29T13:14:14+00:00","og_image":[{"url":"https:\/\/bohena.se\/jarnhasten\/wp-content\/uploads\/Jarnhasten-jamforelse-754x1024.jpg","type":"","width":"","height":""}],"twitter_card":"summary_large_image","twitter_misc":{"Ber\u00e4knad l\u00e4stid":"1 minut"},"schema":{"@context":"https:\/\/schema.org","@graph":[{"@type":"WebPage","@id":"https:\/\/bohena.se\/jarnhasten\/jamforelse-jarnhasten-modeller\/","url":"https:\/\/bohena.se\/jarnhasten\/jamforelse-jarnhasten-modeller\/","name":"Modeller - J\u00c4RNH\u00c4STEN","isPartOf":{"@id":"https:\/\/bohena.se\/jarnhasten\/#website"},"primaryImageOfPage":{"@id":"https:\/\/bohena.se\/jarnhasten\/jamforelse-jarnhasten-modeller\/#primaryimage"},"image":{"@id":"https:\/\/bohena.se\/jarnhasten\/jamforelse-jarnhasten-modeller\/#primaryimage"},"thumbnailUrl":"https:\/\/bohena.se\/jarnhasten\/wp-content\/uploads\/Jarnhasten-jamforelse-754x1024.jpg","datePublished":"2022-12-04T13:06:14+00:00","dateModified":"2025-01-29T13:14:14+00:00","description":"H\u00e4r kan du j\u00e4mf\u00f6ra J\u00e4rnh\u00e4sten modellerna med varandra. Nu \u00e4ven med den nyaste modellen Flex-2 som liksom Essence har hydrauldriven vinsch","breadcrumb":{"@id":"https:\/\/bohena.se\/jarnhasten\/jamforelse-jarnhasten-modeller\/#breadcrumb"},"inLanguage":"sv-SE","potentialAction":[{"@type":"ReadAction","target":["https:\/\/bohena.se\/jarnhasten\/jamforelse-jarnhasten-modeller\/"]}]},{"@type":"ImageObject","inLanguage":"sv-SE","@id":"https:\/\/bohena.se\/jarnhasten\/jamforelse-jarnhasten-modeller\/#primaryimage","url":"https:\/\/i0.wp.com\/bohena.se\/jarnhasten\/wp-content\/uploads\/Jarnhasten-jamforelse-scaled.jpg?fit=1884%2C2560&ssl=1","contentUrl":"https:\/\/i0.wp.com\/bohena.se\/jarnhasten\/wp-content\/uploads\/Jarnhasten-jamforelse-scaled.jpg?fit=1884%2C2560&ssl=1","width":1884,"height":2560},{"@type":"BreadcrumbList","@id":"https:\/\/bohena.se\/jarnhasten\/jamforelse-jarnhasten-modeller\/#breadcrumb","itemListElement":[{"@type":"ListItem","position":1,"name":"Home","item":"https:\/\/bohena.se\/jarnhasten\/"},{"@type":"ListItem","position":2,"name":"Modeller"}]},{"@type":"WebSite","@id":"https:\/\/bohena.se\/jarnhasten\/#website","url":"https:\/\/bohena.se\/jarnhasten\/","name":"J\u00e4rnH\u00e4sten","description":"bandtrucken f\u00f6r transport i terr\u00e4ng och p\u00e5 v\u00e4g","publisher":{"@id":"https:\/\/bohena.se\/jarnhasten\/#organization"},"potentialAction":[{"@type":"SearchAction","target":{"@type":"EntryPoint","urlTemplate":"https:\/\/bohena.se\/jarnhasten\/?s={search_term_string}"},"query-input":{"@type":"PropertyValueSpecification","valueRequired":true,"valueName":"search_term_string"}}],"inLanguage":"sv-SE"},{"@type":"Organization","@id":"https:\/\/bohena.se\/jarnhasten\/#organization","name":"Bohena AB","url":"https:\/\/bohena.se\/jarnhasten\/","logo":{"@type":"ImageObject","inLanguage":"sv-SE","@id":"https:\/\/bohena.se\/jarnhasten\/#\/schema\/logo\/image\/","url":"https:\/\/i2.wp.com\/bohena.se\/jarnhasten\/wp-content\/uploads\/2020\/02\/Bohena_s21.jpg?fit=741%2C86&ssl=1","contentUrl":"https:\/\/i2.wp.com\/bohena.se\/jarnhasten\/wp-content\/uploads\/2020\/02\/Bohena_s21.jpg?fit=741%2C86&ssl=1","width":741,"height":86,"caption":"Bohena AB"},"image":{"@id":"https:\/\/bohena.se\/jarnhasten\/#\/schema\/logo\/image\/"},"sameAs":["https:\/\/www.facebook.com\/jarnhast\/","https:\/\/www.youtube.com\/channel\/UC8C4nMoD2GBxcCJCIXo9EWA"]}]}},"jetpack_sharing_enabled":true,"_links":{"self":[{"href":"https:\/\/bohena.se\/jarnhasten\/wp-json\/wp\/v2\/pages\/2358","targetHints":{"allow":["GET"]}}],"collection":[{"href":"https:\/\/bohena.se\/jarnhasten\/wp-json\/wp\/v2\/pages"}],"about":[{"href":"https:\/\/bohena.se\/jarnhasten\/wp-json\/wp\/v2\/types\/page"}],"author":[{"embeddable":true,"href":"https:\/\/bohena.se\/jarnhasten\/wp-json\/wp\/v2\/users\/1"}],"replies":[{"embeddable":true,"href":"https:\/\/bohena.se\/jarnhasten\/wp-json\/wp\/v2\/comments?post=2358"}],"version-history":[{"count":32,"href":"https:\/\/bohena.se\/jarnhasten\/wp-json\/wp\/v2\/pages\/2358\/revisions"}],"predecessor-version":[{"id":3045,"href":"https:\/\/bohena.se\/jarnhasten\/wp-json\/wp\/v2\/pages\/2358\/revisions\/3045"}],"wp:attachment":[{"href":"https:\/\/bohena.se\/jarnhasten\/wp-json\/wp\/v2\/media?parent=2358"}],"curies":[{"name":"wp","href":"https:\/\/api.w.org\/{rel}","templated":true}]}}