{"id":2397,"date":"2022-12-19T15:05:54","date_gmt":"2022-12-19T14:05:54","guid":{"rendered":"https:\/\/bohena.se\/jarnhasten\/?page_id=2397"},"modified":"2024-01-24T15:08:08","modified_gmt":"2024-01-24T14:08:08","slug":"minitank","status":"publish","type":"page","link":"https:\/\/bohena.se\/jarnhasten\/minitank\/","title":{"rendered":"minitank"},"content":{"rendered":"\t\t<div data-elementor-type=\"wp-page\" data-elementor-id=\"2397\" class=\"elementor elementor-2397\" data-elementor-post-type=\"page\">\n\t\t\t\t\t\t<section class=\"elementor-section elementor-top-section elementor-element elementor-element-a27a089 elementor-section-boxed elementor-section-height-default elementor-section-height-default\" data-id=\"a27a089\" data-element_type=\"section\" data-e-type=\"section\">\n\t\t\t\t\t\t<div class=\"elementor-container elementor-column-gap-default\">\n\t\t\t\t\t<div class=\"elementor-column elementor-col-100 elementor-top-column elementor-element elementor-element-1e4b7f0\" data-id=\"1e4b7f0\" data-element_type=\"column\" data-e-type=\"column\">\n\t\t\t<div class=\"elementor-widget-wrap elementor-element-populated\">\n\t\t\t\t\t\t<div class=\"elementor-element elementor-element-8257a35 elementor-widget elementor-widget-heading\" data-id=\"8257a35\" data-element_type=\"widget\" data-e-type=\"widget\" data-widget_type=\"heading.default\">\n\t\t\t\t<div class=\"elementor-widget-container\">\n\t\t\t\t\t<h2 class=\"elementor-heading-title elementor-size-default\"><b>Stridsvagn f\u00f6r Paintball<\/b><\/h2>\t\t\t\t<\/div>\n\t\t\t\t<\/div>\n\t\t\t\t\t<\/div>\n\t\t<\/div>\n\t\t\t\t\t<\/div>\n\t\t<\/section>\n\t\t\t\t<section class=\"elementor-section elementor-top-section elementor-element elementor-element-905e3d6 elementor-section-boxed elementor-section-height-default elementor-section-height-default\" data-id=\"905e3d6\" data-element_type=\"section\" data-e-type=\"section\">\n\t\t\t\t\t\t<div class=\"elementor-container elementor-column-gap-default\">\n\t\t\t\t\t<div class=\"elementor-column elementor-col-100 elementor-top-column elementor-element elementor-element-deabe5d\" data-id=\"deabe5d\" data-element_type=\"column\" data-e-type=\"column\">\n\t\t\t<div class=\"elementor-widget-wrap elementor-element-populated\">\n\t\t\t\t\t\t<div class=\"elementor-element elementor-element-1346efe elementor-widget elementor-widget-video\" data-id=\"1346efe\" data-element_type=\"widget\" data-e-type=\"widget\" data-settings=\"{&quot;youtube_url&quot;:&quot;https:\\\/\\\/youtu.be\\\/1emjJdwkwNE&quot;,&quot;video_type&quot;:&quot;youtube&quot;,&quot;controls&quot;:&quot;yes&quot;}\" data-widget_type=\"video.default\">\n\t\t\t\t<div class=\"elementor-widget-container\">\n\t\t\t\t\t\t\t<div class=\"elementor-wrapper elementor-open-inline\">\n\t\t\t<div class=\"elementor-video\"><\/div>\t\t<\/div>\n\t\t\t\t\t\t<\/div>\n\t\t\t\t<\/div>\n\t\t\t\t<div class=\"elementor-element elementor-element-2dcf909 elementor-widget elementor-widget-text-editor\" data-id=\"2dcf909\" data-element_type=\"widget\" data-e-type=\"widget\" data-widget_type=\"text-editor.default\">\n\t\t\t\t<div class=\"elementor-widget-container\">\n\t\t\t\t\t\t\t\t\t<p>Bli kung p\u00e5 paintballarenan med en egen mini stridsvagn utrustad med paintball kanon.<\/p><p>Fungerar ocks\u00e5 som dragfordon.<\/p><p>Att anv\u00e4nda fordonet \u00e4r extremt enkelt och tillg\u00e4ngligt f\u00f6r alla. Det kr\u00e4vs bara tv\u00e5 spakar, vilket g\u00f6r att alla p\u00e5 ditt event kan njuta av att \u00e5ka mini tank. Det h\u00e4r \u00e4r en perfekt attraktion f\u00f6r olika \u00e5ldersgrupper.<\/p><p>F\u00f6r att s\u00e4kerst\u00e4lla maximal s\u00e4kerhet \u00e4r v\u00e5ra mini tanks som standard utrustade med ett fj\u00e4rr avst\u00e4ngningssystem f\u00f6r motorn. Du kan vara s\u00e4ker p\u00e5 att dina kunder kommer att k\u00e4nna sig bekv\u00e4ma och trygga samtidigt som de har roligt.<\/p><p><strong>Specifikation:<\/strong><br \/>Briggs &amp; Stratton Vanguard 2-cylindrig bensinmotor, 18 hk<br \/>Hydraulisk drivning<br \/>Vikt: ca 600 kg<br \/>L\u00e4ngd: 2,3 m<br \/>Bredd: 1,10 m<br \/>H\u00f6jd: 1,45 m (till slutet av nackst\u00f6det)<br \/>K\u00f6rhastighet: ca 8 km\/h<br \/>N\u00f6dfunktion f\u00f6r fj\u00e4rravst\u00e4ngning av fordon<br \/>Valken paintballgev\u00e4r ing\u00e5r<\/p><p><strong>Introduktionspris 129.500 kr plus moms (161.875 kr inkl moms)<\/strong><\/p>\t\t\t\t\t\t\t\t<\/div>\n\t\t\t\t<\/div>\n\t\t\t\t\t<\/div>\n\t\t<\/div>\n\t\t\t\t\t<\/div>\n\t\t<\/section>\n\t\t\t\t<section class=\"elementor-section elementor-top-section elementor-element elementor-element-edc9b56 elementor-section-boxed elementor-section-height-default elementor-section-height-default\" data-id=\"edc9b56\" data-element_type=\"section\" data-e-type=\"section\">\n\t\t\t\t\t\t<div class=\"elementor-container elementor-column-gap-default\">\n\t\t\t\t\t<div class=\"elementor-column elementor-col-100 elementor-top-column elementor-element elementor-element-b0998e2\" data-id=\"b0998e2\" data-element_type=\"column\" data-e-type=\"column\">\n\t\t\t<div class=\"elementor-widget-wrap elementor-element-populated\">\n\t\t\t\t\t\t<div class=\"elementor-element elementor-element-63c216d elementor-widget elementor-widget-gallery\" data-id=\"63c216d\" data-element_type=\"widget\" data-e-type=\"widget\" data-settings=\"{&quot;lazyload&quot;:&quot;yes&quot;,&quot;gallery_layout&quot;:&quot;grid&quot;,&quot;columns&quot;:4,&quot;columns_tablet&quot;:2,&quot;columns_mobile&quot;:1,&quot;gap&quot;:{&quot;unit&quot;:&quot;px&quot;,&quot;size&quot;:10,&quot;sizes&quot;:[]},&quot;gap_tablet&quot;:{&quot;unit&quot;:&quot;px&quot;,&quot;size&quot;:10,&quot;sizes&quot;:[]},&quot;gap_mobile&quot;:{&quot;unit&quot;:&quot;px&quot;,&quot;size&quot;:10,&quot;sizes&quot;:[]},&quot;link_to&quot;:&quot;file&quot;,&quot;aspect_ratio&quot;:&quot;3:2&quot;,&quot;overlay_background&quot;:&quot;yes&quot;,&quot;content_hover_animation&quot;:&quot;fade-in&quot;}\" data-widget_type=\"gallery.default\">\n\t\t\t\t<div class=\"elementor-widget-container\">\n\t\t\t\t\t\t\t<div class=\"elementor-gallery__container\">\n\t\t\t\t\t\t\t<a class=\"e-gallery-item elementor-gallery-item elementor-animated-content\" href=\"https:\/\/i0.wp.com\/bohena.se\/jarnhasten\/wp-content\/uploads\/mini_tank_2.jpg?fit=1600%2C900&#038;ssl=1\" data-elementor-open-lightbox=\"yes\" data-elementor-lightbox-slideshow=\"63c216d\" data-elementor-lightbox-title=\"mini_tank_2\" data-e-action-hash=\"#elementor-action%3Aaction%3Dlightbox%26settings%3DeyJpZCI6MjcwNiwidXJsIjoiaHR0cHM6XC9cL2JvaGVuYS5zZVwvamFybmhhc3Rlblwvd3AtY29udGVudFwvdXBsb2Fkc1wvbWluaV90YW5rXzIuanBnIiwic2xpZGVzaG93IjoiNjNjMjE2ZCJ9\">\n\t\t\t\t\t<div class=\"e-gallery-image elementor-gallery-item__image\" data-thumbnail=\"https:\/\/i0.wp.com\/bohena.se\/jarnhasten\/wp-content\/uploads\/mini_tank_2.jpg?fit=300%2C169&amp;ssl=1\" data-width=\"300\" data-height=\"169\" aria-label=\"\" role=\"img\" ><\/div>\n\t\t\t\t\t\t\t\t\t\t\t<div class=\"elementor-gallery-item__overlay\"><\/div>\n\t\t\t\t\t\t\t\t\t\t\t\t\t\t<\/a>\n\t\t\t\t\t\t\t<a class=\"e-gallery-item elementor-gallery-item elementor-animated-content\" href=\"https:\/\/i0.wp.com\/bohena.se\/jarnhasten\/wp-content\/uploads\/IMG-8007.jpg?fit=1500%2C1000&#038;ssl=1\" data-elementor-open-lightbox=\"yes\" data-elementor-lightbox-slideshow=\"63c216d\" data-elementor-lightbox-title=\"IMG-8007\" data-e-action-hash=\"#elementor-action%3Aaction%3Dlightbox%26settings%3DeyJpZCI6MjcwNSwidXJsIjoiaHR0cHM6XC9cL2JvaGVuYS5zZVwvamFybmhhc3Rlblwvd3AtY29udGVudFwvdXBsb2Fkc1wvSU1HLTgwMDcuanBnIiwic2xpZGVzaG93IjoiNjNjMjE2ZCJ9\">\n\t\t\t\t\t<div class=\"e-gallery-image elementor-gallery-item__image\" data-thumbnail=\"https:\/\/i0.wp.com\/bohena.se\/jarnhasten\/wp-content\/uploads\/IMG-8007.jpg?fit=300%2C200&amp;ssl=1\" data-width=\"300\" data-height=\"200\" aria-label=\"\" role=\"img\" ><\/div>\n\t\t\t\t\t\t\t\t\t\t\t<div class=\"elementor-gallery-item__overlay\"><\/div>\n\t\t\t\t\t\t\t\t\t\t\t\t\t\t<\/a>\n\t\t\t\t\t\t\t<a class=\"e-gallery-item elementor-gallery-item elementor-animated-content\" href=\"https:\/\/i0.wp.com\/bohena.se\/jarnhasten\/wp-content\/uploads\/tank-open1.jpg?fit=1024%2C768&#038;ssl=1\" data-elementor-open-lightbox=\"yes\" data-elementor-lightbox-slideshow=\"63c216d\" data-elementor-lightbox-title=\"tank open1\" data-e-action-hash=\"#elementor-action%3Aaction%3Dlightbox%26settings%3DeyJpZCI6MjcwNywidXJsIjoiaHR0cHM6XC9cL2JvaGVuYS5zZVwvamFybmhhc3Rlblwvd3AtY29udGVudFwvdXBsb2Fkc1wvdGFuay1vcGVuMS5qcGciLCJzbGlkZXNob3ciOiI2M2MyMTZkIn0%3D\">\n\t\t\t\t\t<div class=\"e-gallery-image elementor-gallery-item__image\" data-thumbnail=\"https:\/\/i0.wp.com\/bohena.se\/jarnhasten\/wp-content\/uploads\/tank-open1.jpg?fit=300%2C225&amp;ssl=1\" data-width=\"300\" data-height=\"225\" aria-label=\"\" role=\"img\" ><\/div>\n\t\t\t\t\t\t\t\t\t\t\t<div class=\"elementor-gallery-item__overlay\"><\/div>\n\t\t\t\t\t\t\t\t\t\t\t\t\t\t<\/a>\n\t\t\t\t\t\t\t<a class=\"e-gallery-item elementor-gallery-item elementor-animated-content\" href=\"https:\/\/i0.wp.com\/bohena.se\/jarnhasten\/wp-content\/uploads\/tank_elgoplus008.jpg?fit=1600%2C1067&#038;ssl=1\" data-elementor-open-lightbox=\"yes\" data-elementor-lightbox-slideshow=\"63c216d\" data-elementor-lightbox-title=\"tank_elgoplus008\" data-e-action-hash=\"#elementor-action%3Aaction%3Dlightbox%26settings%3DeyJpZCI6MjcwOCwidXJsIjoiaHR0cHM6XC9cL2JvaGVuYS5zZVwvamFybmhhc3Rlblwvd3AtY29udGVudFwvdXBsb2Fkc1wvdGFua19lbGdvcGx1czAwOC5qcGciLCJzbGlkZXNob3ciOiI2M2MyMTZkIn0%3D\">\n\t\t\t\t\t<div class=\"e-gallery-image elementor-gallery-item__image\" data-thumbnail=\"https:\/\/i0.wp.com\/bohena.se\/jarnhasten\/wp-content\/uploads\/tank_elgoplus008.jpg?fit=300%2C200&amp;ssl=1\" data-width=\"300\" data-height=\"200\" aria-label=\"\" role=\"img\" ><\/div>\n\t\t\t\t\t\t\t\t\t\t\t<div class=\"elementor-gallery-item__overlay\"><\/div>\n\t\t\t\t\t\t\t\t\t\t\t\t\t\t<\/a>\n\t\t\t\t\t\t\t<a class=\"e-gallery-item elementor-gallery-item elementor-animated-content\" href=\"https:\/\/i0.wp.com\/bohena.se\/jarnhasten\/wp-content\/uploads\/tank_elgoplus013.jpg?fit=1600%2C1067&#038;ssl=1\" data-elementor-open-lightbox=\"yes\" data-elementor-lightbox-slideshow=\"63c216d\" data-elementor-lightbox-title=\"tank_elgoplus013\" data-e-action-hash=\"#elementor-action%3Aaction%3Dlightbox%26settings%3DeyJpZCI6MjcwOSwidXJsIjoiaHR0cHM6XC9cL2JvaGVuYS5zZVwvamFybmhhc3Rlblwvd3AtY29udGVudFwvdXBsb2Fkc1wvdGFua19lbGdvcGx1czAxMy5qcGciLCJzbGlkZXNob3ciOiI2M2MyMTZkIn0%3D\">\n\t\t\t\t\t<div class=\"e-gallery-image elementor-gallery-item__image\" data-thumbnail=\"https:\/\/i0.wp.com\/bohena.se\/jarnhasten\/wp-content\/uploads\/tank_elgoplus013.jpg?fit=300%2C200&amp;ssl=1\" data-width=\"300\" data-height=\"200\" aria-label=\"\" role=\"img\" ><\/div>\n\t\t\t\t\t\t\t\t\t\t\t<div class=\"elementor-gallery-item__overlay\"><\/div>\n\t\t\t\t\t\t\t\t\t\t\t\t\t\t<\/a>\n\t\t\t\t\t\t\t<a class=\"e-gallery-item elementor-gallery-item elementor-animated-content\" href=\"https:\/\/i0.wp.com\/bohena.se\/jarnhasten\/wp-content\/uploads\/tank_elgoplus017.jpg?fit=1600%2C1067&#038;ssl=1\" data-elementor-open-lightbox=\"yes\" data-elementor-lightbox-slideshow=\"63c216d\" data-elementor-lightbox-title=\"tank_elgoplus017\" data-e-action-hash=\"#elementor-action%3Aaction%3Dlightbox%26settings%3DeyJpZCI6MjcxMCwidXJsIjoiaHR0cHM6XC9cL2JvaGVuYS5zZVwvamFybmhhc3Rlblwvd3AtY29udGVudFwvdXBsb2Fkc1wvdGFua19lbGdvcGx1czAxNy5qcGciLCJzbGlkZXNob3ciOiI2M2MyMTZkIn0%3D\">\n\t\t\t\t\t<div class=\"e-gallery-image elementor-gallery-item__image\" data-thumbnail=\"https:\/\/i0.wp.com\/bohena.se\/jarnhasten\/wp-content\/uploads\/tank_elgoplus017.jpg?fit=300%2C200&amp;ssl=1\" data-width=\"300\" data-height=\"200\" aria-label=\"\" role=\"img\" ><\/div>\n\t\t\t\t\t\t\t\t\t\t\t<div class=\"elementor-gallery-item__overlay\"><\/div>\n\t\t\t\t\t\t\t\t\t\t\t\t\t\t<\/a>\n\t\t\t\t\t\t\t<a class=\"e-gallery-item elementor-gallery-item elementor-animated-content\" href=\"https:\/\/i0.wp.com\/bohena.se\/jarnhasten\/wp-content\/uploads\/tank_elgoplus019.jpg?fit=1600%2C1067&#038;ssl=1\" data-elementor-open-lightbox=\"yes\" data-elementor-lightbox-slideshow=\"63c216d\" data-elementor-lightbox-title=\"tank_elgoplus019\" data-e-action-hash=\"#elementor-action%3Aaction%3Dlightbox%26settings%3DeyJpZCI6MjcxMSwidXJsIjoiaHR0cHM6XC9cL2JvaGVuYS5zZVwvamFybmhhc3Rlblwvd3AtY29udGVudFwvdXBsb2Fkc1wvdGFua19lbGdvcGx1czAxOS5qcGciLCJzbGlkZXNob3ciOiI2M2MyMTZkIn0%3D\">\n\t\t\t\t\t<div class=\"e-gallery-image elementor-gallery-item__image\" data-thumbnail=\"https:\/\/i0.wp.com\/bohena.se\/jarnhasten\/wp-content\/uploads\/tank_elgoplus019.jpg?fit=300%2C200&amp;ssl=1\" data-width=\"300\" data-height=\"200\" aria-label=\"\" role=\"img\" ><\/div>\n\t\t\t\t\t\t\t\t\t\t\t<div class=\"elementor-gallery-item__overlay\"><\/div>\n\t\t\t\t\t\t\t\t\t\t\t\t\t\t<\/a>\n\t\t\t\t\t\t\t<a class=\"e-gallery-item elementor-gallery-item elementor-animated-content\" href=\"https:\/\/i0.wp.com\/bohena.se\/jarnhasten\/wp-content\/uploads\/tank_elgoplus020.jpg?fit=1600%2C1067&#038;ssl=1\" data-elementor-open-lightbox=\"yes\" data-elementor-lightbox-slideshow=\"63c216d\" data-elementor-lightbox-title=\"tank_elgoplus020\" data-e-action-hash=\"#elementor-action%3Aaction%3Dlightbox%26settings%3DeyJpZCI6MjcxMiwidXJsIjoiaHR0cHM6XC9cL2JvaGVuYS5zZVwvamFybmhhc3Rlblwvd3AtY29udGVudFwvdXBsb2Fkc1wvdGFua19lbGdvcGx1czAyMC5qcGciLCJzbGlkZXNob3ciOiI2M2MyMTZkIn0%3D\">\n\t\t\t\t\t<div class=\"e-gallery-image elementor-gallery-item__image\" data-thumbnail=\"https:\/\/i0.wp.com\/bohena.se\/jarnhasten\/wp-content\/uploads\/tank_elgoplus020.jpg?fit=300%2C200&amp;ssl=1\" data-width=\"300\" data-height=\"200\" aria-label=\"\" role=\"img\" ><\/div>\n\t\t\t\t\t\t\t\t\t\t\t<div class=\"elementor-gallery-item__overlay\"><\/div>\n\t\t\t\t\t\t\t\t\t\t\t\t\t\t<\/a>\n\t\t\t\t\t\t\t<a class=\"e-gallery-item elementor-gallery-item elementor-animated-content\" href=\"https:\/\/i0.wp.com\/bohena.se\/jarnhasten\/wp-content\/uploads\/tank_elgoplus021.jpg?fit=1600%2C1067&#038;ssl=1\" data-elementor-open-lightbox=\"yes\" data-elementor-lightbox-slideshow=\"63c216d\" data-elementor-lightbox-title=\"tank_elgoplus021\" data-e-action-hash=\"#elementor-action%3Aaction%3Dlightbox%26settings%3DeyJpZCI6MjcxMywidXJsIjoiaHR0cHM6XC9cL2JvaGVuYS5zZVwvamFybmhhc3Rlblwvd3AtY29udGVudFwvdXBsb2Fkc1wvdGFua19lbGdvcGx1czAyMS5qcGciLCJzbGlkZXNob3ciOiI2M2MyMTZkIn0%3D\">\n\t\t\t\t\t<div class=\"e-gallery-image elementor-gallery-item__image\" data-thumbnail=\"https:\/\/i0.wp.com\/bohena.se\/jarnhasten\/wp-content\/uploads\/tank_elgoplus021.jpg?fit=300%2C200&amp;ssl=1\" data-width=\"300\" data-height=\"200\" aria-label=\"\" role=\"img\" ><\/div>\n\t\t\t\t\t\t\t\t\t\t\t<div class=\"elementor-gallery-item__overlay\"><\/div>\n\t\t\t\t\t\t\t\t\t\t\t\t\t\t<\/a>\n\t\t\t\t\t\t\t<a class=\"e-gallery-item elementor-gallery-item elementor-animated-content\" href=\"https:\/\/i0.wp.com\/bohena.se\/jarnhasten\/wp-content\/uploads\/tank_elgoplus023.jpg?fit=1600%2C1067&#038;ssl=1\" data-elementor-open-lightbox=\"yes\" data-elementor-lightbox-slideshow=\"63c216d\" data-elementor-lightbox-title=\"tank_elgoplus023\" data-e-action-hash=\"#elementor-action%3Aaction%3Dlightbox%26settings%3DeyJpZCI6MjcxNCwidXJsIjoiaHR0cHM6XC9cL2JvaGVuYS5zZVwvamFybmhhc3Rlblwvd3AtY29udGVudFwvdXBsb2Fkc1wvdGFua19lbGdvcGx1czAyMy5qcGciLCJzbGlkZXNob3ciOiI2M2MyMTZkIn0%3D\">\n\t\t\t\t\t<div class=\"e-gallery-image elementor-gallery-item__image\" data-thumbnail=\"https:\/\/i0.wp.com\/bohena.se\/jarnhasten\/wp-content\/uploads\/tank_elgoplus023.jpg?fit=300%2C200&amp;ssl=1\" data-width=\"300\" data-height=\"200\" aria-label=\"\" role=\"img\" ><\/div>\n\t\t\t\t\t\t\t\t\t\t\t<div class=\"elementor-gallery-item__overlay\"><\/div>\n\t\t\t\t\t\t\t\t\t\t\t\t\t\t<\/a>\n\t\t\t\t\t\t\t<a class=\"e-gallery-item elementor-gallery-item elementor-animated-content\" href=\"https:\/\/i0.wp.com\/bohena.se\/jarnhasten\/wp-content\/uploads\/tank2.jpg?fit=1600%2C1200&#038;ssl=1\" data-elementor-open-lightbox=\"yes\" data-elementor-lightbox-slideshow=\"63c216d\" data-elementor-lightbox-title=\"tank2\" data-e-action-hash=\"#elementor-action%3Aaction%3Dlightbox%26settings%3DeyJpZCI6MjcxNiwidXJsIjoiaHR0cHM6XC9cL2JvaGVuYS5zZVwvamFybmhhc3Rlblwvd3AtY29udGVudFwvdXBsb2Fkc1wvdGFuazIuanBnIiwic2xpZGVzaG93IjoiNjNjMjE2ZCJ9\">\n\t\t\t\t\t<div class=\"e-gallery-image elementor-gallery-item__image\" data-thumbnail=\"https:\/\/i0.wp.com\/bohena.se\/jarnhasten\/wp-content\/uploads\/tank2.jpg?fit=300%2C225&amp;ssl=1\" data-width=\"300\" data-height=\"225\" aria-label=\"\" role=\"img\" ><\/div>\n\t\t\t\t\t\t\t\t\t\t\t<div class=\"elementor-gallery-item__overlay\"><\/div>\n\t\t\t\t\t\t\t\t\t\t\t\t\t\t<\/a>\n\t\t\t\t\t\t\t<a class=\"e-gallery-item elementor-gallery-item elementor-animated-content\" href=\"https:\/\/i0.wp.com\/bohena.se\/jarnhasten\/wp-content\/uploads\/tank_elgoplus024.jpg?fit=1600%2C1067&#038;ssl=1\" data-elementor-open-lightbox=\"yes\" data-elementor-lightbox-slideshow=\"63c216d\" data-elementor-lightbox-title=\"tank_elgoplus024\" data-e-action-hash=\"#elementor-action%3Aaction%3Dlightbox%26settings%3DeyJpZCI6MjcxNSwidXJsIjoiaHR0cHM6XC9cL2JvaGVuYS5zZVwvamFybmhhc3Rlblwvd3AtY29udGVudFwvdXBsb2Fkc1wvdGFua19lbGdvcGx1czAyNC5qcGciLCJzbGlkZXNob3ciOiI2M2MyMTZkIn0%3D\">\n\t\t\t\t\t<div class=\"e-gallery-image elementor-gallery-item__image\" data-thumbnail=\"https:\/\/i0.wp.com\/bohena.se\/jarnhasten\/wp-content\/uploads\/tank_elgoplus024.jpg?fit=300%2C200&amp;ssl=1\" data-width=\"300\" data-height=\"200\" aria-label=\"\" role=\"img\" ><\/div>\n\t\t\t\t\t\t\t\t\t\t\t<div class=\"elementor-gallery-item__overlay\"><\/div>\n\t\t\t\t\t\t\t\t\t\t\t\t\t\t<\/a>\n\t\t\t\t\t<\/div>\n\t\t\t\t\t<\/div>\n\t\t\t\t<\/div>\n\t\t\t\t\t<\/div>\n\t\t<\/div>\n\t\t\t\t\t<\/div>\n\t\t<\/section>\n\t\t\t\t<\/div>\n\t\t","protected":false},"excerpt":{"rendered":"<p>Stridsvagn f\u00f6r Paintball https:\/\/youtu.be\/1emjJdwkwNE Bli kung p\u00e5 paintballarenan med en egen mini stridsvagn utrustad med paintball kanon. Fungerar ocks\u00e5 som dragfordon. Att anv\u00e4nda fordonet \u00e4r extremt enkelt och tillg\u00e4ngligt f\u00f6r alla. Det kr\u00e4vs bara tv\u00e5 spakar, vilket g\u00f6r att alla p\u00e5 ditt event kan njuta av att \u00e5ka mini tank. Det h\u00e4r \u00e4r en perfekt [&hellip;]<\/p>\n","protected":false},"author":1,"featured_media":0,"parent":0,"menu_order":0,"comment_status":"closed","ping_status":"closed","template":"","meta":{"footnotes":""},"class_list":["post-2397","page","type-page","status-publish","hentry"],"yoast_head":"<!-- This site is optimized with the Yoast SEO Premium plugin v26.3 (Yoast SEO v27.0) - https:\/\/yoast.com\/product\/yoast-seo-premium-wordpress\/ -->\n<title>minitank - J\u00c4RNH\u00c4STEN<\/title>\n<meta name=\"robots\" content=\"index, follow, max-snippet:-1, max-image-preview:large, max-video-preview:-1\" \/>\n<link rel=\"canonical\" href=\"https:\/\/bohena.se\/jarnhasten\/minitank\/\" \/>\n<meta property=\"og:locale\" content=\"sv_SE\" \/>\n<meta property=\"og:type\" content=\"article\" \/>\n<meta property=\"og:title\" content=\"minitank\" \/>\n<meta property=\"og:description\" content=\"Stridsvagn f\u00f6r Paintball https:\/\/youtu.be\/1emjJdwkwNE Bli kung p\u00e5 paintballarenan med en egen mini stridsvagn utrustad med paintball kanon. Fungerar ocks\u00e5 som dragfordon. Att anv\u00e4nda fordonet \u00e4r extremt enkelt och tillg\u00e4ngligt f\u00f6r alla. Det kr\u00e4vs bara tv\u00e5 spakar, vilket g\u00f6r att alla p\u00e5 ditt event kan njuta av att \u00e5ka mini tank. Det h\u00e4r \u00e4r en perfekt [&hellip;]\" \/>\n<meta property=\"og:url\" content=\"https:\/\/bohena.se\/jarnhasten\/minitank\/\" \/>\n<meta property=\"og:site_name\" content=\"J\u00c4RNH\u00c4STEN\" \/>\n<meta property=\"article:publisher\" content=\"https:\/\/www.facebook.com\/jarnhast\/\" \/>\n<meta property=\"article:modified_time\" content=\"2024-01-24T14:08:08+00:00\" \/>\n<meta name=\"twitter:card\" content=\"summary_large_image\" \/>\n<meta name=\"twitter:label1\" content=\"Ber\u00e4knad l\u00e4stid\" \/>\n\t<meta name=\"twitter:data1\" content=\"1 minut\" \/>\n<script type=\"application\/ld+json\" class=\"yoast-schema-graph\">{\"@context\":\"https:\/\/schema.org\",\"@graph\":[{\"@type\":\"WebPage\",\"@id\":\"https:\/\/bohena.se\/jarnhasten\/minitank\/\",\"url\":\"https:\/\/bohena.se\/jarnhasten\/minitank\/\",\"name\":\"minitank - J\u00c4RNH\u00c4STEN\",\"isPartOf\":{\"@id\":\"https:\/\/bohena.se\/jarnhasten\/#website\"},\"datePublished\":\"2022-12-19T14:05:54+00:00\",\"dateModified\":\"2024-01-24T14:08:08+00:00\",\"breadcrumb\":{\"@id\":\"https:\/\/bohena.se\/jarnhasten\/minitank\/#breadcrumb\"},\"inLanguage\":\"sv-SE\",\"potentialAction\":[{\"@type\":\"ReadAction\",\"target\":[\"https:\/\/bohena.se\/jarnhasten\/minitank\/\"]}]},{\"@type\":\"BreadcrumbList\",\"@id\":\"https:\/\/bohena.se\/jarnhasten\/minitank\/#breadcrumb\",\"itemListElement\":[{\"@type\":\"ListItem\",\"position\":1,\"name\":\"Home\",\"item\":\"https:\/\/bohena.se\/jarnhasten\/\"},{\"@type\":\"ListItem\",\"position\":2,\"name\":\"minitank\"}]},{\"@type\":\"WebSite\",\"@id\":\"https:\/\/bohena.se\/jarnhasten\/#website\",\"url\":\"https:\/\/bohena.se\/jarnhasten\/\",\"name\":\"J\u00e4rnH\u00e4sten\",\"description\":\"bandtrucken f\u00f6r transport i terr\u00e4ng och p\u00e5 v\u00e4g\",\"publisher\":{\"@id\":\"https:\/\/bohena.se\/jarnhasten\/#organization\"},\"potentialAction\":[{\"@type\":\"SearchAction\",\"target\":{\"@type\":\"EntryPoint\",\"urlTemplate\":\"https:\/\/bohena.se\/jarnhasten\/?s={search_term_string}\"},\"query-input\":{\"@type\":\"PropertyValueSpecification\",\"valueRequired\":true,\"valueName\":\"search_term_string\"}}],\"inLanguage\":\"sv-SE\"},{\"@type\":\"Organization\",\"@id\":\"https:\/\/bohena.se\/jarnhasten\/#organization\",\"name\":\"Bohena AB\",\"url\":\"https:\/\/bohena.se\/jarnhasten\/\",\"logo\":{\"@type\":\"ImageObject\",\"inLanguage\":\"sv-SE\",\"@id\":\"https:\/\/bohena.se\/jarnhasten\/#\/schema\/logo\/image\/\",\"url\":\"https:\/\/i2.wp.com\/bohena.se\/jarnhasten\/wp-content\/uploads\/2020\/02\/Bohena_s21.jpg?fit=741%2C86&ssl=1\",\"contentUrl\":\"https:\/\/i2.wp.com\/bohena.se\/jarnhasten\/wp-content\/uploads\/2020\/02\/Bohena_s21.jpg?fit=741%2C86&ssl=1\",\"width\":741,\"height\":86,\"caption\":\"Bohena AB\"},\"image\":{\"@id\":\"https:\/\/bohena.se\/jarnhasten\/#\/schema\/logo\/image\/\"},\"sameAs\":[\"https:\/\/www.facebook.com\/jarnhast\/\",\"https:\/\/www.youtube.com\/channel\/UC8C4nMoD2GBxcCJCIXo9EWA\"]}]}<\/script>\n<!-- \/ Yoast SEO Premium plugin. -->","yoast_head_json":{"title":"minitank - J\u00c4RNH\u00c4STEN","robots":{"index":"index","follow":"follow","max-snippet":"max-snippet:-1","max-image-preview":"max-image-preview:large","max-video-preview":"max-video-preview:-1"},"canonical":"https:\/\/bohena.se\/jarnhasten\/minitank\/","og_locale":"sv_SE","og_type":"article","og_title":"minitank","og_description":"Stridsvagn f\u00f6r Paintball https:\/\/youtu.be\/1emjJdwkwNE Bli kung p\u00e5 paintballarenan med en egen mini stridsvagn utrustad med paintball kanon. Fungerar ocks\u00e5 som dragfordon. Att anv\u00e4nda fordonet \u00e4r extremt enkelt och tillg\u00e4ngligt f\u00f6r alla. Det kr\u00e4vs bara tv\u00e5 spakar, vilket g\u00f6r att alla p\u00e5 ditt event kan njuta av att \u00e5ka mini tank. Det h\u00e4r \u00e4r en perfekt [&hellip;]","og_url":"https:\/\/bohena.se\/jarnhasten\/minitank\/","og_site_name":"J\u00c4RNH\u00c4STEN","article_publisher":"https:\/\/www.facebook.com\/jarnhast\/","article_modified_time":"2024-01-24T14:08:08+00:00","twitter_card":"summary_large_image","twitter_misc":{"Ber\u00e4knad l\u00e4stid":"1 minut"},"schema":{"@context":"https:\/\/schema.org","@graph":[{"@type":"WebPage","@id":"https:\/\/bohena.se\/jarnhasten\/minitank\/","url":"https:\/\/bohena.se\/jarnhasten\/minitank\/","name":"minitank - J\u00c4RNH\u00c4STEN","isPartOf":{"@id":"https:\/\/bohena.se\/jarnhasten\/#website"},"datePublished":"2022-12-19T14:05:54+00:00","dateModified":"2024-01-24T14:08:08+00:00","breadcrumb":{"@id":"https:\/\/bohena.se\/jarnhasten\/minitank\/#breadcrumb"},"inLanguage":"sv-SE","potentialAction":[{"@type":"ReadAction","target":["https:\/\/bohena.se\/jarnhasten\/minitank\/"]}]},{"@type":"BreadcrumbList","@id":"https:\/\/bohena.se\/jarnhasten\/minitank\/#breadcrumb","itemListElement":[{"@type":"ListItem","position":1,"name":"Home","item":"https:\/\/bohena.se\/jarnhasten\/"},{"@type":"ListItem","position":2,"name":"minitank"}]},{"@type":"WebSite","@id":"https:\/\/bohena.se\/jarnhasten\/#website","url":"https:\/\/bohena.se\/jarnhasten\/","name":"J\u00e4rnH\u00e4sten","description":"bandtrucken f\u00f6r transport i terr\u00e4ng och p\u00e5 v\u00e4g","publisher":{"@id":"https:\/\/bohena.se\/jarnhasten\/#organization"},"potentialAction":[{"@type":"SearchAction","target":{"@type":"EntryPoint","urlTemplate":"https:\/\/bohena.se\/jarnhasten\/?s={search_term_string}"},"query-input":{"@type":"PropertyValueSpecification","valueRequired":true,"valueName":"search_term_string"}}],"inLanguage":"sv-SE"},{"@type":"Organization","@id":"https:\/\/bohena.se\/jarnhasten\/#organization","name":"Bohena AB","url":"https:\/\/bohena.se\/jarnhasten\/","logo":{"@type":"ImageObject","inLanguage":"sv-SE","@id":"https:\/\/bohena.se\/jarnhasten\/#\/schema\/logo\/image\/","url":"https:\/\/i2.wp.com\/bohena.se\/jarnhasten\/wp-content\/uploads\/2020\/02\/Bohena_s21.jpg?fit=741%2C86&ssl=1","contentUrl":"https:\/\/i2.wp.com\/bohena.se\/jarnhasten\/wp-content\/uploads\/2020\/02\/Bohena_s21.jpg?fit=741%2C86&ssl=1","width":741,"height":86,"caption":"Bohena AB"},"image":{"@id":"https:\/\/bohena.se\/jarnhasten\/#\/schema\/logo\/image\/"},"sameAs":["https:\/\/www.facebook.com\/jarnhast\/","https:\/\/www.youtube.com\/channel\/UC8C4nMoD2GBxcCJCIXo9EWA"]}]}},"jetpack_sharing_enabled":true,"_links":{"self":[{"href":"https:\/\/bohena.se\/jarnhasten\/wp-json\/wp\/v2\/pages\/2397","targetHints":{"allow":["GET"]}}],"collection":[{"href":"https:\/\/bohena.se\/jarnhasten\/wp-json\/wp\/v2\/pages"}],"about":[{"href":"https:\/\/bohena.se\/jarnhasten\/wp-json\/wp\/v2\/types\/page"}],"author":[{"embeddable":true,"href":"https:\/\/bohena.se\/jarnhasten\/wp-json\/wp\/v2\/users\/1"}],"replies":[{"embeddable":true,"href":"https:\/\/bohena.se\/jarnhasten\/wp-json\/wp\/v2\/comments?post=2397"}],"version-history":[{"count":16,"href":"https:\/\/bohena.se\/jarnhasten\/wp-json\/wp\/v2\/pages\/2397\/revisions"}],"predecessor-version":[{"id":2719,"href":"https:\/\/bohena.se\/jarnhasten\/wp-json\/wp\/v2\/pages\/2397\/revisions\/2719"}],"wp:attachment":[{"href":"https:\/\/bohena.se\/jarnhasten\/wp-json\/wp\/v2\/media?parent=2397"}],"curies":[{"name":"wp","href":"https:\/\/api.w.org\/{rel}","templated":true}]}}