{"id":756,"date":"2020-01-07T13:47:12","date_gmt":"2020-01-07T13:47:12","guid":{"rendered":"http:\/\/bohena.se\/jarnhasten\/?page_id=756"},"modified":"2021-01-16T14:23:45","modified_gmt":"2021-01-16T13:23:45","slug":"kontakt","status":"publish","type":"page","link":"https:\/\/bohena.se\/jarnhasten\/kontakt\/","title":{"rendered":"Kontakt"},"content":{"rendered":"\t\t<div data-elementor-type=\"wp-page\" data-elementor-id=\"756\" class=\"elementor elementor-756\" data-elementor-post-type=\"page\">\n\t\t\t\t\t\t<section class=\"elementor-section elementor-top-section elementor-element elementor-element-b1a700d elementor-section-boxed elementor-section-height-default elementor-section-height-default\" data-id=\"b1a700d\" data-element_type=\"section\" data-e-type=\"section\">\n\t\t\t\t\t\t<div class=\"elementor-container elementor-column-gap-default\">\n\t\t\t\t\t<div class=\"elementor-column elementor-col-100 elementor-top-column elementor-element elementor-element-7204b3e\" data-id=\"7204b3e\" data-element_type=\"column\" data-e-type=\"column\">\n\t\t\t<div class=\"elementor-widget-wrap elementor-element-populated\">\n\t\t\t\t\t\t<div class=\"elementor-element elementor-element-9033088 elementor-widget elementor-widget-heading\" data-id=\"9033088\" data-element_type=\"widget\" data-e-type=\"widget\" data-widget_type=\"heading.default\">\n\t\t\t\t<div class=\"elementor-widget-container\">\n\t\t\t\t\t<h2 class=\"elementor-heading-title elementor-size-default\">Skriv n\u00e5got s\u00e5 kontaktar vi er snarast<\/h2>\t\t\t\t<\/div>\n\t\t\t\t<\/div>\n\t\t\t\t<div class=\"elementor-element elementor-element-05f5aa8 elementor-widget elementor-widget-text-editor\" data-id=\"05f5aa8\" data-element_type=\"widget\" data-e-type=\"widget\" data-widget_type=\"text-editor.default\">\n\t\t\t\t<div class=\"elementor-widget-container\">\n\t\t\t\t\t\t\t\t\t<p><strong>F\u00f6r broschyrer och prislista skriv bara &#8221;Broschyr&#8221; s\u00e5 skickar vi en l\u00e4nk f\u00f6r nedladdning.<\/strong><\/p>\t\t\t\t\t\t\t\t<\/div>\n\t\t\t\t<\/div>\n\t\t\t\t\t<\/div>\n\t\t<\/div>\n\t\t\t\t\t<\/div>\n\t\t<\/section>\n\t\t\t\t<section class=\"elementor-section elementor-top-section elementor-element elementor-element-f2f001c elementor-section-boxed elementor-section-height-default elementor-section-height-default\" data-id=\"f2f001c\" data-element_type=\"section\" data-e-type=\"section\">\n\t\t\t\t\t\t<div class=\"elementor-container elementor-column-gap-default\">\n\t\t\t\t\t<div class=\"elementor-column elementor-col-100 elementor-top-column elementor-element elementor-element-e8c8920\" data-id=\"e8c8920\" data-element_type=\"column\" data-e-type=\"column\">\n\t\t\t<div class=\"elementor-widget-wrap elementor-element-populated\">\n\t\t\t\t\t\t<div class=\"elementor-element elementor-element-1ed0e60 elementor-widget elementor-widget-html\" data-id=\"1ed0e60\" data-element_type=\"widget\" data-e-type=\"widget\" data-widget_type=\"html.default\">\n\t\t\t\t<div class=\"elementor-widget-container\">\n\t\t\t\t\t\n<div class=\"wpcf7 no-js\" id=\"wpcf7-f825-o1\" lang=\"sv-SE\" dir=\"ltr\" data-wpcf7-id=\"825\">\n<div class=\"screen-reader-response\"><p role=\"status\" aria-live=\"polite\" aria-atomic=\"true\"><\/p> <ul><\/ul><\/div>\n<form action=\"\/jarnhasten\/wp-json\/wp\/v2\/pages\/756#wpcf7-f825-o1\" method=\"post\" class=\"wpcf7-form init\" aria-label=\"Kontaktformul\u00e4r\" novalidate=\"novalidate\" data-status=\"init\">\n<fieldset class=\"hidden-fields-container\"><input type=\"hidden\" name=\"_wpcf7\" value=\"825\" \/><input type=\"hidden\" name=\"_wpcf7_version\" value=\"6.1.5\" \/><input type=\"hidden\" name=\"_wpcf7_locale\" value=\"sv_SE\" \/><input type=\"hidden\" name=\"_wpcf7_unit_tag\" value=\"wpcf7-f825-o1\" \/><input type=\"hidden\" name=\"_wpcf7_container_post\" value=\"0\" \/><input type=\"hidden\" name=\"_wpcf7_posted_data_hash\" value=\"\" \/>\n<\/fieldset>\n<p><label> Ditt namn (obligatorisk)<br \/>\n<span class=\"wpcf7-form-control-wrap\" data-name=\"your-name\"><input size=\"40\" maxlength=\"400\" class=\"wpcf7-form-control wpcf7-text wpcf7-validates-as-required\" aria-required=\"true\" aria-invalid=\"false\" value=\"\" type=\"text\" name=\"your-name\" \/><\/span> <\/label>\n<\/p>\n<p><label> Din e-post (obligatorisk)<br \/>\n<span class=\"wpcf7-form-control-wrap\" data-name=\"your-email\"><input size=\"40\" maxlength=\"400\" class=\"wpcf7-form-control wpcf7-email wpcf7-validates-as-required wpcf7-text wpcf7-validates-as-email\" aria-required=\"true\" aria-invalid=\"false\" value=\"\" type=\"email\" name=\"your-email\" \/><\/span> <\/label>\n<\/p>\n<p><label> Telefon <span class=\"wpcf7-form-control-wrap\" data-name=\"tel-589\"><input size=\"40\" maxlength=\"400\" class=\"wpcf7-form-control wpcf7-tel wpcf7-text wpcf7-validates-as-tel\" aria-invalid=\"false\" value=\"\" type=\"tel\" name=\"tel-589\" \/><\/span><\/label>\n<\/p>\n<p><label> Ditt meddelande (obligatorisk)<br \/>\n<span class=\"wpcf7-form-control-wrap\" data-name=\"your-message\"><textarea cols=\"40\" rows=\"10\" maxlength=\"2000\" class=\"wpcf7-form-control wpcf7-textarea\" aria-invalid=\"false\" name=\"your-message\"><\/textarea><\/span> <\/label>\n<\/p>\n<p><label> Vad blir<span class=\"wpcf7-form-control-wrap\" data-name=\"quiz-386\"><label><span class=\"wpcf7-quiz-label\">23+8=?<\/span> <input size=\"40\" class=\"wpcf7-form-control wpcf7-quiz\" autocomplete=\"off\" aria-required=\"true\" aria-invalid=\"false\" type=\"text\" name=\"quiz-386\" \/><\/label><input type=\"hidden\" name=\"_wpcf7_quiz_answer_quiz-386\" value=\"2e0fc965a6b52fc0f9a93ddbb27030a0\" \/><\/span><\/label>\n<\/p>\n<p><input class=\"wpcf7-form-control wpcf7-submit has-spinner\" type=\"submit\" value=\"Skicka\" \/>\n<\/p><div class=\"wpcf7-response-output\" aria-hidden=\"true\"><\/div>\n<\/form>\n<\/div>\n\t\t\t\t<\/div>\n\t\t\t\t<\/div>\n\t\t\t\t\t<\/div>\n\t\t<\/div>\n\t\t\t\t\t<\/div>\n\t\t<\/section>\n\t\t\t\t<section class=\"elementor-section elementor-top-section elementor-element elementor-element-1db063c elementor-section-boxed elementor-section-height-default elementor-section-height-default\" data-id=\"1db063c\" data-element_type=\"section\" data-e-type=\"section\">\n\t\t\t\t\t\t<div class=\"elementor-container elementor-column-gap-default\">\n\t\t\t\t\t<div class=\"elementor-column elementor-col-100 elementor-top-column elementor-element elementor-element-7f8330b\" data-id=\"7f8330b\" data-element_type=\"column\" data-e-type=\"column\">\n\t\t\t<div class=\"elementor-widget-wrap elementor-element-populated\">\n\t\t\t\t\t\t<div class=\"elementor-element elementor-element-9637939 elementor-button-info elementor-widget elementor-widget-button\" data-id=\"9637939\" data-element_type=\"widget\" data-e-type=\"widget\" data-widget_type=\"button.default\">\n\t\t\t\t<div class=\"elementor-widget-container\">\n\t\t\t\t\t\t\t\t\t<div class=\"elementor-button-wrapper\">\n\t\t\t\t\t<a class=\"elementor-button elementor-button-link elementor-size-sm\" href=\"https:\/\/bohena.se\/jarnhasten\/\">\n\t\t\t\t\t\t<span class=\"elementor-button-content-wrapper\">\n\t\t\t\t\t\t\t\t\t<span class=\"elementor-button-text\">\u00c5ter till f\u00f6rsta sidan<\/span>\n\t\t\t\t\t<\/span>\n\t\t\t\t\t<\/a>\n\t\t\t\t<\/div>\n\t\t\t\t\t\t\t\t<\/div>\n\t\t\t\t<\/div>\n\t\t\t\t<div class=\"elementor-element elementor-element-feba193 elementor-widget elementor-widget-text-editor\" data-id=\"feba193\" data-element_type=\"widget\" data-e-type=\"widget\" data-widget_type=\"text-editor.default\">\n\t\t\t\t<div class=\"elementor-widget-container\">\n\t\t\t\t\t\t\t\t\t<p>L\u00e4s om bolagets Integritetspolicy och policy f\u00f6r behandling av personuppgifter\u00a0<a href=\"https:\/\/bohena.se\/gdpr\">h\u00e4r.<\/a><\/p>\t\t\t\t\t\t\t\t<\/div>\n\t\t\t\t<\/div>\n\t\t\t\t\t<\/div>\n\t\t<\/div>\n\t\t\t\t\t<\/div>\n\t\t<\/section>\n\t\t\t\t<section class=\"elementor-section elementor-top-section elementor-element elementor-element-afd33d7 elementor-section-boxed elementor-section-height-default elementor-section-height-default\" data-id=\"afd33d7\" data-element_type=\"section\" data-e-type=\"section\">\n\t\t\t\t\t\t<div class=\"elementor-container elementor-column-gap-default\">\n\t\t\t\t\t<div class=\"elementor-column elementor-col-100 elementor-top-column elementor-element elementor-element-f56a64e\" data-id=\"f56a64e\" data-element_type=\"column\" data-e-type=\"column\">\n\t\t\t<div class=\"elementor-widget-wrap\">\n\t\t\t\t\t\t\t<\/div>\n\t\t<\/div>\n\t\t\t\t\t<\/div>\n\t\t<\/section>\n\t\t\t\t<\/div>\n\t\t","protected":false},"excerpt":{"rendered":"<p>Skriv n\u00e5got s\u00e5 kontaktar vi er snarast F\u00f6r broschyrer och prislista skriv bara &#8221;Broschyr&#8221; s\u00e5 skickar vi en l\u00e4nk f\u00f6r nedladdning. \u00c5ter till f\u00f6rsta sidan L\u00e4s om bolagets Integritetspolicy och policy f\u00f6r behandling av personuppgifter\u00a0h\u00e4r.<\/p>\n","protected":false},"author":1,"featured_media":0,"parent":0,"menu_order":0,"comment_status":"closed","ping_status":"closed","template":"","meta":{"footnotes":""},"class_list":["post-756","page","type-page","status-publish","hentry"],"yoast_head":"<!-- This site is optimized with the Yoast SEO Premium plugin v26.3 (Yoast SEO v27.5) - https:\/\/yoast.com\/product\/yoast-seo-premium-wordpress\/ -->\n<title>Kontakt - J\u00c4RNH\u00c4STEN<\/title>\n<meta name=\"robots\" content=\"index, follow, max-snippet:-1, max-image-preview:large, max-video-preview:-1\" \/>\n<link rel=\"canonical\" href=\"https:\/\/bohena.se\/jarnhasten\/kontakt\/\" \/>\n<meta property=\"og:locale\" content=\"sv_SE\" \/>\n<meta property=\"og:type\" content=\"article\" \/>\n<meta property=\"og:title\" content=\"Kontakt\" \/>\n<meta property=\"og:description\" content=\"Skriv n\u00e5got s\u00e5 kontaktar vi er snarast F\u00f6r broschyrer och prislista skriv bara &#8221;Broschyr&#8221; s\u00e5 skickar vi en l\u00e4nk f\u00f6r nedladdning. \u00c5ter till f\u00f6rsta sidan L\u00e4s om bolagets Integritetspolicy och policy f\u00f6r behandling av personuppgifter\u00a0h\u00e4r.\" \/>\n<meta property=\"og:url\" content=\"https:\/\/bohena.se\/jarnhasten\/kontakt\/\" \/>\n<meta property=\"og:site_name\" content=\"J\u00c4RNH\u00c4STEN\" \/>\n<meta property=\"article:publisher\" content=\"https:\/\/www.facebook.com\/jarnhast\/\" \/>\n<meta property=\"article:modified_time\" content=\"2021-01-16T13:23:45+00:00\" \/>\n<meta name=\"twitter:card\" content=\"summary_large_image\" \/>\n<meta name=\"twitter:label1\" content=\"Ber\u00e4knad l\u00e4stid\" \/>\n\t<meta name=\"twitter:data1\" content=\"1 minut\" \/>\n<script type=\"application\/ld+json\" class=\"yoast-schema-graph\">{\"@context\":\"https:\\\/\\\/schema.org\",\"@graph\":[{\"@type\":\"WebPage\",\"@id\":\"https:\\\/\\\/bohena.se\\\/jarnhasten\\\/kontakt\\\/\",\"url\":\"https:\\\/\\\/bohena.se\\\/jarnhasten\\\/kontakt\\\/\",\"name\":\"Kontakt - J\u00c4RNH\u00c4STEN\",\"isPartOf\":{\"@id\":\"https:\\\/\\\/bohena.se\\\/jarnhasten\\\/#website\"},\"datePublished\":\"2020-01-07T13:47:12+00:00\",\"dateModified\":\"2021-01-16T13:23:45+00:00\",\"breadcrumb\":{\"@id\":\"https:\\\/\\\/bohena.se\\\/jarnhasten\\\/kontakt\\\/#breadcrumb\"},\"inLanguage\":\"sv-SE\",\"potentialAction\":[{\"@type\":\"ReadAction\",\"target\":[\"https:\\\/\\\/bohena.se\\\/jarnhasten\\\/kontakt\\\/\"]}]},{\"@type\":\"BreadcrumbList\",\"@id\":\"https:\\\/\\\/bohena.se\\\/jarnhasten\\\/kontakt\\\/#breadcrumb\",\"itemListElement\":[{\"@type\":\"ListItem\",\"position\":1,\"name\":\"Home\",\"item\":\"https:\\\/\\\/bohena.se\\\/jarnhasten\\\/\"},{\"@type\":\"ListItem\",\"position\":2,\"name\":\"Kontakt\"}]},{\"@type\":\"WebSite\",\"@id\":\"https:\\\/\\\/bohena.se\\\/jarnhasten\\\/#website\",\"url\":\"https:\\\/\\\/bohena.se\\\/jarnhasten\\\/\",\"name\":\"J\u00e4rnH\u00e4sten\",\"description\":\"bandtrucken f\u00f6r transport i terr\u00e4ng och p\u00e5 v\u00e4g\",\"publisher\":{\"@id\":\"https:\\\/\\\/bohena.se\\\/jarnhasten\\\/#organization\"},\"potentialAction\":[{\"@type\":\"SearchAction\",\"target\":{\"@type\":\"EntryPoint\",\"urlTemplate\":\"https:\\\/\\\/bohena.se\\\/jarnhasten\\\/?s={search_term_string}\"},\"query-input\":{\"@type\":\"PropertyValueSpecification\",\"valueRequired\":true,\"valueName\":\"search_term_string\"}}],\"inLanguage\":\"sv-SE\"},{\"@type\":\"Organization\",\"@id\":\"https:\\\/\\\/bohena.se\\\/jarnhasten\\\/#organization\",\"name\":\"Bohena AB\",\"url\":\"https:\\\/\\\/bohena.se\\\/jarnhasten\\\/\",\"logo\":{\"@type\":\"ImageObject\",\"inLanguage\":\"sv-SE\",\"@id\":\"https:\\\/\\\/bohena.se\\\/jarnhasten\\\/#\\\/schema\\\/logo\\\/image\\\/\",\"url\":\"https:\\\/\\\/i2.wp.com\\\/bohena.se\\\/jarnhasten\\\/wp-content\\\/uploads\\\/2020\\\/02\\\/Bohena_s21.jpg?fit=741%2C86&ssl=1\",\"contentUrl\":\"https:\\\/\\\/i2.wp.com\\\/bohena.se\\\/jarnhasten\\\/wp-content\\\/uploads\\\/2020\\\/02\\\/Bohena_s21.jpg?fit=741%2C86&ssl=1\",\"width\":741,\"height\":86,\"caption\":\"Bohena AB\"},\"image\":{\"@id\":\"https:\\\/\\\/bohena.se\\\/jarnhasten\\\/#\\\/schema\\\/logo\\\/image\\\/\"},\"sameAs\":[\"https:\\\/\\\/www.facebook.com\\\/jarnhast\\\/\",\"https:\\\/\\\/www.youtube.com\\\/channel\\\/UC8C4nMoD2GBxcCJCIXo9EWA\"]}]}<\/script>\n<!-- \/ Yoast SEO Premium plugin. -->","yoast_head_json":{"title":"Kontakt - J\u00c4RNH\u00c4STEN","robots":{"index":"index","follow":"follow","max-snippet":"max-snippet:-1","max-image-preview":"max-image-preview:large","max-video-preview":"max-video-preview:-1"},"canonical":"https:\/\/bohena.se\/jarnhasten\/kontakt\/","og_locale":"sv_SE","og_type":"article","og_title":"Kontakt","og_description":"Skriv n\u00e5got s\u00e5 kontaktar vi er snarast F\u00f6r broschyrer och prislista skriv bara &#8221;Broschyr&#8221; s\u00e5 skickar vi en l\u00e4nk f\u00f6r nedladdning. \u00c5ter till f\u00f6rsta sidan L\u00e4s om bolagets Integritetspolicy och policy f\u00f6r behandling av personuppgifter\u00a0h\u00e4r.","og_url":"https:\/\/bohena.se\/jarnhasten\/kontakt\/","og_site_name":"J\u00c4RNH\u00c4STEN","article_publisher":"https:\/\/www.facebook.com\/jarnhast\/","article_modified_time":"2021-01-16T13:23:45+00:00","twitter_card":"summary_large_image","twitter_misc":{"Ber\u00e4knad l\u00e4stid":"1 minut"},"schema":{"@context":"https:\/\/schema.org","@graph":[{"@type":"WebPage","@id":"https:\/\/bohena.se\/jarnhasten\/kontakt\/","url":"https:\/\/bohena.se\/jarnhasten\/kontakt\/","name":"Kontakt - J\u00c4RNH\u00c4STEN","isPartOf":{"@id":"https:\/\/bohena.se\/jarnhasten\/#website"},"datePublished":"2020-01-07T13:47:12+00:00","dateModified":"2021-01-16T13:23:45+00:00","breadcrumb":{"@id":"https:\/\/bohena.se\/jarnhasten\/kontakt\/#breadcrumb"},"inLanguage":"sv-SE","potentialAction":[{"@type":"ReadAction","target":["https:\/\/bohena.se\/jarnhasten\/kontakt\/"]}]},{"@type":"BreadcrumbList","@id":"https:\/\/bohena.se\/jarnhasten\/kontakt\/#breadcrumb","itemListElement":[{"@type":"ListItem","position":1,"name":"Home","item":"https:\/\/bohena.se\/jarnhasten\/"},{"@type":"ListItem","position":2,"name":"Kontakt"}]},{"@type":"WebSite","@id":"https:\/\/bohena.se\/jarnhasten\/#website","url":"https:\/\/bohena.se\/jarnhasten\/","name":"J\u00e4rnH\u00e4sten","description":"bandtrucken f\u00f6r transport i terr\u00e4ng och p\u00e5 v\u00e4g","publisher":{"@id":"https:\/\/bohena.se\/jarnhasten\/#organization"},"potentialAction":[{"@type":"SearchAction","target":{"@type":"EntryPoint","urlTemplate":"https:\/\/bohena.se\/jarnhasten\/?s={search_term_string}"},"query-input":{"@type":"PropertyValueSpecification","valueRequired":true,"valueName":"search_term_string"}}],"inLanguage":"sv-SE"},{"@type":"Organization","@id":"https:\/\/bohena.se\/jarnhasten\/#organization","name":"Bohena AB","url":"https:\/\/bohena.se\/jarnhasten\/","logo":{"@type":"ImageObject","inLanguage":"sv-SE","@id":"https:\/\/bohena.se\/jarnhasten\/#\/schema\/logo\/image\/","url":"https:\/\/i2.wp.com\/bohena.se\/jarnhasten\/wp-content\/uploads\/2020\/02\/Bohena_s21.jpg?fit=741%2C86&ssl=1","contentUrl":"https:\/\/i2.wp.com\/bohena.se\/jarnhasten\/wp-content\/uploads\/2020\/02\/Bohena_s21.jpg?fit=741%2C86&ssl=1","width":741,"height":86,"caption":"Bohena AB"},"image":{"@id":"https:\/\/bohena.se\/jarnhasten\/#\/schema\/logo\/image\/"},"sameAs":["https:\/\/www.facebook.com\/jarnhast\/","https:\/\/www.youtube.com\/channel\/UC8C4nMoD2GBxcCJCIXo9EWA"]}]}},"jetpack_sharing_enabled":true,"_links":{"self":[{"href":"https:\/\/bohena.se\/jarnhasten\/wp-json\/wp\/v2\/pages\/756","targetHints":{"allow":["GET"]}}],"collection":[{"href":"https:\/\/bohena.se\/jarnhasten\/wp-json\/wp\/v2\/pages"}],"about":[{"href":"https:\/\/bohena.se\/jarnhasten\/wp-json\/wp\/v2\/types\/page"}],"author":[{"embeddable":true,"href":"https:\/\/bohena.se\/jarnhasten\/wp-json\/wp\/v2\/users\/1"}],"replies":[{"embeddable":true,"href":"https:\/\/bohena.se\/jarnhasten\/wp-json\/wp\/v2\/comments?post=756"}],"version-history":[{"count":16,"href":"https:\/\/bohena.se\/jarnhasten\/wp-json\/wp\/v2\/pages\/756\/revisions"}],"predecessor-version":[{"id":1315,"href":"https:\/\/bohena.se\/jarnhasten\/wp-json\/wp\/v2\/pages\/756\/revisions\/1315"}],"wp:attachment":[{"href":"https:\/\/bohena.se\/jarnhasten\/wp-json\/wp\/v2\/media?parent=756"}],"curies":[{"name":"wp","href":"https:\/\/api.w.org\/{rel}","templated":true}]}}