{"id":897,"date":"2020-01-18T15:57:45","date_gmt":"2020-01-18T14:57:45","guid":{"rendered":"http:\/\/bohena.se\/jarnhasten\/?page_id=897"},"modified":"2020-01-18T16:22:32","modified_gmt":"2020-01-18T15:22:32","slug":"video","status":"publish","type":"page","link":"https:\/\/bohena.se\/jarnhasten\/video\/","title":{"rendered":"Video"},"content":{"rendered":"\t\t<div data-elementor-type=\"wp-page\" data-elementor-id=\"897\" class=\"elementor elementor-897\" data-elementor-post-type=\"page\">\n\t\t\t\t\t\t<section class=\"elementor-section elementor-top-section elementor-element elementor-element-b844620 elementor-section-boxed elementor-section-height-default elementor-section-height-default\" data-id=\"b844620\" data-element_type=\"section\" data-e-type=\"section\">\n\t\t\t\t\t\t<div class=\"elementor-container elementor-column-gap-default\">\n\t\t\t\t\t<div class=\"elementor-column elementor-col-100 elementor-top-column elementor-element elementor-element-af3a6c8\" data-id=\"af3a6c8\" data-element_type=\"column\" data-e-type=\"column\">\n\t\t\t<div class=\"elementor-widget-wrap elementor-element-populated\">\n\t\t\t\t\t\t<div class=\"elementor-element elementor-element-63cfb0e elementor-widget elementor-widget-video\" data-id=\"63cfb0e\" data-element_type=\"widget\" data-e-type=\"widget\" data-settings=\"{&quot;youtube_url&quot;:&quot;https:\\\/\\\/www.youtube.com\\\/watch?v=E_Ak5Qj_5zI&quot;,&quot;video_type&quot;:&quot;youtube&quot;,&quot;controls&quot;:&quot;yes&quot;}\" data-widget_type=\"video.default\">\n\t\t\t\t<div class=\"elementor-widget-container\">\n\t\t\t\t\t\t\t<div class=\"elementor-wrapper elementor-open-inline\">\n\t\t\t<div class=\"elementor-video\"><\/div>\t\t<\/div>\n\t\t\t\t\t\t<\/div>\n\t\t\t\t<\/div>\n\t\t\t\t\t<\/div>\n\t\t<\/div>\n\t\t\t\t\t<\/div>\n\t\t<\/section>\n\t\t\t\t<section class=\"elementor-section elementor-top-section elementor-element elementor-element-9cc7490 elementor-section-boxed elementor-section-height-default elementor-section-height-default\" data-id=\"9cc7490\" data-element_type=\"section\" data-e-type=\"section\">\n\t\t\t\t\t\t<div class=\"elementor-container elementor-column-gap-default\">\n\t\t\t\t\t<div class=\"elementor-column elementor-col-100 elementor-top-column elementor-element elementor-element-778bb1e\" data-id=\"778bb1e\" data-element_type=\"column\" data-e-type=\"column\">\n\t\t\t<div class=\"elementor-widget-wrap elementor-element-populated\">\n\t\t\t\t\t\t<div class=\"elementor-element elementor-element-ff6ca82 elementor-widget elementor-widget-video\" data-id=\"ff6ca82\" data-element_type=\"widget\" data-e-type=\"widget\" data-settings=\"{&quot;youtube_url&quot;:&quot;https:\\\/\\\/www.youtube.com\\\/watch?v=okb86OnYzh4&quot;,&quot;video_type&quot;:&quot;youtube&quot;,&quot;controls&quot;:&quot;yes&quot;}\" data-widget_type=\"video.default\">\n\t\t\t\t<div class=\"elementor-widget-container\">\n\t\t\t\t\t\t\t<div class=\"elementor-wrapper elementor-open-inline\">\n\t\t\t<div class=\"elementor-video\"><\/div>\t\t<\/div>\n\t\t\t\t\t\t<\/div>\n\t\t\t\t<\/div>\n\t\t\t\t<div class=\"elementor-element elementor-element-967af44 elementor-widget elementor-widget-video\" data-id=\"967af44\" data-element_type=\"widget\" data-e-type=\"widget\" data-settings=\"{&quot;youtube_url&quot;:&quot;https:\\\/\\\/www.youtube.com\\\/watch?v=yVVPhe1fZXo&amp;t=71s&quot;,&quot;video_type&quot;:&quot;youtube&quot;,&quot;controls&quot;:&quot;yes&quot;}\" data-widget_type=\"video.default\">\n\t\t\t\t<div class=\"elementor-widget-container\">\n\t\t\t\t\t\t\t<div class=\"elementor-wrapper elementor-open-inline\">\n\t\t\t<div class=\"elementor-video\"><\/div>\t\t<\/div>\n\t\t\t\t\t\t<\/div>\n\t\t\t\t<\/div>\n\t\t\t\t<div class=\"elementor-element elementor-element-ccb2590 elementor-widget elementor-widget-video\" data-id=\"ccb2590\" data-element_type=\"widget\" data-e-type=\"widget\" data-settings=\"{&quot;youtube_url&quot;:&quot;https:\\\/\\\/www.youtube.com\\\/watch?v=c578D3bFE0E&quot;,&quot;video_type&quot;:&quot;youtube&quot;,&quot;controls&quot;:&quot;yes&quot;}\" data-widget_type=\"video.default\">\n\t\t\t\t<div class=\"elementor-widget-container\">\n\t\t\t\t\t\t\t<div class=\"elementor-wrapper elementor-open-inline\">\n\t\t\t<div class=\"elementor-video\"><\/div>\t\t<\/div>\n\t\t\t\t\t\t<\/div>\n\t\t\t\t<\/div>\n\t\t\t\t<div class=\"elementor-element elementor-element-08489a7 elementor-widget elementor-widget-video\" data-id=\"08489a7\" data-element_type=\"widget\" data-e-type=\"widget\" data-settings=\"{&quot;youtube_url&quot;:&quot;https:\\\/\\\/www.youtube.com\\\/watch?v=L6qBTyN7DRM&quot;,&quot;video_type&quot;:&quot;youtube&quot;,&quot;controls&quot;:&quot;yes&quot;}\" data-widget_type=\"video.default\">\n\t\t\t\t<div class=\"elementor-widget-container\">\n\t\t\t\t\t\t\t<div class=\"elementor-wrapper elementor-open-inline\">\n\t\t\t<div class=\"elementor-video\"><\/div>\t\t<\/div>\n\t\t\t\t\t\t<\/div>\n\t\t\t\t<\/div>\n\t\t\t\t<div class=\"elementor-element elementor-element-79ff94e elementor-widget elementor-widget-video\" data-id=\"79ff94e\" data-element_type=\"widget\" data-e-type=\"widget\" data-settings=\"{&quot;youtube_url&quot;:&quot;https:\\\/\\\/www.youtube.com\\\/watch?v=9RUWcxFpRPk&quot;,&quot;video_type&quot;:&quot;youtube&quot;,&quot;controls&quot;:&quot;yes&quot;}\" data-widget_type=\"video.default\">\n\t\t\t\t<div class=\"elementor-widget-container\">\n\t\t\t\t\t\t\t<div class=\"elementor-wrapper elementor-open-inline\">\n\t\t\t<div class=\"elementor-video\"><\/div>\t\t<\/div>\n\t\t\t\t\t\t<\/div>\n\t\t\t\t<\/div>\n\t\t\t\t<div class=\"elementor-element elementor-element-a665b7b elementor-widget elementor-widget-spacer\" data-id=\"a665b7b\" data-element_type=\"widget\" data-e-type=\"widget\" data-widget_type=\"spacer.default\">\n\t\t\t\t<div class=\"elementor-widget-container\">\n\t\t\t\t\t\t\t<div class=\"elementor-spacer\">\n\t\t\t<div class=\"elementor-spacer-inner\"><\/div>\n\t\t<\/div>\n\t\t\t\t\t\t<\/div>\n\t\t\t\t<\/div>\n\t\t\t\t\t<\/div>\n\t\t<\/div>\n\t\t\t\t\t<\/div>\n\t\t<\/section>\n\t\t\t\t<section class=\"elementor-section elementor-top-section elementor-element elementor-element-8a30d6e elementor-section-boxed elementor-section-height-default elementor-section-height-default\" data-id=\"8a30d6e\" data-element_type=\"section\" data-e-type=\"section\">\n\t\t\t\t\t\t<div class=\"elementor-container elementor-column-gap-default\">\n\t\t\t\t\t<div class=\"elementor-column elementor-col-100 elementor-top-column elementor-element elementor-element-56e10c1\" data-id=\"56e10c1\" data-element_type=\"column\" data-e-type=\"column\">\n\t\t\t<div class=\"elementor-widget-wrap elementor-element-populated\">\n\t\t\t\t\t\t<div class=\"elementor-element elementor-element-5086df6 elementor-button-danger elementor-align-center elementor-widget elementor-widget-button\" data-id=\"5086df6\" data-element_type=\"widget\" data-e-type=\"widget\" data-widget_type=\"button.default\">\n\t\t\t\t<div class=\"elementor-widget-container\">\n\t\t\t\t\t\t\t\t\t<div class=\"elementor-button-wrapper\">\n\t\t\t\t\t<a class=\"elementor-button elementor-button-link elementor-size-xl elementor-animation-pulse-grow\" href=\"https:\/\/www.youtube.com\/user\/Lennartsforsplay\/videos\">\n\t\t\t\t\t\t<span class=\"elementor-button-content-wrapper\">\n\t\t\t\t\t\t\t\t\t<span class=\"elementor-button-text\">Klicka h\u00e4r f\u00f6r fler videos<\/span>\n\t\t\t\t\t<\/span>\n\t\t\t\t\t<\/a>\n\t\t\t\t<\/div>\n\t\t\t\t\t\t\t\t<\/div>\n\t\t\t\t<\/div>\n\t\t\t\t\t<\/div>\n\t\t<\/div>\n\t\t\t\t\t<\/div>\n\t\t<\/section>\n\t\t\t\t<\/div>\n\t\t","protected":false},"excerpt":{"rendered":"<p>https:\/\/www.youtube.com\/watch?v=E_Ak5Qj_5zIhttps:\/\/www.youtube.com\/watch?v=okb86OnYzh4https:\/\/www.youtube.com\/watch?v=yVVPhe1fZXo&#038;t=71shttps:\/\/www.youtube.com\/watch?v=c578D3bFE0Ehttps:\/\/www.youtube.com\/watch?v=L6qBTyN7DRMhttps:\/\/www.youtube.com\/watch?v=9RUWcxFpRPk Klicka h\u00e4r f\u00f6r fler videos<\/p>\n","protected":false},"author":1,"featured_media":0,"parent":0,"menu_order":0,"comment_status":"closed","ping_status":"closed","template":"","meta":{"footnotes":""},"class_list":["post-897","page","type-page","status-publish","hentry"],"yoast_head":"<!-- This site is optimized with the Yoast SEO Premium plugin v26.3 (Yoast SEO v27.5) - https:\/\/yoast.com\/product\/yoast-seo-premium-wordpress\/ -->\n<title>Video - J\u00c4RNH\u00c4STEN<\/title>\n<meta name=\"robots\" content=\"index, follow, max-snippet:-1, max-image-preview:large, max-video-preview:-1\" \/>\n<link rel=\"canonical\" href=\"https:\/\/bohena.se\/jarnhasten\/video\/\" \/>\n<meta property=\"og:locale\" content=\"sv_SE\" \/>\n<meta property=\"og:type\" content=\"article\" \/>\n<meta property=\"og:title\" content=\"Video\" \/>\n<meta property=\"og:description\" content=\"https:\/\/www.youtube.com\/watch?v=E_Ak5Qj_5zIhttps:\/\/www.youtube.com\/watch?v=okb86OnYzh4https:\/\/www.youtube.com\/watch?v=yVVPhe1fZXo&#038;t=71shttps:\/\/www.youtube.com\/watch?v=c578D3bFE0Ehttps:\/\/www.youtube.com\/watch?v=L6qBTyN7DRMhttps:\/\/www.youtube.com\/watch?v=9RUWcxFpRPk Klicka h\u00e4r f\u00f6r fler videos\" \/>\n<meta property=\"og:url\" content=\"https:\/\/bohena.se\/jarnhasten\/video\/\" \/>\n<meta property=\"og:site_name\" content=\"J\u00c4RNH\u00c4STEN\" \/>\n<meta property=\"article:publisher\" content=\"https:\/\/www.facebook.com\/jarnhast\/\" \/>\n<meta property=\"article:modified_time\" content=\"2020-01-18T15:22:32+00:00\" \/>\n<meta name=\"twitter:card\" content=\"summary_large_image\" \/>\n<script type=\"application\/ld+json\" class=\"yoast-schema-graph\">{\"@context\":\"https:\\\/\\\/schema.org\",\"@graph\":[{\"@type\":\"WebPage\",\"@id\":\"https:\\\/\\\/bohena.se\\\/jarnhasten\\\/video\\\/\",\"url\":\"https:\\\/\\\/bohena.se\\\/jarnhasten\\\/video\\\/\",\"name\":\"Video - J\u00c4RNH\u00c4STEN\",\"isPartOf\":{\"@id\":\"https:\\\/\\\/bohena.se\\\/jarnhasten\\\/#website\"},\"datePublished\":\"2020-01-18T14:57:45+00:00\",\"dateModified\":\"2020-01-18T15:22:32+00:00\",\"breadcrumb\":{\"@id\":\"https:\\\/\\\/bohena.se\\\/jarnhasten\\\/video\\\/#breadcrumb\"},\"inLanguage\":\"sv-SE\",\"potentialAction\":[{\"@type\":\"ReadAction\",\"target\":[\"https:\\\/\\\/bohena.se\\\/jarnhasten\\\/video\\\/\"]}]},{\"@type\":\"BreadcrumbList\",\"@id\":\"https:\\\/\\\/bohena.se\\\/jarnhasten\\\/video\\\/#breadcrumb\",\"itemListElement\":[{\"@type\":\"ListItem\",\"position\":1,\"name\":\"Home\",\"item\":\"https:\\\/\\\/bohena.se\\\/jarnhasten\\\/\"},{\"@type\":\"ListItem\",\"position\":2,\"name\":\"Video\"}]},{\"@type\":\"WebSite\",\"@id\":\"https:\\\/\\\/bohena.se\\\/jarnhasten\\\/#website\",\"url\":\"https:\\\/\\\/bohena.se\\\/jarnhasten\\\/\",\"name\":\"J\u00e4rnH\u00e4sten\",\"description\":\"bandtrucken f\u00f6r transport i terr\u00e4ng och p\u00e5 v\u00e4g\",\"publisher\":{\"@id\":\"https:\\\/\\\/bohena.se\\\/jarnhasten\\\/#organization\"},\"potentialAction\":[{\"@type\":\"SearchAction\",\"target\":{\"@type\":\"EntryPoint\",\"urlTemplate\":\"https:\\\/\\\/bohena.se\\\/jarnhasten\\\/?s={search_term_string}\"},\"query-input\":{\"@type\":\"PropertyValueSpecification\",\"valueRequired\":true,\"valueName\":\"search_term_string\"}}],\"inLanguage\":\"sv-SE\"},{\"@type\":\"Organization\",\"@id\":\"https:\\\/\\\/bohena.se\\\/jarnhasten\\\/#organization\",\"name\":\"Bohena AB\",\"url\":\"https:\\\/\\\/bohena.se\\\/jarnhasten\\\/\",\"logo\":{\"@type\":\"ImageObject\",\"inLanguage\":\"sv-SE\",\"@id\":\"https:\\\/\\\/bohena.se\\\/jarnhasten\\\/#\\\/schema\\\/logo\\\/image\\\/\",\"url\":\"https:\\\/\\\/i2.wp.com\\\/bohena.se\\\/jarnhasten\\\/wp-content\\\/uploads\\\/2020\\\/02\\\/Bohena_s21.jpg?fit=741%2C86&ssl=1\",\"contentUrl\":\"https:\\\/\\\/i2.wp.com\\\/bohena.se\\\/jarnhasten\\\/wp-content\\\/uploads\\\/2020\\\/02\\\/Bohena_s21.jpg?fit=741%2C86&ssl=1\",\"width\":741,\"height\":86,\"caption\":\"Bohena AB\"},\"image\":{\"@id\":\"https:\\\/\\\/bohena.se\\\/jarnhasten\\\/#\\\/schema\\\/logo\\\/image\\\/\"},\"sameAs\":[\"https:\\\/\\\/www.facebook.com\\\/jarnhast\\\/\",\"https:\\\/\\\/www.youtube.com\\\/channel\\\/UC8C4nMoD2GBxcCJCIXo9EWA\"]}]}<\/script>\n<!-- \/ Yoast SEO Premium plugin. -->","yoast_head_json":{"title":"Video - J\u00c4RNH\u00c4STEN","robots":{"index":"index","follow":"follow","max-snippet":"max-snippet:-1","max-image-preview":"max-image-preview:large","max-video-preview":"max-video-preview:-1"},"canonical":"https:\/\/bohena.se\/jarnhasten\/video\/","og_locale":"sv_SE","og_type":"article","og_title":"Video","og_description":"https:\/\/www.youtube.com\/watch?v=E_Ak5Qj_5zIhttps:\/\/www.youtube.com\/watch?v=okb86OnYzh4https:\/\/www.youtube.com\/watch?v=yVVPhe1fZXo&#038;t=71shttps:\/\/www.youtube.com\/watch?v=c578D3bFE0Ehttps:\/\/www.youtube.com\/watch?v=L6qBTyN7DRMhttps:\/\/www.youtube.com\/watch?v=9RUWcxFpRPk Klicka h\u00e4r f\u00f6r fler videos","og_url":"https:\/\/bohena.se\/jarnhasten\/video\/","og_site_name":"J\u00c4RNH\u00c4STEN","article_publisher":"https:\/\/www.facebook.com\/jarnhast\/","article_modified_time":"2020-01-18T15:22:32+00:00","twitter_card":"summary_large_image","schema":{"@context":"https:\/\/schema.org","@graph":[{"@type":"WebPage","@id":"https:\/\/bohena.se\/jarnhasten\/video\/","url":"https:\/\/bohena.se\/jarnhasten\/video\/","name":"Video - J\u00c4RNH\u00c4STEN","isPartOf":{"@id":"https:\/\/bohena.se\/jarnhasten\/#website"},"datePublished":"2020-01-18T14:57:45+00:00","dateModified":"2020-01-18T15:22:32+00:00","breadcrumb":{"@id":"https:\/\/bohena.se\/jarnhasten\/video\/#breadcrumb"},"inLanguage":"sv-SE","potentialAction":[{"@type":"ReadAction","target":["https:\/\/bohena.se\/jarnhasten\/video\/"]}]},{"@type":"BreadcrumbList","@id":"https:\/\/bohena.se\/jarnhasten\/video\/#breadcrumb","itemListElement":[{"@type":"ListItem","position":1,"name":"Home","item":"https:\/\/bohena.se\/jarnhasten\/"},{"@type":"ListItem","position":2,"name":"Video"}]},{"@type":"WebSite","@id":"https:\/\/bohena.se\/jarnhasten\/#website","url":"https:\/\/bohena.se\/jarnhasten\/","name":"J\u00e4rnH\u00e4sten","description":"bandtrucken f\u00f6r transport i terr\u00e4ng och p\u00e5 v\u00e4g","publisher":{"@id":"https:\/\/bohena.se\/jarnhasten\/#organization"},"potentialAction":[{"@type":"SearchAction","target":{"@type":"EntryPoint","urlTemplate":"https:\/\/bohena.se\/jarnhasten\/?s={search_term_string}"},"query-input":{"@type":"PropertyValueSpecification","valueRequired":true,"valueName":"search_term_string"}}],"inLanguage":"sv-SE"},{"@type":"Organization","@id":"https:\/\/bohena.se\/jarnhasten\/#organization","name":"Bohena AB","url":"https:\/\/bohena.se\/jarnhasten\/","logo":{"@type":"ImageObject","inLanguage":"sv-SE","@id":"https:\/\/bohena.se\/jarnhasten\/#\/schema\/logo\/image\/","url":"https:\/\/i2.wp.com\/bohena.se\/jarnhasten\/wp-content\/uploads\/2020\/02\/Bohena_s21.jpg?fit=741%2C86&ssl=1","contentUrl":"https:\/\/i2.wp.com\/bohena.se\/jarnhasten\/wp-content\/uploads\/2020\/02\/Bohena_s21.jpg?fit=741%2C86&ssl=1","width":741,"height":86,"caption":"Bohena AB"},"image":{"@id":"https:\/\/bohena.se\/jarnhasten\/#\/schema\/logo\/image\/"},"sameAs":["https:\/\/www.facebook.com\/jarnhast\/","https:\/\/www.youtube.com\/channel\/UC8C4nMoD2GBxcCJCIXo9EWA"]}]}},"jetpack_sharing_enabled":true,"_links":{"self":[{"href":"https:\/\/bohena.se\/jarnhasten\/wp-json\/wp\/v2\/pages\/897","targetHints":{"allow":["GET"]}}],"collection":[{"href":"https:\/\/bohena.se\/jarnhasten\/wp-json\/wp\/v2\/pages"}],"about":[{"href":"https:\/\/bohena.se\/jarnhasten\/wp-json\/wp\/v2\/types\/page"}],"author":[{"embeddable":true,"href":"https:\/\/bohena.se\/jarnhasten\/wp-json\/wp\/v2\/users\/1"}],"replies":[{"embeddable":true,"href":"https:\/\/bohena.se\/jarnhasten\/wp-json\/wp\/v2\/comments?post=897"}],"version-history":[{"count":4,"href":"https:\/\/bohena.se\/jarnhasten\/wp-json\/wp\/v2\/pages\/897\/revisions"}],"predecessor-version":[{"id":1652,"href":"https:\/\/bohena.se\/jarnhasten\/wp-json\/wp\/v2\/pages\/897\/revisions\/1652"}],"wp:attachment":[{"href":"https:\/\/bohena.se\/jarnhasten\/wp-json\/wp\/v2\/media?parent=897"}],"curies":[{"name":"wp","href":"https:\/\/api.w.org\/{rel}","templated":true}]}}