{"id":901,"date":"2020-01-18T16:16:27","date_gmt":"2020-01-18T15:16:27","guid":{"rendered":"http:\/\/bohena.se\/jarnhasten\/?page_id=901"},"modified":"2024-04-25T12:58:45","modified_gmt":"2024-04-25T11:58:45","slug":"finansiering","status":"publish","type":"page","link":"https:\/\/bohena.se\/jarnhasten\/finansiering\/","title":{"rendered":"Finansiering"},"content":{"rendered":"\t\t<div data-elementor-type=\"wp-page\" data-elementor-id=\"901\" class=\"elementor elementor-901\" data-elementor-post-type=\"page\">\n\t\t\t\t\t\t<section class=\"elementor-section elementor-top-section elementor-element elementor-element-0cf2da5 elementor-section-boxed elementor-section-height-default elementor-section-height-default\" data-id=\"0cf2da5\" data-element_type=\"section\" data-e-type=\"section\">\n\t\t\t\t\t\t<div class=\"elementor-container elementor-column-gap-default\">\n\t\t\t\t\t<div class=\"elementor-column elementor-col-100 elementor-top-column elementor-element elementor-element-176fdc9\" data-id=\"176fdc9\" data-element_type=\"column\" data-e-type=\"column\">\n\t\t\t<div class=\"elementor-widget-wrap elementor-element-populated\">\n\t\t\t\t\t\t<div class=\"elementor-element elementor-element-01dd70b elementor-widget elementor-widget-image\" data-id=\"01dd70b\" data-element_type=\"widget\" data-e-type=\"widget\" data-widget_type=\"image.default\">\n\t\t\t\t<div class=\"elementor-widget-container\">\n\t\t\t\t\t\t\t\t\t\t\t\t\t\t\t<img decoding=\"async\" width=\"300\" height=\"110\" src=\"https:\/\/i0.wp.com\/bohena.se\/jarnhasten\/wp-content\/uploads\/2022\/02\/Svea_Bank.png?fit=300%2C110&amp;ssl=1\" class=\"attachment-medium size-medium wp-image-2108\" alt=\"\" srcset=\"https:\/\/i0.wp.com\/bohena.se\/jarnhasten\/wp-content\/uploads\/2022\/02\/Svea_Bank.png?w=500&amp;ssl=1 500w, https:\/\/i0.wp.com\/bohena.se\/jarnhasten\/wp-content\/uploads\/2022\/02\/Svea_Bank.png?resize=300%2C110&amp;ssl=1 300w\" sizes=\"(max-width: 300px) 100vw, 300px\" \/>\t\t\t\t\t\t\t\t\t\t\t\t\t\t\t<\/div>\n\t\t\t\t<\/div>\n\t\t\t\t\t<\/div>\n\t\t<\/div>\n\t\t\t\t\t<\/div>\n\t\t<\/section>\n\t\t\t\t<section class=\"elementor-section elementor-top-section elementor-element elementor-element-4482dca elementor-section-boxed elementor-section-height-default elementor-section-height-default\" data-id=\"4482dca\" data-element_type=\"section\" data-e-type=\"section\">\n\t\t\t\t\t\t<div class=\"elementor-container elementor-column-gap-default\">\n\t\t\t\t\t<div class=\"elementor-column elementor-col-100 elementor-top-column elementor-element elementor-element-a8aa2d0\" data-id=\"a8aa2d0\" data-element_type=\"column\" data-e-type=\"column\">\n\t\t\t<div class=\"elementor-widget-wrap elementor-element-populated\">\n\t\t\t\t\t\t<div class=\"elementor-element elementor-element-52ec857 elementor-widget elementor-widget-text-editor\" data-id=\"52ec857\" data-element_type=\"widget\" data-e-type=\"widget\" data-widget_type=\"text-editor.default\">\n\t\t\t\t<div class=\"elementor-widget-container\">\n\t\t\t\t\t\t\t\t\t<h2><strong>LEASING F\u00d6RETAG<\/strong><\/h2><p>Vi erbjuder leasing utan kontantinsats eller valfri kontantinsats 24 till 72 m\u00e5nader<\/p><p>G\u00e4ller aktiebolag, handelsbolag eller enskild firma kontakta oss f\u00f6r offert.<\/p><h6><strong>Allriskf\u00f6rs\u00e4kring med endast 3.000 kr sj\u00e4lvrisk erbjuds vid k\u00f6p genom leasing.<br \/><\/strong><\/h6>\t\t\t\t\t\t\t\t<\/div>\n\t\t\t\t<\/div>\n\t\t\t\t<div class=\"elementor-element elementor-element-0a12b31 elementor-button-info elementor-widget elementor-widget-button\" data-id=\"0a12b31\" data-element_type=\"widget\" data-e-type=\"widget\" data-widget_type=\"button.default\">\n\t\t\t\t<div class=\"elementor-widget-container\">\n\t\t\t\t\t\t\t\t\t<div class=\"elementor-button-wrapper\">\n\t\t\t\t\t<a class=\"elementor-button elementor-button-link elementor-size-lg elementor-animation-pulse-shrink\" href=\"http:\/\/bohena.se\/jarnhasten\/wp-content\/uploads\/2020\/01\/F\u00f6rs\u00e4kring-Svea-Ekonomi.pdf\">\n\t\t\t\t\t\t<span class=\"elementor-button-content-wrapper\">\n\t\t\t\t\t\t\t\t\t<span class=\"elementor-button-text\">L\u00e4s f\u00f6rs\u00e4kringsvillkor h\u00e4r<\/span>\n\t\t\t\t\t<\/span>\n\t\t\t\t\t<\/a>\n\t\t\t\t<\/div>\n\t\t\t\t\t\t\t\t<\/div>\n\t\t\t\t<\/div>\n\t\t\t\t\t<\/div>\n\t\t<\/div>\n\t\t\t\t\t<\/div>\n\t\t<\/section>\n\t\t\t\t<section class=\"elementor-section elementor-top-section elementor-element elementor-element-7645611 elementor-section-boxed elementor-section-height-default elementor-section-height-default\" data-id=\"7645611\" data-element_type=\"section\" data-e-type=\"section\">\n\t\t\t\t\t\t<div class=\"elementor-container elementor-column-gap-default\">\n\t\t\t\t\t<div class=\"elementor-column elementor-col-100 elementor-top-column elementor-element elementor-element-e4f7a78\" data-id=\"e4f7a78\" data-element_type=\"column\" data-e-type=\"column\">\n\t\t\t<div class=\"elementor-widget-wrap elementor-element-populated\">\n\t\t\t\t\t\t<div class=\"elementor-element elementor-element-f28e60c elementor-widget elementor-widget-text-editor\" data-id=\"f28e60c\" data-element_type=\"widget\" data-e-type=\"widget\" data-widget_type=\"text-editor.default\">\n\t\t\t\t<div class=\"elementor-widget-container\">\n\t\t\t\t\t\t\t\t\t<h2><strong>DELBETALNING PRIVATPERSONER<\/strong><\/h2><p>Som privatperson kan vi erbjuda dig delbetalning p\u00e5 ditt k\u00f6p upp till 250.000 kr i upp till 144 m\u00e5nader m\u00e5nader till en f\u00f6rm\u00e5nlig r\u00e4nta. Du kan n\u00e4r som helst betala in hela beloppet utan ytterligare avgifter och du kan delbetala mer \u00e4n det \u00f6verenskomna beloppet per m\u00e5nad. Det g\u00e5r ocks\u00e5 bra att betala en del direkt och finansiera resten. Vi erbjuder ocks\u00e5 upp till 24 m\u00e5nader r\u00e4ntefri betalning.<\/p>\t\t\t\t\t\t\t\t<\/div>\n\t\t\t\t<\/div>\n\t\t\t\t<div class=\"elementor-element elementor-element-d0a42b3 elementor-widget elementor-widget-text-editor\" data-id=\"d0a42b3\" data-element_type=\"widget\" data-e-type=\"widget\" data-widget_type=\"text-editor.default\">\n\t\t\t\t<div class=\"elementor-widget-container\">\n\t\t\t\t\t\t\t\t\t<h2><strong>ANS\u00d6K DIREKT MED SVEA SELF<\/strong><\/h2><div><p>Du kan g\u00f6ra en ans\u00f6kan direkt online med Svea Self, n\u00e4r din kredit blivit beviljad kontaktar vi dig f\u00f6r att genomf\u00f6ra ditt k\u00f6p.<\/p><p><strong>OBS! F\u00f6r att ans\u00f6ka direkt online kr\u00e4vs Mobilt-Bank-ID<\/strong><br \/>Fyll i summan f\u00f6r ditt \u00f6nskade k\u00f6p och klicka p\u00e5 \u201dVisa kampanjer\u201d. D\u00e4r f\u00e5r du direkt en \u00f6verblick av vad kostnaderna blir.<\/p><\/div>\t\t\t\t\t\t\t\t<\/div>\n\t\t\t\t<\/div>\n\t\t\t\t<div class=\"elementor-element elementor-element-11fd8e6 elementor-button-success elementor-widget elementor-widget-button\" data-id=\"11fd8e6\" data-element_type=\"widget\" data-e-type=\"widget\" data-widget_type=\"button.default\">\n\t\t\t\t<div class=\"elementor-widget-container\">\n\t\t\t\t\t\t\t\t\t<div class=\"elementor-button-wrapper\">\n\t\t\t\t\t<a class=\"elementor-button elementor-button-link elementor-size-lg elementor-animation-pulse-shrink\" href=\"https:\/\/self.svea.com\/Apply\/16c8aa5a-a665-40b4-b9ff-0570f7beed80\">\n\t\t\t\t\t\t<span class=\"elementor-button-content-wrapper\">\n\t\t\t\t\t\t\t\t\t<span class=\"elementor-button-text\">Ans\u00f6k och se din kostnad h\u00e4r<\/span>\n\t\t\t\t\t<\/span>\n\t\t\t\t\t<\/a>\n\t\t\t\t<\/div>\n\t\t\t\t\t\t\t\t<\/div>\n\t\t\t\t<\/div>\n\t\t\t\t<div class=\"elementor-element elementor-element-1833911 elementor-widget elementor-widget-text-editor\" data-id=\"1833911\" data-element_type=\"widget\" data-e-type=\"widget\" data-widget_type=\"text-editor.default\">\n\t\t\t\t<div class=\"elementor-widget-container\">\n\t\t\t\t\t\t\t\t\t<div><div><div><p><strong>S\u00e5 h\u00e4r enkelt ans\u00f6ker du:<\/strong><\/p><ol><li>Fyll i l\u00e5nebelopp<\/li><li>Klicka p\u00e5, se betalningsalternativ<\/li><li>V\u00e4lj din m\u00e5nadskostnad<\/li><li>Godk\u00e4nn och signera avtalet<\/li><\/ol><\/div><\/div><\/div><p>F\u00f6r att beviljas kredit m\u00e5ste du uppfylla basvillkoren:<\/p><ul><li>Vara minst 18 \u00e5r<\/li><li>Inga betalningsanm\u00e4rkningar<\/li><li>Skriven i Sverige sedan minst ett (1) \u00e5r<\/li><\/ul>\t\t\t\t\t\t\t\t<\/div>\n\t\t\t\t<\/div>\n\t\t\t\t\t<\/div>\n\t\t<\/div>\n\t\t\t\t\t<\/div>\n\t\t<\/section>\n\t\t\t\t<\/div>\n\t\t","protected":false},"excerpt":{"rendered":"<p>LEASING F\u00d6RETAG Vi erbjuder leasing utan kontantinsats eller valfri kontantinsats 24 till 72 m\u00e5nader G\u00e4ller aktiebolag, handelsbolag eller enskild firma kontakta oss f\u00f6r offert. Allriskf\u00f6rs\u00e4kring med endast 3.000 kr sj\u00e4lvrisk erbjuds vid k\u00f6p genom leasing. L\u00e4s f\u00f6rs\u00e4kringsvillkor h\u00e4r DELBETALNING PRIVATPERSONER Som privatperson kan vi erbjuda dig delbetalning p\u00e5 ditt k\u00f6p upp till 250.000 kr i [&hellip;]<\/p>\n","protected":false},"author":1,"featured_media":0,"parent":0,"menu_order":0,"comment_status":"closed","ping_status":"closed","template":"","meta":{"footnotes":""},"class_list":["post-901","page","type-page","status-publish","hentry"],"yoast_head":"<!-- This site is optimized with the Yoast SEO Premium plugin v26.3 (Yoast SEO v27.5) - https:\/\/yoast.com\/product\/yoast-seo-premium-wordpress\/ -->\n<title>Finansiering - J\u00c4RNH\u00c4STEN<\/title>\n<meta name=\"description\" content=\"K\u00f6p r\u00e4ntefritt i upp till 24 m\u00e5nader eller upp till 144 m\u00e5nader till en f\u00f6rm\u00e5nlig r\u00e4nta. F\u00f6r f\u00f6retag erbjuds leasing eller hyra.\" \/>\n<meta name=\"robots\" content=\"index, follow, max-snippet:-1, max-image-preview:large, max-video-preview:-1\" \/>\n<link rel=\"canonical\" href=\"https:\/\/bohena.se\/jarnhasten\/finansiering\/\" \/>\n<meta property=\"og:locale\" content=\"sv_SE\" \/>\n<meta property=\"og:type\" content=\"article\" \/>\n<meta property=\"og:title\" content=\"Finansiering\" \/>\n<meta property=\"og:description\" content=\"K\u00f6p r\u00e4ntefritt i upp till 24 m\u00e5nader eller upp till 144 m\u00e5nader till en f\u00f6rm\u00e5nlig r\u00e4nta. F\u00f6r f\u00f6retag erbjuds leasing eller hyra.\" \/>\n<meta property=\"og:url\" content=\"https:\/\/bohena.se\/jarnhasten\/finansiering\/\" \/>\n<meta property=\"og:site_name\" content=\"J\u00c4RNH\u00c4STEN\" \/>\n<meta property=\"article:publisher\" content=\"https:\/\/www.facebook.com\/jarnhast\/\" \/>\n<meta property=\"article:modified_time\" content=\"2024-04-25T11:58:45+00:00\" \/>\n<meta property=\"og:image\" content=\"https:\/\/bohena.se\/jarnhasten\/wp-content\/uploads\/2022\/02\/Svea_Bank-300x110.png\" \/>\n<meta name=\"twitter:card\" content=\"summary_large_image\" \/>\n<meta name=\"twitter:label1\" content=\"Ber\u00e4knad l\u00e4stid\" \/>\n\t<meta name=\"twitter:data1\" content=\"2 minuter\" \/>\n<script type=\"application\/ld+json\" class=\"yoast-schema-graph\">{\"@context\":\"https:\\\/\\\/schema.org\",\"@graph\":[{\"@type\":\"WebPage\",\"@id\":\"https:\\\/\\\/bohena.se\\\/jarnhasten\\\/finansiering\\\/\",\"url\":\"https:\\\/\\\/bohena.se\\\/jarnhasten\\\/finansiering\\\/\",\"name\":\"Finansiering - J\u00c4RNH\u00c4STEN\",\"isPartOf\":{\"@id\":\"https:\\\/\\\/bohena.se\\\/jarnhasten\\\/#website\"},\"primaryImageOfPage\":{\"@id\":\"https:\\\/\\\/bohena.se\\\/jarnhasten\\\/finansiering\\\/#primaryimage\"},\"image\":{\"@id\":\"https:\\\/\\\/bohena.se\\\/jarnhasten\\\/finansiering\\\/#primaryimage\"},\"thumbnailUrl\":\"https:\\\/\\\/bohena.se\\\/jarnhasten\\\/wp-content\\\/uploads\\\/2022\\\/02\\\/Svea_Bank-300x110.png\",\"datePublished\":\"2020-01-18T15:16:27+00:00\",\"dateModified\":\"2024-04-25T11:58:45+00:00\",\"description\":\"K\u00f6p r\u00e4ntefritt i upp till 24 m\u00e5nader eller upp till 144 m\u00e5nader till en f\u00f6rm\u00e5nlig r\u00e4nta. F\u00f6r f\u00f6retag erbjuds leasing eller hyra.\",\"breadcrumb\":{\"@id\":\"https:\\\/\\\/bohena.se\\\/jarnhasten\\\/finansiering\\\/#breadcrumb\"},\"inLanguage\":\"sv-SE\",\"potentialAction\":[{\"@type\":\"ReadAction\",\"target\":[\"https:\\\/\\\/bohena.se\\\/jarnhasten\\\/finansiering\\\/\"]}]},{\"@type\":\"ImageObject\",\"inLanguage\":\"sv-SE\",\"@id\":\"https:\\\/\\\/bohena.se\\\/jarnhasten\\\/finansiering\\\/#primaryimage\",\"url\":\"https:\\\/\\\/i0.wp.com\\\/bohena.se\\\/jarnhasten\\\/wp-content\\\/uploads\\\/2022\\\/02\\\/Svea_Bank.png?fit=500%2C184&ssl=1\",\"contentUrl\":\"https:\\\/\\\/i0.wp.com\\\/bohena.se\\\/jarnhasten\\\/wp-content\\\/uploads\\\/2022\\\/02\\\/Svea_Bank.png?fit=500%2C184&ssl=1\",\"width\":500,\"height\":184},{\"@type\":\"BreadcrumbList\",\"@id\":\"https:\\\/\\\/bohena.se\\\/jarnhasten\\\/finansiering\\\/#breadcrumb\",\"itemListElement\":[{\"@type\":\"ListItem\",\"position\":1,\"name\":\"Home\",\"item\":\"https:\\\/\\\/bohena.se\\\/jarnhasten\\\/\"},{\"@type\":\"ListItem\",\"position\":2,\"name\":\"Finansiering\"}]},{\"@type\":\"WebSite\",\"@id\":\"https:\\\/\\\/bohena.se\\\/jarnhasten\\\/#website\",\"url\":\"https:\\\/\\\/bohena.se\\\/jarnhasten\\\/\",\"name\":\"J\u00e4rnH\u00e4sten\",\"description\":\"bandtrucken f\u00f6r transport i terr\u00e4ng och p\u00e5 v\u00e4g\",\"publisher\":{\"@id\":\"https:\\\/\\\/bohena.se\\\/jarnhasten\\\/#organization\"},\"potentialAction\":[{\"@type\":\"SearchAction\",\"target\":{\"@type\":\"EntryPoint\",\"urlTemplate\":\"https:\\\/\\\/bohena.se\\\/jarnhasten\\\/?s={search_term_string}\"},\"query-input\":{\"@type\":\"PropertyValueSpecification\",\"valueRequired\":true,\"valueName\":\"search_term_string\"}}],\"inLanguage\":\"sv-SE\"},{\"@type\":\"Organization\",\"@id\":\"https:\\\/\\\/bohena.se\\\/jarnhasten\\\/#organization\",\"name\":\"Bohena AB\",\"url\":\"https:\\\/\\\/bohena.se\\\/jarnhasten\\\/\",\"logo\":{\"@type\":\"ImageObject\",\"inLanguage\":\"sv-SE\",\"@id\":\"https:\\\/\\\/bohena.se\\\/jarnhasten\\\/#\\\/schema\\\/logo\\\/image\\\/\",\"url\":\"https:\\\/\\\/i2.wp.com\\\/bohena.se\\\/jarnhasten\\\/wp-content\\\/uploads\\\/2020\\\/02\\\/Bohena_s21.jpg?fit=741%2C86&ssl=1\",\"contentUrl\":\"https:\\\/\\\/i2.wp.com\\\/bohena.se\\\/jarnhasten\\\/wp-content\\\/uploads\\\/2020\\\/02\\\/Bohena_s21.jpg?fit=741%2C86&ssl=1\",\"width\":741,\"height\":86,\"caption\":\"Bohena AB\"},\"image\":{\"@id\":\"https:\\\/\\\/bohena.se\\\/jarnhasten\\\/#\\\/schema\\\/logo\\\/image\\\/\"},\"sameAs\":[\"https:\\\/\\\/www.facebook.com\\\/jarnhast\\\/\",\"https:\\\/\\\/www.youtube.com\\\/channel\\\/UC8C4nMoD2GBxcCJCIXo9EWA\"]}]}<\/script>\n<!-- \/ Yoast SEO Premium plugin. -->","yoast_head_json":{"title":"Finansiering - J\u00c4RNH\u00c4STEN","description":"K\u00f6p r\u00e4ntefritt i upp till 24 m\u00e5nader eller upp till 144 m\u00e5nader till en f\u00f6rm\u00e5nlig r\u00e4nta. F\u00f6r f\u00f6retag erbjuds leasing eller hyra.","robots":{"index":"index","follow":"follow","max-snippet":"max-snippet:-1","max-image-preview":"max-image-preview:large","max-video-preview":"max-video-preview:-1"},"canonical":"https:\/\/bohena.se\/jarnhasten\/finansiering\/","og_locale":"sv_SE","og_type":"article","og_title":"Finansiering","og_description":"K\u00f6p r\u00e4ntefritt i upp till 24 m\u00e5nader eller upp till 144 m\u00e5nader till en f\u00f6rm\u00e5nlig r\u00e4nta. F\u00f6r f\u00f6retag erbjuds leasing eller hyra.","og_url":"https:\/\/bohena.se\/jarnhasten\/finansiering\/","og_site_name":"J\u00c4RNH\u00c4STEN","article_publisher":"https:\/\/www.facebook.com\/jarnhast\/","article_modified_time":"2024-04-25T11:58:45+00:00","og_image":[{"url":"https:\/\/bohena.se\/jarnhasten\/wp-content\/uploads\/2022\/02\/Svea_Bank-300x110.png","type":"","width":"","height":""}],"twitter_card":"summary_large_image","twitter_misc":{"Ber\u00e4knad l\u00e4stid":"2 minuter"},"schema":{"@context":"https:\/\/schema.org","@graph":[{"@type":"WebPage","@id":"https:\/\/bohena.se\/jarnhasten\/finansiering\/","url":"https:\/\/bohena.se\/jarnhasten\/finansiering\/","name":"Finansiering - J\u00c4RNH\u00c4STEN","isPartOf":{"@id":"https:\/\/bohena.se\/jarnhasten\/#website"},"primaryImageOfPage":{"@id":"https:\/\/bohena.se\/jarnhasten\/finansiering\/#primaryimage"},"image":{"@id":"https:\/\/bohena.se\/jarnhasten\/finansiering\/#primaryimage"},"thumbnailUrl":"https:\/\/bohena.se\/jarnhasten\/wp-content\/uploads\/2022\/02\/Svea_Bank-300x110.png","datePublished":"2020-01-18T15:16:27+00:00","dateModified":"2024-04-25T11:58:45+00:00","description":"K\u00f6p r\u00e4ntefritt i upp till 24 m\u00e5nader eller upp till 144 m\u00e5nader till en f\u00f6rm\u00e5nlig r\u00e4nta. F\u00f6r f\u00f6retag erbjuds leasing eller hyra.","breadcrumb":{"@id":"https:\/\/bohena.se\/jarnhasten\/finansiering\/#breadcrumb"},"inLanguage":"sv-SE","potentialAction":[{"@type":"ReadAction","target":["https:\/\/bohena.se\/jarnhasten\/finansiering\/"]}]},{"@type":"ImageObject","inLanguage":"sv-SE","@id":"https:\/\/bohena.se\/jarnhasten\/finansiering\/#primaryimage","url":"https:\/\/i0.wp.com\/bohena.se\/jarnhasten\/wp-content\/uploads\/2022\/02\/Svea_Bank.png?fit=500%2C184&ssl=1","contentUrl":"https:\/\/i0.wp.com\/bohena.se\/jarnhasten\/wp-content\/uploads\/2022\/02\/Svea_Bank.png?fit=500%2C184&ssl=1","width":500,"height":184},{"@type":"BreadcrumbList","@id":"https:\/\/bohena.se\/jarnhasten\/finansiering\/#breadcrumb","itemListElement":[{"@type":"ListItem","position":1,"name":"Home","item":"https:\/\/bohena.se\/jarnhasten\/"},{"@type":"ListItem","position":2,"name":"Finansiering"}]},{"@type":"WebSite","@id":"https:\/\/bohena.se\/jarnhasten\/#website","url":"https:\/\/bohena.se\/jarnhasten\/","name":"J\u00e4rnH\u00e4sten","description":"bandtrucken f\u00f6r transport i terr\u00e4ng och p\u00e5 v\u00e4g","publisher":{"@id":"https:\/\/bohena.se\/jarnhasten\/#organization"},"potentialAction":[{"@type":"SearchAction","target":{"@type":"EntryPoint","urlTemplate":"https:\/\/bohena.se\/jarnhasten\/?s={search_term_string}"},"query-input":{"@type":"PropertyValueSpecification","valueRequired":true,"valueName":"search_term_string"}}],"inLanguage":"sv-SE"},{"@type":"Organization","@id":"https:\/\/bohena.se\/jarnhasten\/#organization","name":"Bohena AB","url":"https:\/\/bohena.se\/jarnhasten\/","logo":{"@type":"ImageObject","inLanguage":"sv-SE","@id":"https:\/\/bohena.se\/jarnhasten\/#\/schema\/logo\/image\/","url":"https:\/\/i2.wp.com\/bohena.se\/jarnhasten\/wp-content\/uploads\/2020\/02\/Bohena_s21.jpg?fit=741%2C86&ssl=1","contentUrl":"https:\/\/i2.wp.com\/bohena.se\/jarnhasten\/wp-content\/uploads\/2020\/02\/Bohena_s21.jpg?fit=741%2C86&ssl=1","width":741,"height":86,"caption":"Bohena AB"},"image":{"@id":"https:\/\/bohena.se\/jarnhasten\/#\/schema\/logo\/image\/"},"sameAs":["https:\/\/www.facebook.com\/jarnhast\/","https:\/\/www.youtube.com\/channel\/UC8C4nMoD2GBxcCJCIXo9EWA"]}]}},"jetpack_sharing_enabled":true,"_links":{"self":[{"href":"https:\/\/bohena.se\/jarnhasten\/wp-json\/wp\/v2\/pages\/901","targetHints":{"allow":["GET"]}}],"collection":[{"href":"https:\/\/bohena.se\/jarnhasten\/wp-json\/wp\/v2\/pages"}],"about":[{"href":"https:\/\/bohena.se\/jarnhasten\/wp-json\/wp\/v2\/types\/page"}],"author":[{"embeddable":true,"href":"https:\/\/bohena.se\/jarnhasten\/wp-json\/wp\/v2\/users\/1"}],"replies":[{"embeddable":true,"href":"https:\/\/bohena.se\/jarnhasten\/wp-json\/wp\/v2\/comments?post=901"}],"version-history":[{"count":27,"href":"https:\/\/bohena.se\/jarnhasten\/wp-json\/wp\/v2\/pages\/901\/revisions"}],"predecessor-version":[{"id":2873,"href":"https:\/\/bohena.se\/jarnhasten\/wp-json\/wp\/v2\/pages\/901\/revisions\/2873"}],"wp:attachment":[{"href":"https:\/\/bohena.se\/jarnhasten\/wp-json\/wp\/v2\/media?parent=901"}],"curies":[{"name":"wp","href":"https:\/\/api.w.org\/{rel}","templated":true}]}}