{"id":926,"date":"2020-01-18T23:54:25","date_gmt":"2020-01-18T22:54:25","guid":{"rendered":"http:\/\/bohena.se\/jarnhasten\/?page_id=926"},"modified":"2023-01-09T17:01:14","modified_gmt":"2023-01-09T16:01:14","slug":"manualer-och-reservdelar","status":"publish","type":"page","link":"https:\/\/bohena.se\/jarnhasten\/manualer-och-reservdelar\/","title":{"rendered":"Manualer och reservdelar"},"content":{"rendered":"\t\t<div data-elementor-type=\"wp-page\" data-elementor-id=\"926\" class=\"elementor elementor-926\" data-elementor-post-type=\"page\">\n\t\t\t\t\t\t<section class=\"elementor-section elementor-top-section elementor-element elementor-element-191e27f elementor-section-boxed elementor-section-height-default elementor-section-height-default\" data-id=\"191e27f\" data-element_type=\"section\" data-e-type=\"section\">\n\t\t\t\t\t\t<div class=\"elementor-container elementor-column-gap-default\">\n\t\t\t\t\t<div class=\"elementor-column elementor-col-100 elementor-top-column elementor-element elementor-element-ee977a1\" data-id=\"ee977a1\" data-element_type=\"column\" data-e-type=\"column\">\n\t\t\t<div class=\"elementor-widget-wrap elementor-element-populated\">\n\t\t\t\t\t\t<div class=\"elementor-element elementor-element-dc23065 elementor-widget elementor-widget-text-editor\" data-id=\"dc23065\" data-element_type=\"widget\" data-e-type=\"widget\" data-widget_type=\"text-editor.default\">\n\t\t\t\t<div class=\"elementor-widget-container\">\n\t\t\t\t\t\t\t\t\t<div class=\"qcopd-list-wrapper\"><div id=\"opd-list-holder\" class=\"qc-grid qcopd-list-holder\"><div id=\"list-item-1-145\" class=\"qc-grid-item qcopd-list-column opd-column-1 simple opd-list-id-145\"><h2>MANUALER<\/h2><h5><a href=\"https:\/\/lennartsfors.com\/wp-content\/uploads\/2023\/01\/Manual-Essence-rev-6-SE.pdf\">J\u00e4rnh\u00e4sten Essence<\/a><\/h5><h5 class=\"qcopd-single-list\"><a href=\"https:\/\/lennartsfors.com\/wp-content\/uploads\/2023\/01\/Manual-Flex-2-rev-6.0-SE.pdf\">J\u00e4rnh\u00e4sten Flex 2<\/a><\/h5><ul><li id=\"item-145-1\"><a href=\"http:\/\/media.lennartsfors.com\/2017\/12\/18-JH-manual-Classic-Flex-2015-SWE.pdf\" target=\"_blank\" rel=\"nofollow noopener\"><span class=\"list-img\"><img decoding=\"async\" data-recalc-dims=\"1\" height=\"150\" width=\"150\" src=\"https:\/\/i0.wp.com\/media.lennartsfors.com\/2017\/11\/JH-Flex-2090PW-HI-Skogsutrustad-150x150.png?resize=150%2C150\" alt=\"\" \/><\/span>\u00a0Manual till J\u00e4rnh\u00e4st Classic &amp; Flex SWE 2015-<\/a><\/li><li id=\"item-145-2\"><a href=\"http:\/\/media.lennartsfors.com\/2017\/12\/15-JH-manual-Classic-Flex-2015-ENG.pdf\" target=\"_blank\" rel=\"nofollow noopener\"><span class=\"list-img\"><img decoding=\"async\" data-recalc-dims=\"1\" height=\"150\" width=\"150\" src=\"https:\/\/i0.wp.com\/media.lennartsfors.com\/2017\/11\/JH-Flex-2090PW-HI-Skogsutrustad-150x150.png?resize=150%2C150\" alt=\"\" \/><\/span>\u00a0Manual The Ironhorse Classic &amp; Flex ENG 2015-<\/a><\/li><li id=\"item-145-3\"><a href=\"http:\/\/media.lennartsfors.com\/2017\/12\/16-JH-manual-Classic-Flex-2015-GER.pdf\" target=\"_blank\" rel=\"nofollow noopener\"><span class=\"list-img\"><img decoding=\"async\" data-recalc-dims=\"1\" height=\"150\" width=\"150\" src=\"https:\/\/i0.wp.com\/media.lennartsfors.com\/2017\/11\/JH-Flex-2090PW-HI-Skogsutrustad-150x150.png?resize=150%2C150\" alt=\"\" \/><\/span>\u00a0Manual The Ironhorse Classic &amp; Flex GER 2015-<\/a><\/li><li id=\"item-145-4\"><a href=\"http:\/\/media.lennartsfors.com\/2017\/12\/17-JH-manual-Classic-Flex-2015-SPA.pdf\" target=\"_blank\" rel=\"nofollow noopener\"><span class=\"list-img\"><img decoding=\"async\" data-recalc-dims=\"1\" height=\"150\" width=\"150\" src=\"https:\/\/i0.wp.com\/media.lennartsfors.com\/2017\/11\/JH-Flex-2090PW-HI-Skogsutrustad-150x150.png?resize=150%2C150\" alt=\"\" \/><\/span>\u00a0Manual The Ironhorse Classic &amp; Flex SPA 2015-<\/a><\/li><li id=\"item-145-5\"><a href=\"http:\/\/media.lennartsfors.com\/2017\/12\/14-JH-manual-2005-2015-SE.pdf\" target=\"_blank\" rel=\"nofollow noopener\"><span class=\"list-img\"><img decoding=\"async\" data-recalc-dims=\"1\" height=\"150\" width=\"150\" src=\"https:\/\/i0.wp.com\/media.lennartsfors.com\/2017\/11\/J%C3%A4rnH%C3%A4st-2-150x150.png?resize=150%2C150\" alt=\"\" \/><\/span>\u00a0Manual till J\u00e4rnh\u00e4st SWE 2005-2015<\/a><\/li><li id=\"item-145-6\"><a href=\"http:\/\/media.lennartsfors.com\/2017\/12\/13-JH-manual-2005-2015-Eng.pdf\" target=\"_blank\" rel=\"nofollow noopener\"><span class=\"list-img\"><img decoding=\"async\" data-recalc-dims=\"1\" height=\"150\" width=\"150\" src=\"https:\/\/i0.wp.com\/media.lennartsfors.com\/2017\/11\/J%C3%A4rnH%C3%A4st-2-150x150.png?resize=150%2C150\" alt=\"\" \/><\/span>\u00a0Manual The Ironhorse ENG 2005-2015<\/a><\/li><li id=\"item-145-7\"><a href=\"http:\/\/media.lennartsfors.com\/2017\/12\/JH-manual-2005-2015-GER.pdf\" target=\"_blank\" rel=\"nofollow noopener\"><span class=\"list-img\"><img decoding=\"async\" data-recalc-dims=\"1\" height=\"150\" width=\"150\" src=\"https:\/\/i0.wp.com\/media.lennartsfors.com\/2017\/11\/J%C3%A4rnH%C3%A4st-2-150x150.png?resize=150%2C150\" alt=\"\" \/><\/span>\u00a0Manual The Ironhorse GER 2005-2015<\/a><\/li><li id=\"item-145-8\"><a href=\"http:\/\/media.lennartsfors.com\/2017\/12\/Rautahepo-k%C3%A4ytt%C3%B6ohje-2005-2015-FI.pdf\" target=\"_blank\" rel=\"nofollow noopener\"><span class=\"list-img\"><img decoding=\"async\" data-recalc-dims=\"1\" height=\"150\" width=\"150\" src=\"https:\/\/i0.wp.com\/media.lennartsfors.com\/2017\/11\/J%C3%A4rnH%C3%A4st-2-150x150.png?resize=150%2C150\" alt=\"\" \/><\/span>\u00a0Rautahepo-k\u00e4ytt\u00f6ohje FI 2005-2015<\/a><\/li><\/ul><\/div><div class=\"sld-clearfix\">\u00a0<\/div><\/div><div class=\"sld-clearfix\">\u00a0<\/div><\/div><div class=\"qcopd_embed_container\">\u00a0<\/div><div class=\"qcopd-list-wrapper\"><div id=\"opd-list-holder\" class=\"qc-grid qcopd-list-holder\"><div id=\"list-item-1-132\" class=\"qc-grid-item qcopd-list-column opd-column-1 simple opd-list-id-132\"><div class=\"qcopd-single-list\"><h2>RESERVDELSLISTOR<\/h2><ul><li id=\"item-132-1\"><a href=\"http:\/\/media.lennartsfors.com\/2017\/12\/12-Reservdelslista-Classic-Flex-.pdf\" target=\"_blank\" rel=\"nofollow noopener\"><span class=\"list-img\"><img decoding=\"async\" data-recalc-dims=\"1\" height=\"150\" width=\"150\" src=\"https:\/\/i0.wp.com\/media.lennartsfors.com\/2017\/11\/JH-Flex-2090PW-HI-Skogsutrustad-150x150.png?resize=150%2C150\" alt=\"\" \/><\/span>\u00a0Reservdelslista J\u00e4rnh\u00e4sten Classic och Flex 2015-<\/a><\/li><li id=\"item-132-2\"><a href=\"http:\/\/media.lennartsfors.com\/2017\/12\/11-Reservdelslista-IH-2055-2090-2004-2007.pdf\" target=\"_blank\" rel=\"nofollow noopener\"><span class=\"list-img\"><img decoding=\"async\" data-recalc-dims=\"1\" height=\"150\" width=\"150\" src=\"https:\/\/i0.wp.com\/media.lennartsfors.com\/2017\/11\/J%C3%A4rnH%C3%A4st-2-150x150.png?resize=150%2C150\" alt=\"\" \/><\/span>\u00a0Reservdelslista J\u00e4rnh\u00e4sten 2004-2009<\/a><\/li><li id=\"item-132-3\"><a href=\"http:\/\/media.lennartsfors.com\/2017\/12\/10-Reservdelslista-JH-125-129-%C3%A5r-2002-05.pdf\" target=\"_blank\" rel=\"nofollow noopener\"><span class=\"list-img\"><img decoding=\"async\" data-recalc-dims=\"1\" height=\"150\" width=\"150\" src=\"https:\/\/i0.wp.com\/media.lennartsfors.com\/2017\/11\/J%C3%A4rnH%C3%A4st-2-150x150.png?resize=150%2C150\" alt=\"\" \/><\/span>\u00a0Reservdelslista J\u00e4rnh\u00e4sten 2002-2005<\/a><\/li><li id=\"item-132-4\"><a href=\"http:\/\/media.lennartsfors.com\/2017\/12\/9-Reservdelslista-JH-125-129-%C3%A5r-2000-02.pdf\" target=\"_blank\" rel=\"nofollow noopener\"><span class=\"list-img\"><img decoding=\"async\" data-recalc-dims=\"1\" height=\"150\" width=\"150\" src=\"https:\/\/i0.wp.com\/media.lennartsfors.com\/2017\/11\/J%C3%A4rnH%C3%A4st-2-150x150.png?resize=150%2C150\" alt=\"\" \/><\/span>\u00a0Reservdelslista J\u00e4rnh\u00e4sten 2000-2002<\/a><\/li><li id=\"item-132-5\"><a href=\"http:\/\/media.lennartsfors.com\/2017\/12\/8-Reservdelar-JH-125-1999-03.pdf\" target=\"_blank\" rel=\"nofollow noopener\"><span class=\"list-img\"><img decoding=\"async\" data-recalc-dims=\"1\" height=\"150\" width=\"150\" src=\"https:\/\/i0.wp.com\/media.lennartsfors.com\/2017\/11\/9687435-01-150x150.jpg?resize=150%2C150\" alt=\"\" \/><\/span>\u00a0Reservdelslista J\u00e4rnh\u00e4sten 1999-2003<\/a><\/li><li id=\"item-132-6\"><a href=\"http:\/\/media.lennartsfors.com\/2017\/12\/7-Reservdelslista-JH-125-%C3%A5r-1998-05.pdf\" target=\"_blank\" rel=\"nofollow noopener\"><span class=\"list-img\"><img decoding=\"async\" data-recalc-dims=\"1\" height=\"150\" width=\"150\" src=\"https:\/\/i0.wp.com\/media.lennartsfors.com\/2017\/11\/9687435-01-150x150.jpg?resize=150%2C150\" alt=\"\" \/><\/span>\u00a0Reservdelslista J\u00e4rnh\u00e4sten 1998-2005<\/a><\/li><li id=\"item-132-7\"><a href=\"http:\/\/media.lennartsfors.com\/2017\/12\/6-Reservdelslista-JH-1255-129-%C3%A5r-1995.pdf\" target=\"_blank\" rel=\"nofollow noopener\"><span class=\"list-img\"><img loading=\"lazy\" decoding=\"async\" data-recalc-dims=\"1\" height=\"150\" width=\"150\" src=\"https:\/\/i0.wp.com\/media.lennartsfors.com\/2017\/11\/3743480513-150x150.jpg?resize=150%2C150\" alt=\"\" \/><\/span>\u00a0Reservdelslista J\u00e4rnh\u00e4sten 1995<\/a><\/li><li id=\"item-132-8\"><a href=\"http:\/\/media.lennartsfors.com\/2017\/12\/5-Reservdelar-JH-1255-129-1988-94.pdf\" target=\"_blank\" rel=\"nofollow noopener\"><span class=\"list-img\"><img loading=\"lazy\" decoding=\"async\" data-recalc-dims=\"1\" height=\"150\" width=\"150\" src=\"https:\/\/i0.wp.com\/media.lennartsfors.com\/2017\/11\/3743480513-150x150.jpg?resize=150%2C150\" alt=\"\" \/><\/span>\u00a0Reservdelslista J\u00e4rnh\u00e4sten 1988-1994<\/a><\/li><li id=\"item-132-9\"><a href=\"http:\/\/media.lennartsfors.com\/2017\/12\/4-Reservdelslista-125-Pro-Skogstruck-1986-87.pdf\" target=\"_blank\" rel=\"nofollow noopener\"><span class=\"list-img\"><img loading=\"lazy\" decoding=\"async\" data-recalc-dims=\"1\" height=\"150\" width=\"150\" src=\"https:\/\/i0.wp.com\/media.lennartsfors.com\/2017\/11\/3743480513-150x150.jpg?resize=150%2C150\" alt=\"\" \/><\/span>\u00a0Reservdelslista J\u00e4rnh\u00e4sten 1986-1987<\/a><\/li><li id=\"item-132-10\"><a href=\"http:\/\/media.lennartsfors.com\/2017\/12\/2-Reservdelslista-125-Farmer-Skogstruck-1984-86.pdf\" target=\"_blank\" rel=\"nofollow noopener\"><span class=\"list-img\"><img loading=\"lazy\" decoding=\"async\" data-recalc-dims=\"1\" height=\"150\" width=\"150\" src=\"https:\/\/i0.wp.com\/media.lennartsfors.com\/2017\/11\/3743480513-150x150.jpg?resize=150%2C150\" alt=\"\" \/><\/span>\u00a0Reservdelslista J\u00e4rnh\u00e4sten 1984-1986<\/a><\/li><li id=\"item-132-11\"><a href=\"http:\/\/media.lennartsfors.com\/2017\/12\/3-Reservdelslista-JH-125-Bandtrucken-1984-85.pdf\" target=\"_blank\" rel=\"nofollow noopener\"><span class=\"list-img\"><img loading=\"lazy\" decoding=\"async\" data-recalc-dims=\"1\" height=\"150\" width=\"150\" src=\"https:\/\/i0.wp.com\/media.lennartsfors.com\/2017\/11\/3743480513-150x150.jpg?resize=150%2C150\" alt=\"\" \/><\/span>\u00a0Reservdelslista J\u00e4rnh\u00e4sten 1984-1985<\/a><\/li><\/ul><\/div><\/div><\/div><\/div>\t\t\t\t\t\t\t\t<\/div>\n\t\t\t\t<\/div>\n\t\t\t\t\t<\/div>\n\t\t<\/div>\n\t\t\t\t\t<\/div>\n\t\t<\/section>\n\t\t\t\t<\/div>\n\t\t","protected":false},"excerpt":{"rendered":"<p>MANUALER J\u00e4rnh\u00e4sten Essence J\u00e4rnh\u00e4sten Flex 2 \u00a0Manual till J\u00e4rnh\u00e4st Classic &amp; Flex SWE 2015- \u00a0Manual The Ironhorse Classic &amp; Flex ENG 2015- \u00a0Manual The Ironhorse Classic &amp; Flex GER 2015- \u00a0Manual The Ironhorse Classic &amp; Flex SPA 2015- \u00a0Manual till J\u00e4rnh\u00e4st SWE 2005-2015 \u00a0Manual The Ironhorse ENG 2005-2015 \u00a0Manual The Ironhorse GER 2005-2015 \u00a0Rautahepo-k\u00e4ytt\u00f6ohje FI [&hellip;]<\/p>\n","protected":false},"author":1,"featured_media":0,"parent":0,"menu_order":0,"comment_status":"closed","ping_status":"closed","template":"","meta":{"footnotes":""},"class_list":["post-926","page","type-page","status-publish","hentry"],"yoast_head":"<!-- This site is optimized with the Yoast SEO Premium plugin v26.3 (Yoast SEO v27.5) - https:\/\/yoast.com\/product\/yoast-seo-premium-wordpress\/ -->\n<title>Manualer och reservdelar - J\u00c4RNH\u00c4STEN<\/title>\n<meta name=\"robots\" content=\"index, follow, max-snippet:-1, max-image-preview:large, max-video-preview:-1\" \/>\n<link rel=\"canonical\" href=\"https:\/\/bohena.se\/jarnhasten\/manualer-och-reservdelar\/\" \/>\n<meta property=\"og:locale\" content=\"sv_SE\" \/>\n<meta property=\"og:type\" content=\"article\" \/>\n<meta property=\"og:title\" content=\"Manualer och reservdelar\" \/>\n<meta property=\"og:description\" content=\"MANUALER J\u00e4rnh\u00e4sten Essence J\u00e4rnh\u00e4sten Flex 2 \u00a0Manual till J\u00e4rnh\u00e4st Classic &amp; Flex SWE 2015- \u00a0Manual The Ironhorse Classic &amp; Flex ENG 2015- \u00a0Manual The Ironhorse Classic &amp; Flex GER 2015- \u00a0Manual The Ironhorse Classic &amp; Flex SPA 2015- \u00a0Manual till J\u00e4rnh\u00e4st SWE 2005-2015 \u00a0Manual The Ironhorse ENG 2005-2015 \u00a0Manual The Ironhorse GER 2005-2015 \u00a0Rautahepo-k\u00e4ytt\u00f6ohje FI [&hellip;]\" \/>\n<meta property=\"og:url\" content=\"https:\/\/bohena.se\/jarnhasten\/manualer-och-reservdelar\/\" \/>\n<meta property=\"og:site_name\" content=\"J\u00c4RNH\u00c4STEN\" \/>\n<meta property=\"article:publisher\" content=\"https:\/\/www.facebook.com\/jarnhast\/\" \/>\n<meta property=\"article:modified_time\" content=\"2023-01-09T16:01:14+00:00\" \/>\n<meta property=\"og:image\" content=\"http:\/\/media.lennartsfors.com\/2017\/11\/JH-Flex-2090PW-HI-Skogsutrustad-150x150.png\" \/>\n<meta name=\"twitter:card\" content=\"summary_large_image\" \/>\n<meta name=\"twitter:label1\" content=\"Ber\u00e4knad l\u00e4stid\" \/>\n\t<meta name=\"twitter:data1\" content=\"5 minuter\" \/>\n<script type=\"application\/ld+json\" class=\"yoast-schema-graph\">{\"@context\":\"https:\\\/\\\/schema.org\",\"@graph\":[{\"@type\":\"WebPage\",\"@id\":\"https:\\\/\\\/bohena.se\\\/jarnhasten\\\/manualer-och-reservdelar\\\/\",\"url\":\"https:\\\/\\\/bohena.se\\\/jarnhasten\\\/manualer-och-reservdelar\\\/\",\"name\":\"Manualer och reservdelar - J\u00c4RNH\u00c4STEN\",\"isPartOf\":{\"@id\":\"https:\\\/\\\/bohena.se\\\/jarnhasten\\\/#website\"},\"primaryImageOfPage\":{\"@id\":\"https:\\\/\\\/bohena.se\\\/jarnhasten\\\/manualer-och-reservdelar\\\/#primaryimage\"},\"image\":{\"@id\":\"https:\\\/\\\/bohena.se\\\/jarnhasten\\\/manualer-och-reservdelar\\\/#primaryimage\"},\"thumbnailUrl\":\"http:\\\/\\\/media.lennartsfors.com\\\/2017\\\/11\\\/JH-Flex-2090PW-HI-Skogsutrustad-150x150.png\",\"datePublished\":\"2020-01-18T22:54:25+00:00\",\"dateModified\":\"2023-01-09T16:01:14+00:00\",\"breadcrumb\":{\"@id\":\"https:\\\/\\\/bohena.se\\\/jarnhasten\\\/manualer-och-reservdelar\\\/#breadcrumb\"},\"inLanguage\":\"sv-SE\",\"potentialAction\":[{\"@type\":\"ReadAction\",\"target\":[\"https:\\\/\\\/bohena.se\\\/jarnhasten\\\/manualer-och-reservdelar\\\/\"]}]},{\"@type\":\"ImageObject\",\"inLanguage\":\"sv-SE\",\"@id\":\"https:\\\/\\\/bohena.se\\\/jarnhasten\\\/manualer-och-reservdelar\\\/#primaryimage\",\"url\":\"http:\\\/\\\/media.lennartsfors.com\\\/2017\\\/11\\\/JH-Flex-2090PW-HI-Skogsutrustad-150x150.png\",\"contentUrl\":\"http:\\\/\\\/media.lennartsfors.com\\\/2017\\\/11\\\/JH-Flex-2090PW-HI-Skogsutrustad-150x150.png\"},{\"@type\":\"BreadcrumbList\",\"@id\":\"https:\\\/\\\/bohena.se\\\/jarnhasten\\\/manualer-och-reservdelar\\\/#breadcrumb\",\"itemListElement\":[{\"@type\":\"ListItem\",\"position\":1,\"name\":\"Home\",\"item\":\"https:\\\/\\\/bohena.se\\\/jarnhasten\\\/\"},{\"@type\":\"ListItem\",\"position\":2,\"name\":\"Manualer och reservdelar\"}]},{\"@type\":\"WebSite\",\"@id\":\"https:\\\/\\\/bohena.se\\\/jarnhasten\\\/#website\",\"url\":\"https:\\\/\\\/bohena.se\\\/jarnhasten\\\/\",\"name\":\"J\u00e4rnH\u00e4sten\",\"description\":\"bandtrucken f\u00f6r transport i terr\u00e4ng och p\u00e5 v\u00e4g\",\"publisher\":{\"@id\":\"https:\\\/\\\/bohena.se\\\/jarnhasten\\\/#organization\"},\"potentialAction\":[{\"@type\":\"SearchAction\",\"target\":{\"@type\":\"EntryPoint\",\"urlTemplate\":\"https:\\\/\\\/bohena.se\\\/jarnhasten\\\/?s={search_term_string}\"},\"query-input\":{\"@type\":\"PropertyValueSpecification\",\"valueRequired\":true,\"valueName\":\"search_term_string\"}}],\"inLanguage\":\"sv-SE\"},{\"@type\":\"Organization\",\"@id\":\"https:\\\/\\\/bohena.se\\\/jarnhasten\\\/#organization\",\"name\":\"Bohena AB\",\"url\":\"https:\\\/\\\/bohena.se\\\/jarnhasten\\\/\",\"logo\":{\"@type\":\"ImageObject\",\"inLanguage\":\"sv-SE\",\"@id\":\"https:\\\/\\\/bohena.se\\\/jarnhasten\\\/#\\\/schema\\\/logo\\\/image\\\/\",\"url\":\"https:\\\/\\\/i2.wp.com\\\/bohena.se\\\/jarnhasten\\\/wp-content\\\/uploads\\\/2020\\\/02\\\/Bohena_s21.jpg?fit=741%2C86&ssl=1\",\"contentUrl\":\"https:\\\/\\\/i2.wp.com\\\/bohena.se\\\/jarnhasten\\\/wp-content\\\/uploads\\\/2020\\\/02\\\/Bohena_s21.jpg?fit=741%2C86&ssl=1\",\"width\":741,\"height\":86,\"caption\":\"Bohena AB\"},\"image\":{\"@id\":\"https:\\\/\\\/bohena.se\\\/jarnhasten\\\/#\\\/schema\\\/logo\\\/image\\\/\"},\"sameAs\":[\"https:\\\/\\\/www.facebook.com\\\/jarnhast\\\/\",\"https:\\\/\\\/www.youtube.com\\\/channel\\\/UC8C4nMoD2GBxcCJCIXo9EWA\"]}]}<\/script>\n<!-- \/ Yoast SEO Premium plugin. -->","yoast_head_json":{"title":"Manualer och reservdelar - J\u00c4RNH\u00c4STEN","robots":{"index":"index","follow":"follow","max-snippet":"max-snippet:-1","max-image-preview":"max-image-preview:large","max-video-preview":"max-video-preview:-1"},"canonical":"https:\/\/bohena.se\/jarnhasten\/manualer-och-reservdelar\/","og_locale":"sv_SE","og_type":"article","og_title":"Manualer och reservdelar","og_description":"MANUALER J\u00e4rnh\u00e4sten Essence J\u00e4rnh\u00e4sten Flex 2 \u00a0Manual till J\u00e4rnh\u00e4st Classic &amp; Flex SWE 2015- \u00a0Manual The Ironhorse Classic &amp; Flex ENG 2015- \u00a0Manual The Ironhorse Classic &amp; Flex GER 2015- \u00a0Manual The Ironhorse Classic &amp; Flex SPA 2015- \u00a0Manual till J\u00e4rnh\u00e4st SWE 2005-2015 \u00a0Manual The Ironhorse ENG 2005-2015 \u00a0Manual The Ironhorse GER 2005-2015 \u00a0Rautahepo-k\u00e4ytt\u00f6ohje FI [&hellip;]","og_url":"https:\/\/bohena.se\/jarnhasten\/manualer-och-reservdelar\/","og_site_name":"J\u00c4RNH\u00c4STEN","article_publisher":"https:\/\/www.facebook.com\/jarnhast\/","article_modified_time":"2023-01-09T16:01:14+00:00","og_image":[{"url":"http:\/\/media.lennartsfors.com\/2017\/11\/JH-Flex-2090PW-HI-Skogsutrustad-150x150.png","type":"","width":"","height":""}],"twitter_card":"summary_large_image","twitter_misc":{"Ber\u00e4knad l\u00e4stid":"5 minuter"},"schema":{"@context":"https:\/\/schema.org","@graph":[{"@type":"WebPage","@id":"https:\/\/bohena.se\/jarnhasten\/manualer-och-reservdelar\/","url":"https:\/\/bohena.se\/jarnhasten\/manualer-och-reservdelar\/","name":"Manualer och reservdelar - J\u00c4RNH\u00c4STEN","isPartOf":{"@id":"https:\/\/bohena.se\/jarnhasten\/#website"},"primaryImageOfPage":{"@id":"https:\/\/bohena.se\/jarnhasten\/manualer-och-reservdelar\/#primaryimage"},"image":{"@id":"https:\/\/bohena.se\/jarnhasten\/manualer-och-reservdelar\/#primaryimage"},"thumbnailUrl":"http:\/\/media.lennartsfors.com\/2017\/11\/JH-Flex-2090PW-HI-Skogsutrustad-150x150.png","datePublished":"2020-01-18T22:54:25+00:00","dateModified":"2023-01-09T16:01:14+00:00","breadcrumb":{"@id":"https:\/\/bohena.se\/jarnhasten\/manualer-och-reservdelar\/#breadcrumb"},"inLanguage":"sv-SE","potentialAction":[{"@type":"ReadAction","target":["https:\/\/bohena.se\/jarnhasten\/manualer-och-reservdelar\/"]}]},{"@type":"ImageObject","inLanguage":"sv-SE","@id":"https:\/\/bohena.se\/jarnhasten\/manualer-och-reservdelar\/#primaryimage","url":"http:\/\/media.lennartsfors.com\/2017\/11\/JH-Flex-2090PW-HI-Skogsutrustad-150x150.png","contentUrl":"http:\/\/media.lennartsfors.com\/2017\/11\/JH-Flex-2090PW-HI-Skogsutrustad-150x150.png"},{"@type":"BreadcrumbList","@id":"https:\/\/bohena.se\/jarnhasten\/manualer-och-reservdelar\/#breadcrumb","itemListElement":[{"@type":"ListItem","position":1,"name":"Home","item":"https:\/\/bohena.se\/jarnhasten\/"},{"@type":"ListItem","position":2,"name":"Manualer och reservdelar"}]},{"@type":"WebSite","@id":"https:\/\/bohena.se\/jarnhasten\/#website","url":"https:\/\/bohena.se\/jarnhasten\/","name":"J\u00e4rnH\u00e4sten","description":"bandtrucken f\u00f6r transport i terr\u00e4ng och p\u00e5 v\u00e4g","publisher":{"@id":"https:\/\/bohena.se\/jarnhasten\/#organization"},"potentialAction":[{"@type":"SearchAction","target":{"@type":"EntryPoint","urlTemplate":"https:\/\/bohena.se\/jarnhasten\/?s={search_term_string}"},"query-input":{"@type":"PropertyValueSpecification","valueRequired":true,"valueName":"search_term_string"}}],"inLanguage":"sv-SE"},{"@type":"Organization","@id":"https:\/\/bohena.se\/jarnhasten\/#organization","name":"Bohena AB","url":"https:\/\/bohena.se\/jarnhasten\/","logo":{"@type":"ImageObject","inLanguage":"sv-SE","@id":"https:\/\/bohena.se\/jarnhasten\/#\/schema\/logo\/image\/","url":"https:\/\/i2.wp.com\/bohena.se\/jarnhasten\/wp-content\/uploads\/2020\/02\/Bohena_s21.jpg?fit=741%2C86&ssl=1","contentUrl":"https:\/\/i2.wp.com\/bohena.se\/jarnhasten\/wp-content\/uploads\/2020\/02\/Bohena_s21.jpg?fit=741%2C86&ssl=1","width":741,"height":86,"caption":"Bohena AB"},"image":{"@id":"https:\/\/bohena.se\/jarnhasten\/#\/schema\/logo\/image\/"},"sameAs":["https:\/\/www.facebook.com\/jarnhast\/","https:\/\/www.youtube.com\/channel\/UC8C4nMoD2GBxcCJCIXo9EWA"]}]}},"jetpack_sharing_enabled":true,"_links":{"self":[{"href":"https:\/\/bohena.se\/jarnhasten\/wp-json\/wp\/v2\/pages\/926","targetHints":{"allow":["GET"]}}],"collection":[{"href":"https:\/\/bohena.se\/jarnhasten\/wp-json\/wp\/v2\/pages"}],"about":[{"href":"https:\/\/bohena.se\/jarnhasten\/wp-json\/wp\/v2\/types\/page"}],"author":[{"embeddable":true,"href":"https:\/\/bohena.se\/jarnhasten\/wp-json\/wp\/v2\/users\/1"}],"replies":[{"embeddable":true,"href":"https:\/\/bohena.se\/jarnhasten\/wp-json\/wp\/v2\/comments?post=926"}],"version-history":[{"count":16,"href":"https:\/\/bohena.se\/jarnhasten\/wp-json\/wp\/v2\/pages\/926\/revisions"}],"predecessor-version":[{"id":2510,"href":"https:\/\/bohena.se\/jarnhasten\/wp-json\/wp\/v2\/pages\/926\/revisions\/2510"}],"wp:attachment":[{"href":"https:\/\/bohena.se\/jarnhasten\/wp-json\/wp\/v2\/media?parent=926"}],"curies":[{"name":"wp","href":"https:\/\/api.w.org\/{rel}","templated":true}]}}